{"id":22721,"date":"2025-05-06T12:04:07","date_gmt":"2025-05-06T19:04:07","guid":{"rendered":"https:\/\/techmasterdemexico.com\/?page_id=22721"},"modified":"2025-05-06T12:19:21","modified_gmt":"2025-05-06T19:19:21","slug":"3ra-colecta-de-juguetes-techmaster-2","status":"publish","type":"page","link":"https:\/\/techmasterdemexico.com\/en\/techmastercares\/3ra-colecta-de-juguetes-techmaster-2\/","title":{"rendered":"3ra Colecta de Juguetes Techmaster"},"content":{"rendered":"<div class=\"row\" style=\"margin: auto; max-width: 800px;\">\n<div class=\"col-md-12 mb-5\"><img decoding=\"async\" style=\"width: 100%;\" src=\"http:\/\/techmasterdemexico.com\/wp-content\/uploads\/Tercera-colecta-de-juguetes_2025.png\" \/><\/div>\n<div class=\"col-md-7\">\n<p>Por tercer a\u00f1o consecutivo, en Techmaster de M\u00e9xico realizamos nuestra colecta de juguetes con motivo del D\u00eda del Ni\u00f1o.<\/p>\n<p>&nbsp;<\/p>\n<p>En esta ocasi\u00f3n, visitamos Monte de Dios Casa Hogar, donde compartimos un momento especial con los ni\u00f1os, llev\u00e1ndoles alegr\u00eda a trav\u00e9s de juegos, sonrisas y regalos.<\/p>\n<p>&nbsp;<\/p>\n<p>Adem\u00e1s de juguetes, entregamos alimentos y art\u00edculos de primera necesidad, buscando brindarles un d\u00eda lleno de cari\u00f1o y bienestar.<\/p>\n<p>Cada peque\u00f1o gesto cuenta, y ver sus rostros iluminados nos recuerda la importancia de dar con el coraz\u00f3n.<\/p>\n<p>&nbsp;<\/p>\n<p>Gracias a quienes hicieron posible esta experiencia. \ud83d\udc99<\/p>\n<\/div>\n<div class=\"col-md-5\">\n<img decoding=\"async\" style=\"width: 100%;\" src=\"http:\/\/techmasterdemexico.com\/wp-content\/uploads\/1-1.jpg\" \/><br \/>\n<img decoding=\"async\" style=\"width: 100%;\" src=\"http:\/\/techmasterdemexico.com\/wp-content\/uploads\/2-1.jpg\" \/><br \/>\n<img decoding=\"async\" style=\"width: 100%;\" src=\"http:\/\/techmasterdemexico.com\/wp-content\/uploads\/3-1.jpg\" \/><br \/>\n<img decoding=\"async\" style=\"width: 100%;\" src=\"http:\/\/techmasterdemexico.com\/wp-content\/uploads\/4.jpg\" \/><\/div>\n<\/div>\n","protected":false},"excerpt":{"rendered":"<p>Por tercer a\u00f1o consecutivo, en Techmaster de M\u00e9xico realizamos nuestra colecta de juguetes con motivo del D\u00eda del Ni\u00f1o. &nbsp; En esta ocasi\u00f3n, visitamos Monte de Dios Casa Hogar, donde compartimos un momento especial con los ni\u00f1os, llev\u00e1ndoles alegr\u00eda a trav\u00e9s de juegos, sonrisas y regalos. &nbsp; Adem\u00e1s de juguetes, entregamos alimentos y art\u00edculos de [&hellip;]<\/p>\n","protected":false},"author":1,"featured_media":0,"parent":20146,"menu_order":0,"comment_status":"closed","ping_status":"closed","template":"template-nosidebar.php","meta":{"_acf_changed":false,"footnotes":""},"class_list":["post-22721","page","type-page","status-publish","hentry"],"acf":[],"yoast_head":"<!-- This site is optimized with the Yoast SEO plugin v27.3 - https:\/\/yoast.com\/product\/yoast-seo-wordpress\/ -->\n<title>3ra Colecta de Juguetes Techmaster - Techmaster de Mexico<\/title>\n<meta name=\"robots\" content=\"index, follow, max-snippet:-1, max-image-preview:large, max-video-preview:-1\" \/>\n<link rel=\"canonical\" href=\"https:\/\/techmasterdemexico.com\/techmastercares\/3ra-colecta-de-juguetes-techmaster-2\/\" \/>\n<meta property=\"og:locale\" content=\"en_US\" \/>\n<meta property=\"og:type\" content=\"article\" \/>\n<meta property=\"og:title\" content=\"3ra Colecta de Juguetes Techmaster - Techmaster de Mexico\" \/>\n<meta property=\"og:description\" content=\"Por tercer a\u00f1o consecutivo, en Techmaster de M\u00e9xico realizamos nuestra colecta de juguetes con motivo del D\u00eda del Ni\u00f1o. &nbsp; En esta ocasi\u00f3n, visitamos Monte de Dios Casa Hogar, donde compartimos un momento especial con los ni\u00f1os, llev\u00e1ndoles alegr\u00eda a trav\u00e9s de juegos, sonrisas y regalos. &nbsp; Adem\u00e1s de juguetes, entregamos alimentos y art\u00edculos de [&hellip;]\" \/>\n<meta property=\"og:url\" content=\"https:\/\/techmasterdemexico.com\/techmastercares\/3ra-colecta-de-juguetes-techmaster-2\/\" \/>\n<meta property=\"og:site_name\" content=\"Techmaster de Mexico\" \/>\n<meta property=\"article:modified_time\" content=\"2025-05-06T19:19:21+00:00\" \/>\n<meta property=\"og:image\" content=\"http:\/\/techmasterdemexico.com\/wp-content\/uploads\/Tercera-colecta-de-juguetes_2025.png\" \/>\n<meta name=\"twitter:card\" content=\"summary_large_image\" \/>\n<meta name=\"twitter:label1\" content=\"Est. reading time\" \/>\n\t<meta name=\"twitter:data1\" content=\"2 minutes\" \/>\n<script type=\"application\/ld+json\" class=\"yoast-schema-graph\">{\"@context\":\"https:\\\/\\\/schema.org\",\"@graph\":[{\"@type\":\"WebPage\",\"@id\":\"https:\\\/\\\/techmasterdemexico.com\\\/techmastercares\\\/3ra-colecta-de-juguetes-techmaster-2\\\/\",\"url\":\"https:\\\/\\\/techmasterdemexico.com\\\/techmastercares\\\/3ra-colecta-de-juguetes-techmaster-2\\\/\",\"name\":\"3ra Colecta de Juguetes Techmaster - Techmaster de Mexico\",\"isPartOf\":{\"@id\":\"https:\\\/\\\/techmasterdemexico.com\\\/#website\"},\"primaryImageOfPage\":{\"@id\":\"https:\\\/\\\/techmasterdemexico.com\\\/techmastercares\\\/3ra-colecta-de-juguetes-techmaster-2\\\/#primaryimage\"},\"image\":{\"@id\":\"https:\\\/\\\/techmasterdemexico.com\\\/techmastercares\\\/3ra-colecta-de-juguetes-techmaster-2\\\/#primaryimage\"},\"thumbnailUrl\":\"http:\\\/\\\/techmasterdemexico.com\\\/wp-content\\\/uploads\\\/Tercera-colecta-de-juguetes_2025.png\",\"datePublished\":\"2025-05-06T19:04:07+00:00\",\"dateModified\":\"2025-05-06T19:19:21+00:00\",\"breadcrumb\":{\"@id\":\"https:\\\/\\\/techmasterdemexico.com\\\/techmastercares\\\/3ra-colecta-de-juguetes-techmaster-2\\\/#breadcrumb\"},\"inLanguage\":\"en-US\",\"potentialAction\":[{\"@type\":\"ReadAction\",\"target\":[\"https:\\\/\\\/techmasterdemexico.com\\\/techmastercares\\\/3ra-colecta-de-juguetes-techmaster-2\\\/\"]}]},{\"@type\":\"ImageObject\",\"inLanguage\":\"en-US\",\"@id\":\"https:\\\/\\\/techmasterdemexico.com\\\/techmastercares\\\/3ra-colecta-de-juguetes-techmaster-2\\\/#primaryimage\",\"url\":\"http:\\\/\\\/techmasterdemexico.com\\\/wp-content\\\/uploads\\\/Tercera-colecta-de-juguetes_2025.png\",\"contentUrl\":\"http:\\\/\\\/techmasterdemexico.com\\\/wp-content\\\/uploads\\\/Tercera-colecta-de-juguetes_2025.png\"},{\"@type\":\"BreadcrumbList\",\"@id\":\"https:\\\/\\\/techmasterdemexico.com\\\/techmastercares\\\/3ra-colecta-de-juguetes-techmaster-2\\\/#breadcrumb\",\"itemListElement\":[{\"@type\":\"ListItem\",\"position\":1,\"name\":\"Portada\",\"item\":\"https:\\\/\\\/techmasterdemexico.com\\\/\"},{\"@type\":\"ListItem\",\"position\":2,\"name\":\"TechmasterCares\",\"item\":\"https:\\\/\\\/techmasterdemexico.com\\\/techmastercares\\\/\"},{\"@type\":\"ListItem\",\"position\":3,\"name\":\"3ra Colecta de Juguetes Techmaster\"}]},{\"@type\":\"WebSite\",\"@id\":\"https:\\\/\\\/techmasterdemexico.com\\\/#website\",\"url\":\"https:\\\/\\\/techmasterdemexico.com\\\/\",\"name\":\"Techmaster de Mexico\",\"description\":\"\",\"potentialAction\":[{\"@type\":\"SearchAction\",\"target\":{\"@type\":\"EntryPoint\",\"urlTemplate\":\"https:\\\/\\\/techmasterdemexico.com\\\/?s={search_term_string}\"},\"query-input\":{\"@type\":\"PropertyValueSpecification\",\"valueRequired\":true,\"valueName\":\"search_term_string\"}}],\"inLanguage\":\"en-US\"}]}<\/script>\n<!-- \/ Yoast SEO plugin. -->","yoast_head_json":{"title":"3ra Colecta de Juguetes Techmaster - Techmaster de Mexico","robots":{"index":"index","follow":"follow","max-snippet":"max-snippet:-1","max-image-preview":"max-image-preview:large","max-video-preview":"max-video-preview:-1"},"canonical":"https:\/\/techmasterdemexico.com\/techmastercares\/3ra-colecta-de-juguetes-techmaster-2\/","og_locale":"en_US","og_type":"article","og_title":"3ra Colecta de Juguetes Techmaster - Techmaster de Mexico","og_description":"Por tercer a\u00f1o consecutivo, en Techmaster de M\u00e9xico realizamos nuestra colecta de juguetes con motivo del D\u00eda del Ni\u00f1o. &nbsp; En esta ocasi\u00f3n, visitamos Monte de Dios Casa Hogar, donde compartimos un momento especial con los ni\u00f1os, llev\u00e1ndoles alegr\u00eda a trav\u00e9s de juegos, sonrisas y regalos. &nbsp; Adem\u00e1s de juguetes, entregamos alimentos y art\u00edculos de [&hellip;]","og_url":"https:\/\/techmasterdemexico.com\/techmastercares\/3ra-colecta-de-juguetes-techmaster-2\/","og_site_name":"Techmaster de Mexico","article_modified_time":"2025-05-06T19:19:21+00:00","og_image":[{"url":"http:\/\/techmasterdemexico.com\/wp-content\/uploads\/Tercera-colecta-de-juguetes_2025.png","type":"","width":"","height":""}],"twitter_card":"summary_large_image","twitter_misc":{"Est. reading time":"2 minutes"},"schema":{"@context":"https:\/\/schema.org","@graph":[{"@type":"WebPage","@id":"https:\/\/techmasterdemexico.com\/techmastercares\/3ra-colecta-de-juguetes-techmaster-2\/","url":"https:\/\/techmasterdemexico.com\/techmastercares\/3ra-colecta-de-juguetes-techmaster-2\/","name":"3ra Colecta de Juguetes Techmaster - Techmaster de Mexico","isPartOf":{"@id":"https:\/\/techmasterdemexico.com\/#website"},"primaryImageOfPage":{"@id":"https:\/\/techmasterdemexico.com\/techmastercares\/3ra-colecta-de-juguetes-techmaster-2\/#primaryimage"},"image":{"@id":"https:\/\/techmasterdemexico.com\/techmastercares\/3ra-colecta-de-juguetes-techmaster-2\/#primaryimage"},"thumbnailUrl":"http:\/\/techmasterdemexico.com\/wp-content\/uploads\/Tercera-colecta-de-juguetes_2025.png","datePublished":"2025-05-06T19:04:07+00:00","dateModified":"2025-05-06T19:19:21+00:00","breadcrumb":{"@id":"https:\/\/techmasterdemexico.com\/techmastercares\/3ra-colecta-de-juguetes-techmaster-2\/#breadcrumb"},"inLanguage":"en-US","potentialAction":[{"@type":"ReadAction","target":["https:\/\/techmasterdemexico.com\/techmastercares\/3ra-colecta-de-juguetes-techmaster-2\/"]}]},{"@type":"ImageObject","inLanguage":"en-US","@id":"https:\/\/techmasterdemexico.com\/techmastercares\/3ra-colecta-de-juguetes-techmaster-2\/#primaryimage","url":"http:\/\/techmasterdemexico.com\/wp-content\/uploads\/Tercera-colecta-de-juguetes_2025.png","contentUrl":"http:\/\/techmasterdemexico.com\/wp-content\/uploads\/Tercera-colecta-de-juguetes_2025.png"},{"@type":"BreadcrumbList","@id":"https:\/\/techmasterdemexico.com\/techmastercares\/3ra-colecta-de-juguetes-techmaster-2\/#breadcrumb","itemListElement":[{"@type":"ListItem","position":1,"name":"Portada","item":"https:\/\/techmasterdemexico.com\/"},{"@type":"ListItem","position":2,"name":"TechmasterCares","item":"https:\/\/techmasterdemexico.com\/techmastercares\/"},{"@type":"ListItem","position":3,"name":"3ra Colecta de Juguetes Techmaster"}]},{"@type":"WebSite","@id":"https:\/\/techmasterdemexico.com\/#website","url":"https:\/\/techmasterdemexico.com\/","name":"Techmaster de Mexico","description":"","potentialAction":[{"@type":"SearchAction","target":{"@type":"EntryPoint","urlTemplate":"https:\/\/techmasterdemexico.com\/?s={search_term_string}"},"query-input":{"@type":"PropertyValueSpecification","valueRequired":true,"valueName":"search_term_string"}}],"inLanguage":"en-US"}]}},"_links":{"self":[{"href":"https:\/\/techmasterdemexico.com\/en\/wp-json\/wp\/v2\/pages\/22721","targetHints":{"allow":["GET"]}}],"collection":[{"href":"https:\/\/techmasterdemexico.com\/en\/wp-json\/wp\/v2\/pages"}],"about":[{"href":"https:\/\/techmasterdemexico.com\/en\/wp-json\/wp\/v2\/types\/page"}],"author":[{"embeddable":true,"href":"https:\/\/techmasterdemexico.com\/en\/wp-json\/wp\/v2\/users\/1"}],"replies":[{"embeddable":true,"href":"https:\/\/techmasterdemexico.com\/en\/wp-json\/wp\/v2\/comments?post=22721"}],"version-history":[{"count":2,"href":"https:\/\/techmasterdemexico.com\/en\/wp-json\/wp\/v2\/pages\/22721\/revisions"}],"predecessor-version":[{"id":22723,"href":"https:\/\/techmasterdemexico.com\/en\/wp-json\/wp\/v2\/pages\/22721\/revisions\/22723"}],"up":[{"embeddable":true,"href":"https:\/\/techmasterdemexico.com\/en\/wp-json\/wp\/v2\/pages\/20146"}],"wp:attachment":[{"href":"https:\/\/techmasterdemexico.com\/en\/wp-json\/wp\/v2\/media?parent=22721"}],"curies":[{"name":"wp","href":"https:\/\/api.w.org\/{rel}","templated":true}]}}