{"id":22708,"date":"2025-05-06T10:34:49","date_gmt":"2025-05-06T17:34:49","guid":{"rendered":"https:\/\/techmasterdemexico.com\/?page_id=22708"},"modified":"2026-04-13T17:19:57","modified_gmt":"2026-04-14T00:19:57","slug":"curso-metrologia-dimensional-digital","status":"publish","type":"page","link":"https:\/\/techmasterdemexico.com\/en\/curso-metrologia-dimensional-digital\/","title":{"rendered":"Curso Metrolog\u00eda Dimensional Digital"},"content":{"rendered":"<div style=\"max-width: 628px; margin: auto; font-size: 18px;\">\n<center><br \/>\n<img decoding=\"async\" class=\"img-fluid\" style=\"max-width: 450px; width: 100%;\" src=\"https:\/\/techmasterdemexico.com\/wp-content\/uploads\/Techmaster_Curso-MitutoyoMEDID_Banner-Web.png\"><br \/>\n<\/center><\/p>\n<h2 class=\"mb-4\" align=\"center\"><b>Metrolog\u00eda dimensional con instrumentos digitales. (MEDID) <\/b><\/h2>\n<div style=\"max-width: 628px; margin: auto;\">\n<p style=\"text-align: center;\"><a class=\"btn\" style=\"text-decoration: none; font-size: 25px !important;\" href=\"https:\/\/techmasterdemexico.com\/wp-content\/uploads\/Techmaster_Curso-Mitutoyo_Programa-MEDID_Precio.pdf\" target=\"_blank\" rel=\"noopener\">Programa completo<\/a><\/p>\n<div class=\"row mt-1 mb-3\"><\/div>\n<p class=\"strong\" style=\"text-align: center;\">En este curso en l\u00ednea conocer\u00e1s:<\/p>\n<p style=\"text-align: center;\">&gt;&gt; <span style=\"color: #ff7600;\">Definiciones, principios y s\u00edmbolos de dimensionado.<\/span><br \/>\n&gt;&gt; <span style=\"color: #ff7600;\"> Instrumentos electr\u00f3nicos. Introducci\u00f3n sensores de posici\u00f3n <\/span><br \/>\n&gt;&gt; <span style=\"color: #ff7600;\"> Cuidados que requieren instrumentos digitales<\/span><br \/>\n&gt;&gt; <span style=\"color: #ff7600;\"> Funciones b\u00e1sicas de instrumentos digitales: encendido\/apagado, fijado del cero, fijado del origen, prefijado, restauraci\u00f3n del origen (regreso al modo ABS), selecci\u00f3n pulg\/mm, cambio de direcci\u00f3n, modo mantener, modo mantener pico, medici\u00f3n de cabeceo (TIR), fijado de tolerancia y juicio pasa\/no pasa, salida de datos, alarma de lectura err\u00f3nea, control remoto.<\/span><br \/>\n&gt;&gt; <span style=\"color: #ff7600;\"> Usos del indicador, usos generales, medidores de alturas<\/span><br \/>\n&gt;&gt; <span style=\"color: #ff7600;\"> Los instrumentos digitales y el control estad\u00edstico del proceso<\/span><br \/>\n&gt;&gt; <span style=\"color: #ff7600;\"> Caracter\u00edsticas especiales: Sistema absoluto, c\u00f3digos de protecci\u00f3n IP, marca CE, directivas ROHS y WEEE, elecci\u00f3n del instrumento adecuado<\/span><br \/>\n&gt;&gt; <span style=\"color: #ff7600;\"> Mesas de planitud. Historia, mesas de granito, recomendaciones, accesorios, aplicaciones, verificaci\u00f3n, accesorios de granito<\/span><br \/>\n&gt;&gt; <span style=\"color: #ff7600;\"> Introducci\u00f3n a la medici\u00f3n de rugosidad<\/span><br \/>\n&gt;&gt; <span style=\"color: #ff7600;\"> Introducci\u00f3n, definici\u00f3n de par\u00e1metros b\u00e1sicos, indicaci\u00f3n del acabado superficial<\/span><br \/>\n<span style=\"color: #ff7600;\">\u00a1Y m\u00e1s!<\/span><\/p>\n<p>&nbsp;<\/p>\n<p>&nbsp;<br \/>\n<center><\/p>\n<p class=\"strong\" style=\"margin-bottom: 0px;\">\u00bfD\u00f3nde y cu\u00e1ndo se impartir\u00e1 este curso?<\/p>\n<p style=\"margin-bottom: 0px; color: #ff7600;\"><span style=\"display: inline-flex;\"><img decoding=\"async\" style=\"height: 20px;\" src=\"http:\/\/techmasterdemexico.com\/wp-content\/uploads\/icono-calendario.png\" \/> 27 y 28 de mayo, 2026<\/span><\/p>\n<p style=\"margin-bottom: 0px; color: #ff7600;\"><span style=\"display: inline-flex;\"><img decoding=\"async\" style=\"height: 20px;\" src=\"http:\/\/techmasterdemexico.com\/wp-content\/uploads\/icono-reloj.png\" \/> 8:30 am \u2013 5:30 pm<\/span><\/p>\n<p style=\"margin-bottom: 0px; color: #ff7600;\"><span style=\"display: inline-flex;\"><img decoding=\"async\" style=\"height: 20px;\" src=\"http:\/\/techmasterdemexico.com\/wp-content\/uploads\/icono-duracion.png\" \/> Duraci\u00f3n 16 horas.<\/span><\/p>\n<p style=\"margin-bottom: 0px; color: #ff7600;\"><span style=\"display: inline-flex;\"><img decoding=\"async\" style=\"height: 20px;\" src=\"http:\/\/techmasterdemexico.com\/wp-content\/uploads\/icono-ubicacion.png\" \/> Modalidad Online: Al registrarse se enviar\u00e1 un enlace con el acceso.<\/span><\/p>\n<p><\/center><br \/>\n&nbsp;<\/p>\n<p style=\"text-align: center;\"><span class=\"strong\">Incluye:<\/span><br \/>\n&gt;&gt; <span style=\"color: #ff7600;\">Kit de bienvenida.<\/span><br \/>\n&gt;&gt; <span style=\"color: #ff7600;\">Diploma de participaci\u00f3n.<\/span><br \/>\n&gt;&gt; <span style=\"color: #ff7600;\">Entrega de material did\u00e1ctico.<\/span><br \/>\n&gt;&gt; <span style=\"color: #ff7600;\">Cuenta con valor curricular STPS.<\/span><\/p>\n<p>&nbsp;<\/p>\n<h3 style=\"text-align: center;\">Costo de inscripci\u00f3n: $8,200.00 MXN + IVA<\/h3>\n<\/div>\n<\/div>\n<h4 align=\"center\"><\/h4>\n<p>&nbsp;<\/p>\n<div style=\"max-width: 628px; margin: auto; font-size: 18px;\">\n<div style=\"max-width: 628px; margin: auto;\">\n<h4 style=\"color: #0432a0; font-size: 23px; margin-bottom: 20px;\" align=\"center\">Cotiza con nosotros<\/h4>\n<h4 style=\"color: #0432a0; font-size: 20px;\" align=\"center\">\ud83d\udcde<a class=\"strong\" style=\"color: #0432a0;\" href=\"tel:+528007329874\" target=\"_blank\" rel=\"noopener\">800 732 9874<\/a><\/h4>\n<h4 style=\"color: #0432a0; font-size: 20px;\" align=\"center\">\u2709\ufe0f<a class=\"strong\" style=\"color: #0432a0;\" href=\"mailto:contacto@techmaster.us\" target=\"_blank\" rel=\"noopener\">contacto@techmaster.us<\/a><\/h4>\n<h4 style=\"color: #0432a0; font-size: 20px; text-align: center;\" align=\"center\"><a class=\"strong\" style=\"display: inline-flex; color: #0432a0;\" href=\"https:\/\/api.whatsapp.com\/send\/?phone=526643875607&amp;app_absent=0\" target=\"_blank\" rel=\"noopener\"><br \/>\n<img decoding=\"async\" style=\"height: 25px;\" src=\"https:\/\/techmasterdemexico.com\/wp-content\/themes\/techmastermexico\/assets\/images\/logos\/icn_whatsapp.png\" alt=\"Whatsapp\" \/> +52 664 387 5607<\/a><\/h4>\n<\/div>\n<style>\np{<br \/>font-size: 17px; line-height: 1.1;<br \/>color:#0432A0;}<br \/><\/style>\n<\/div>\n","protected":false},"excerpt":{"rendered":"<p>Metrolog\u00eda dimensional con instrumentos digitales. (MEDID) Programa completo En este curso en l\u00ednea conocer\u00e1s: &gt;&gt; Definiciones, principios y s\u00edmbolos de dimensionado. &gt;&gt; Instrumentos electr\u00f3nicos. Introducci\u00f3n sensores de posici\u00f3n &gt;&gt; Cuidados que requieren instrumentos digitales &gt;&gt; Funciones b\u00e1sicas de instrumentos digitales: encendido\/apagado, fijado del cero, fijado del origen, prefijado, restauraci\u00f3n del origen (regreso al modo ABS), [&hellip;]<\/p>\n","protected":false},"author":1,"featured_media":0,"parent":0,"menu_order":0,"comment_status":"closed","ping_status":"closed","template":"template-nosidebar.php","meta":{"_acf_changed":false,"footnotes":""},"class_list":["post-22708","page","type-page","status-publish","hentry"],"acf":[],"yoast_head":"<!-- This site is optimized with the Yoast SEO plugin v27.3 - https:\/\/yoast.com\/product\/yoast-seo-wordpress\/ -->\n<title>Curso Metrolog\u00eda Dimensional Digital - Techmaster de Mexico<\/title>\n<meta name=\"robots\" content=\"index, follow, max-snippet:-1, max-image-preview:large, max-video-preview:-1\" \/>\n<link rel=\"canonical\" href=\"https:\/\/techmasterdemexico.com\/curso-metrologia-dimensional-digital\/\" \/>\n<meta property=\"og:locale\" content=\"en_US\" \/>\n<meta property=\"og:type\" content=\"article\" \/>\n<meta property=\"og:title\" content=\"Curso Metrolog\u00eda Dimensional Digital - Techmaster de Mexico\" \/>\n<meta property=\"og:description\" content=\"Metrolog\u00eda dimensional con instrumentos digitales. (MEDID) Programa completo En este curso en l\u00ednea conocer\u00e1s: &gt;&gt; Definiciones, principios y s\u00edmbolos de dimensionado. &gt;&gt; Instrumentos electr\u00f3nicos. Introducci\u00f3n sensores de posici\u00f3n &gt;&gt; Cuidados que requieren instrumentos digitales &gt;&gt; Funciones b\u00e1sicas de instrumentos digitales: encendido\/apagado, fijado del cero, fijado del origen, prefijado, restauraci\u00f3n del origen (regreso al modo ABS), [&hellip;]\" \/>\n<meta property=\"og:url\" content=\"https:\/\/techmasterdemexico.com\/curso-metrologia-dimensional-digital\/\" \/>\n<meta property=\"og:site_name\" content=\"Techmaster de Mexico\" \/>\n<meta property=\"article:modified_time\" content=\"2026-04-14T00:19:57+00:00\" \/>\n<meta property=\"og:image\" content=\"https:\/\/techmasterdemexico.com\/wp-content\/uploads\/Techmaster_Curso-MitutoyoMEDID_Banner-Web.png\" \/>\n<meta name=\"twitter:card\" content=\"summary_large_image\" \/>\n<meta name=\"twitter:label1\" content=\"Est. reading time\" \/>\n\t<meta name=\"twitter:data1\" content=\"4 minutes\" \/>\n<script type=\"application\/ld+json\" class=\"yoast-schema-graph\">{\"@context\":\"https:\\\/\\\/schema.org\",\"@graph\":[{\"@type\":\"WebPage\",\"@id\":\"https:\\\/\\\/techmasterdemexico.com\\\/curso-metrologia-dimensional-digital\\\/\",\"url\":\"https:\\\/\\\/techmasterdemexico.com\\\/curso-metrologia-dimensional-digital\\\/\",\"name\":\"Curso Metrolog\u00eda Dimensional Digital - Techmaster de Mexico\",\"isPartOf\":{\"@id\":\"https:\\\/\\\/techmasterdemexico.com\\\/#website\"},\"primaryImageOfPage\":{\"@id\":\"https:\\\/\\\/techmasterdemexico.com\\\/curso-metrologia-dimensional-digital\\\/#primaryimage\"},\"image\":{\"@id\":\"https:\\\/\\\/techmasterdemexico.com\\\/curso-metrologia-dimensional-digital\\\/#primaryimage\"},\"thumbnailUrl\":\"https:\\\/\\\/techmasterdemexico.com\\\/wp-content\\\/uploads\\\/Techmaster_Curso-MitutoyoMEDID_Banner-Web.png\",\"datePublished\":\"2025-05-06T17:34:49+00:00\",\"dateModified\":\"2026-04-14T00:19:57+00:00\",\"breadcrumb\":{\"@id\":\"https:\\\/\\\/techmasterdemexico.com\\\/curso-metrologia-dimensional-digital\\\/#breadcrumb\"},\"inLanguage\":\"en-US\",\"potentialAction\":[{\"@type\":\"ReadAction\",\"target\":[\"https:\\\/\\\/techmasterdemexico.com\\\/curso-metrologia-dimensional-digital\\\/\"]}]},{\"@type\":\"ImageObject\",\"inLanguage\":\"en-US\",\"@id\":\"https:\\\/\\\/techmasterdemexico.com\\\/curso-metrologia-dimensional-digital\\\/#primaryimage\",\"url\":\"https:\\\/\\\/techmasterdemexico.com\\\/wp-content\\\/uploads\\\/Techmaster_Curso-MitutoyoMEDID_Banner-Web.png\",\"contentUrl\":\"https:\\\/\\\/techmasterdemexico.com\\\/wp-content\\\/uploads\\\/Techmaster_Curso-MitutoyoMEDID_Banner-Web.png\"},{\"@type\":\"BreadcrumbList\",\"@id\":\"https:\\\/\\\/techmasterdemexico.com\\\/curso-metrologia-dimensional-digital\\\/#breadcrumb\",\"itemListElement\":[{\"@type\":\"ListItem\",\"position\":1,\"name\":\"Portada\",\"item\":\"https:\\\/\\\/techmasterdemexico.com\\\/\"},{\"@type\":\"ListItem\",\"position\":2,\"name\":\"Curso Metrolog\u00eda Dimensional Digital\"}]},{\"@type\":\"WebSite\",\"@id\":\"https:\\\/\\\/techmasterdemexico.com\\\/#website\",\"url\":\"https:\\\/\\\/techmasterdemexico.com\\\/\",\"name\":\"Techmaster de Mexico\",\"description\":\"\",\"potentialAction\":[{\"@type\":\"SearchAction\",\"target\":{\"@type\":\"EntryPoint\",\"urlTemplate\":\"https:\\\/\\\/techmasterdemexico.com\\\/?s={search_term_string}\"},\"query-input\":{\"@type\":\"PropertyValueSpecification\",\"valueRequired\":true,\"valueName\":\"search_term_string\"}}],\"inLanguage\":\"en-US\"}]}<\/script>\n<!-- \/ Yoast SEO plugin. -->","yoast_head_json":{"title":"Curso Metrolog\u00eda Dimensional Digital - Techmaster de Mexico","robots":{"index":"index","follow":"follow","max-snippet":"max-snippet:-1","max-image-preview":"max-image-preview:large","max-video-preview":"max-video-preview:-1"},"canonical":"https:\/\/techmasterdemexico.com\/curso-metrologia-dimensional-digital\/","og_locale":"en_US","og_type":"article","og_title":"Curso Metrolog\u00eda Dimensional Digital - Techmaster de Mexico","og_description":"Metrolog\u00eda dimensional con instrumentos digitales. (MEDID) Programa completo En este curso en l\u00ednea conocer\u00e1s: &gt;&gt; Definiciones, principios y s\u00edmbolos de dimensionado. &gt;&gt; Instrumentos electr\u00f3nicos. Introducci\u00f3n sensores de posici\u00f3n &gt;&gt; Cuidados que requieren instrumentos digitales &gt;&gt; Funciones b\u00e1sicas de instrumentos digitales: encendido\/apagado, fijado del cero, fijado del origen, prefijado, restauraci\u00f3n del origen (regreso al modo ABS), [&hellip;]","og_url":"https:\/\/techmasterdemexico.com\/curso-metrologia-dimensional-digital\/","og_site_name":"Techmaster de Mexico","article_modified_time":"2026-04-14T00:19:57+00:00","og_image":[{"url":"https:\/\/techmasterdemexico.com\/wp-content\/uploads\/Techmaster_Curso-MitutoyoMEDID_Banner-Web.png","type":"","width":"","height":""}],"twitter_card":"summary_large_image","twitter_misc":{"Est. reading time":"4 minutes"},"schema":{"@context":"https:\/\/schema.org","@graph":[{"@type":"WebPage","@id":"https:\/\/techmasterdemexico.com\/curso-metrologia-dimensional-digital\/","url":"https:\/\/techmasterdemexico.com\/curso-metrologia-dimensional-digital\/","name":"Curso Metrolog\u00eda Dimensional Digital - Techmaster de Mexico","isPartOf":{"@id":"https:\/\/techmasterdemexico.com\/#website"},"primaryImageOfPage":{"@id":"https:\/\/techmasterdemexico.com\/curso-metrologia-dimensional-digital\/#primaryimage"},"image":{"@id":"https:\/\/techmasterdemexico.com\/curso-metrologia-dimensional-digital\/#primaryimage"},"thumbnailUrl":"https:\/\/techmasterdemexico.com\/wp-content\/uploads\/Techmaster_Curso-MitutoyoMEDID_Banner-Web.png","datePublished":"2025-05-06T17:34:49+00:00","dateModified":"2026-04-14T00:19:57+00:00","breadcrumb":{"@id":"https:\/\/techmasterdemexico.com\/curso-metrologia-dimensional-digital\/#breadcrumb"},"inLanguage":"en-US","potentialAction":[{"@type":"ReadAction","target":["https:\/\/techmasterdemexico.com\/curso-metrologia-dimensional-digital\/"]}]},{"@type":"ImageObject","inLanguage":"en-US","@id":"https:\/\/techmasterdemexico.com\/curso-metrologia-dimensional-digital\/#primaryimage","url":"https:\/\/techmasterdemexico.com\/wp-content\/uploads\/Techmaster_Curso-MitutoyoMEDID_Banner-Web.png","contentUrl":"https:\/\/techmasterdemexico.com\/wp-content\/uploads\/Techmaster_Curso-MitutoyoMEDID_Banner-Web.png"},{"@type":"BreadcrumbList","@id":"https:\/\/techmasterdemexico.com\/curso-metrologia-dimensional-digital\/#breadcrumb","itemListElement":[{"@type":"ListItem","position":1,"name":"Portada","item":"https:\/\/techmasterdemexico.com\/"},{"@type":"ListItem","position":2,"name":"Curso Metrolog\u00eda Dimensional Digital"}]},{"@type":"WebSite","@id":"https:\/\/techmasterdemexico.com\/#website","url":"https:\/\/techmasterdemexico.com\/","name":"Techmaster de Mexico","description":"","potentialAction":[{"@type":"SearchAction","target":{"@type":"EntryPoint","urlTemplate":"https:\/\/techmasterdemexico.com\/?s={search_term_string}"},"query-input":{"@type":"PropertyValueSpecification","valueRequired":true,"valueName":"search_term_string"}}],"inLanguage":"en-US"}]}},"_links":{"self":[{"href":"https:\/\/techmasterdemexico.com\/en\/wp-json\/wp\/v2\/pages\/22708","targetHints":{"allow":["GET"]}}],"collection":[{"href":"https:\/\/techmasterdemexico.com\/en\/wp-json\/wp\/v2\/pages"}],"about":[{"href":"https:\/\/techmasterdemexico.com\/en\/wp-json\/wp\/v2\/types\/page"}],"author":[{"embeddable":true,"href":"https:\/\/techmasterdemexico.com\/en\/wp-json\/wp\/v2\/users\/1"}],"replies":[{"embeddable":true,"href":"https:\/\/techmasterdemexico.com\/en\/wp-json\/wp\/v2\/comments?post=22708"}],"version-history":[{"count":7,"href":"https:\/\/techmasterdemexico.com\/en\/wp-json\/wp\/v2\/pages\/22708\/revisions"}],"predecessor-version":[{"id":35711,"href":"https:\/\/techmasterdemexico.com\/en\/wp-json\/wp\/v2\/pages\/22708\/revisions\/35711"}],"wp:attachment":[{"href":"https:\/\/techmasterdemexico.com\/en\/wp-json\/wp\/v2\/media?parent=22708"}],"curies":[{"name":"wp","href":"https:\/\/api.w.org\/{rel}","templated":true}]}}