{"id":22694,"date":"2025-05-06T16:41:16","date_gmt":"2025-05-06T23:41:16","guid":{"rendered":"https:\/\/techmasterdemexico.com\/?page_id=22694"},"modified":"2025-05-06T16:41:16","modified_gmt":"2025-05-06T23:41:16","slug":"promocion-de-verano-medidor-de-alturas-lh-600f","status":"publish","type":"page","link":"https:\/\/techmasterdemexico.com\/en\/promociones\/promocion-de-verano-medidor-de-alturas-lh-600f\/","title":{"rendered":"Promocion de verano medidor de alturas lh-600f"},"content":{"rendered":"<p>&nbsp;<\/p>\n<div style=\"margin: auto;\">\n<h1 style=\"text-align: center;\"><\/h1>\n<p><img decoding=\"async\" class=\"aligncenter img-fluid\" style=\"margin-bottom: 50px; width: 100%;\" src=\"http:\/\/techmasterdemexico.com\/wp-content\/uploads\/banner-categorias-Medidor-de-alturas-LH-600F.png\" \/><\/p>\n<div style=\"width: 100%; margin: auto;\">\n<p class=\"mb-4\" style=\"text-align: center; font-size: 30px;\">Aprovecha la promoci\u00f3n de primavera de Mitutoyo<\/p>\n<h1 style=\"text-align: center;\"><strong><i>Medidor de alturas<br \/> LH-600F<\/i><\/strong><\/h1>\n<p>&nbsp;<\/p>\n<div class=\"container\">\n<div class=\"row\">\n<div class=\"col-lg-12 text-center\">\n<h3><i>Alta exactitud y operaci\u00f3n sencilla<\/i><\/h3>\n<p style=\"text-align: left;\" class=\"mb-0\"><i class=\"fa fa-check\" aria-hidden=\"true\" style=\"color: #F87601;\"><\/i> Pantalla t\u00e1ctil giratoria.<\/p>\n<p style=\"text-align: left;\" class=\"mb-0\"><i class=\"fa fa-check\" aria-hidden=\"true\" style=\"color: #F87601;\"><\/i> Nueva funci\u00f3n de auto-verificaci\u00f3n.<\/p>\n<p style=\"text-align: left;\" class=\"mb-0\"><i class=\"fa fa-check\" aria-hidden=\"true\" style=\"color: #F87601;\"><\/i> Encoder de alta exactitud m\u00e1s resistente a contaminantes.<\/p>\n<p style=\"text-align: left;\"><i class=\"fa fa-check\" aria-hidden=\"true\" style=\"color: #F87601;\"><\/i> Modo 2D mejorado.<\/p>\n<p>Este equipo est\u00e1 dise\u00f1ado para superar tus expectativas. Ademas, cuenta con una alerta de fecha de calibraci\u00f3n y la capacidad de enviar datos directamente a Excel, ya sea por conexi\u00f3n cableada o inal\u00e1mbrica.<\/p>\n<p class=\"mb-5\" style=\"text-align: left; color: #F87601;\"><i>\u00a1Personaliza tu experiencia con opciones adicionales para transmisi\u00f3n de datos!\u00a0<\/i><\/p>\n<\/div>\n<div class=\"col-lg-12 text-center\">\n<img decoding=\"async\" class=\"img-fuild mb-5\" src=\"http:\/\/techmasterdemexico.com\/wp-content\/uploads\/LH-600F_pantallas.png\">\n<\/div>\n<div class=\"col-lg-12 text-center\">\n<img decoding=\"async\" class=\"img-fuild mb-5\" src=\"http:\/\/techmasterdemexico.com\/wp-content\/uploads\/Precios_Medidor-de-altura-LH-600F.png\">\n<\/div>\n<div class=\"col-lg-12 text-center\">\n<p class=\"mb-4\" style=\"color: #F87601;\"><i>Accesorios para transmision<br \/> de datos<\/i><\/p>\n<\/div>\n<div class=\"col-lg-8 text-right\">\n<img decoding=\"async\" class=\"img-fuild mb-5\" src=\"http:\/\/techmasterdemexico.com\/wp-content\/uploads\/LH-600F_accesorios.png\">\n<\/div>\n<div class=\"col-lg-4 text-center\">\n<img decoding=\"async\" class=\"img-fuild mb-5\" src=\"http:\/\/techmasterdemexico.com\/wp-content\/uploads\/LH-600F_lh-600f.png\">\n<\/div>\n<div class=\"col-lg-12 text-center\">\n<h1 style=\"text-align: center;\"><strong><i>Medidor de alturas<br \/> de alta exactitud<\/i><\/strong><\/h1>\n<h1 style=\"text-align: center; color: #F87601;\"><strong><i>Linear Height LH-600F<\/i><\/strong><\/h1>\n<p>F\u00e1cil operaci\u00f3n y alta exactitud. El nuevo modelo tiene<br \/> funcionamiento intuitivo y una facilidad de uso excepcional,<br \/> as\u00ed como multiples salidad digitales.<\/p>\n<h1 style=\"text-align: center;\"><strong><i>El menor error de su clase \u00b1(1.1+0.6L\/600)\u03bcm<\/i><\/strong><\/h1>\n<\/div>\n<div class=\"col-lg-7 text-center\">\n<h1 style=\"text-align: center; color: #F87601;\"><strong><i>Teclas directas con iconos<\/i><\/strong><\/h1>\n<p><img decoding=\"async\" class=\"img-fuild mb-2\" src=\"http:\/\/techmasterdemexico.com\/wp-content\/uploads\/LH-600F_teclas-directas-con-iconos.png\"><\/p>\n<h1 style=\"text-align: center; color: #F87601;\"><strong><i>Medici\u00f3n en 2D<\/i><\/strong><\/h1>\n<p><img decoding=\"async\" class=\"img-fuild mb-2\" src=\"http:\/\/techmasterdemexico.com\/wp-content\/uploads\/LH-600F_medicion-en-2D.png\"><\/p>\n<h1 style=\"text-align: center; color: #F87601;\"><strong><i>Pantalla t\u00e1ctil con guia<\/i><\/strong><\/h1>\n<p><img decoding=\"async\" class=\"img-fuild mb-2\" src=\"http:\/\/techmasterdemexico.com\/wp-content\/uploads\/LH-600F_medicion-en-2D-copy.png\">\n<\/div>\n<div class=\"col-lg-5 text-center\">\n<img decoding=\"async\" class=\"img-fuild mb-2\" src=\"http:\/\/techmasterdemexico.com\/wp-content\/uploads\/LH-600F.png\">\n<\/div>\n<div class=\"col-lg-12 text-center\">\n<img decoding=\"async\" class=\"img-fuild mt-2 mb-2\" src=\"http:\/\/techmasterdemexico.com\/wp-content\/uploads\/LH-600F-07.png\">\n<\/div>\n<\/div>\n<\/div>\n<\/div>\n<style>\np{\nfont-size: 19px;\n}\n<\/style>\n","protected":false},"excerpt":{"rendered":"<p>&nbsp; Aprovecha la promoci\u00f3n de primavera de Mitutoyo Medidor de alturas LH-600F &nbsp; Alta exactitud y operaci\u00f3n sencilla Pantalla t\u00e1ctil giratoria. Nueva funci\u00f3n de auto-verificaci\u00f3n. Encoder de alta exactitud m\u00e1s resistente a contaminantes. Modo 2D mejorado. Este equipo est\u00e1 dise\u00f1ado para superar tus expectativas. Ademas, cuenta con una alerta de fecha de calibraci\u00f3n y la [&hellip;]<\/p>\n","protected":false},"author":1,"featured_media":0,"parent":7972,"menu_order":0,"comment_status":"closed","ping_status":"closed","template":"template-nosidebar.php","meta":{"_acf_changed":false,"footnotes":""},"class_list":["post-22694","page","type-page","status-publish","hentry"],"acf":[],"yoast_head":"<!-- This site is optimized with the Yoast SEO plugin v27.3 - https:\/\/yoast.com\/product\/yoast-seo-wordpress\/ -->\n<title>Promocion de verano medidor de alturas lh-600f - Techmaster de Mexico<\/title>\n<meta name=\"robots\" content=\"index, follow, max-snippet:-1, max-image-preview:large, max-video-preview:-1\" \/>\n<link rel=\"canonical\" href=\"https:\/\/techmasterdemexico.com\/promociones\/promocion-de-verano-medidor-de-alturas-lh-600f\/\" \/>\n<meta property=\"og:locale\" content=\"en_US\" \/>\n<meta property=\"og:type\" content=\"article\" \/>\n<meta property=\"og:title\" content=\"Promocion de verano medidor de alturas lh-600f - Techmaster de Mexico\" \/>\n<meta property=\"og:description\" content=\"&nbsp; Aprovecha la promoci\u00f3n de primavera de Mitutoyo Medidor de alturas LH-600F &nbsp; Alta exactitud y operaci\u00f3n sencilla Pantalla t\u00e1ctil giratoria. Nueva funci\u00f3n de auto-verificaci\u00f3n. Encoder de alta exactitud m\u00e1s resistente a contaminantes. Modo 2D mejorado. Este equipo est\u00e1 dise\u00f1ado para superar tus expectativas. Ademas, cuenta con una alerta de fecha de calibraci\u00f3n y la [&hellip;]\" \/>\n<meta property=\"og:url\" content=\"https:\/\/techmasterdemexico.com\/promociones\/promocion-de-verano-medidor-de-alturas-lh-600f\/\" \/>\n<meta property=\"og:site_name\" content=\"Techmaster de Mexico\" \/>\n<meta property=\"og:image\" content=\"http:\/\/techmasterdemexico.com\/wp-content\/uploads\/banner-categorias-Medidor-de-alturas-LH-600F.png\" \/>\n<meta name=\"twitter:card\" content=\"summary_large_image\" \/>\n<meta name=\"twitter:label1\" content=\"Est. reading time\" \/>\n\t<meta name=\"twitter:data1\" content=\"4 minutes\" \/>\n<script type=\"application\/ld+json\" class=\"yoast-schema-graph\">{\"@context\":\"https:\\\/\\\/schema.org\",\"@graph\":[{\"@type\":\"WebPage\",\"@id\":\"https:\\\/\\\/techmasterdemexico.com\\\/promociones\\\/promocion-de-verano-medidor-de-alturas-lh-600f\\\/\",\"url\":\"https:\\\/\\\/techmasterdemexico.com\\\/promociones\\\/promocion-de-verano-medidor-de-alturas-lh-600f\\\/\",\"name\":\"Promocion de verano medidor de alturas lh-600f - Techmaster de Mexico\",\"isPartOf\":{\"@id\":\"https:\\\/\\\/techmasterdemexico.com\\\/#website\"},\"primaryImageOfPage\":{\"@id\":\"https:\\\/\\\/techmasterdemexico.com\\\/promociones\\\/promocion-de-verano-medidor-de-alturas-lh-600f\\\/#primaryimage\"},\"image\":{\"@id\":\"https:\\\/\\\/techmasterdemexico.com\\\/promociones\\\/promocion-de-verano-medidor-de-alturas-lh-600f\\\/#primaryimage\"},\"thumbnailUrl\":\"http:\\\/\\\/techmasterdemexico.com\\\/wp-content\\\/uploads\\\/banner-categorias-Medidor-de-alturas-LH-600F.png\",\"datePublished\":\"2025-05-06T23:41:16+00:00\",\"breadcrumb\":{\"@id\":\"https:\\\/\\\/techmasterdemexico.com\\\/promociones\\\/promocion-de-verano-medidor-de-alturas-lh-600f\\\/#breadcrumb\"},\"inLanguage\":\"en-US\",\"potentialAction\":[{\"@type\":\"ReadAction\",\"target\":[\"https:\\\/\\\/techmasterdemexico.com\\\/promociones\\\/promocion-de-verano-medidor-de-alturas-lh-600f\\\/\"]}]},{\"@type\":\"ImageObject\",\"inLanguage\":\"en-US\",\"@id\":\"https:\\\/\\\/techmasterdemexico.com\\\/promociones\\\/promocion-de-verano-medidor-de-alturas-lh-600f\\\/#primaryimage\",\"url\":\"http:\\\/\\\/techmasterdemexico.com\\\/wp-content\\\/uploads\\\/banner-categorias-Medidor-de-alturas-LH-600F.png\",\"contentUrl\":\"http:\\\/\\\/techmasterdemexico.com\\\/wp-content\\\/uploads\\\/banner-categorias-Medidor-de-alturas-LH-600F.png\"},{\"@type\":\"BreadcrumbList\",\"@id\":\"https:\\\/\\\/techmasterdemexico.com\\\/promociones\\\/promocion-de-verano-medidor-de-alturas-lh-600f\\\/#breadcrumb\",\"itemListElement\":[{\"@type\":\"ListItem\",\"position\":1,\"name\":\"Portada\",\"item\":\"https:\\\/\\\/techmasterdemexico.com\\\/\"},{\"@type\":\"ListItem\",\"position\":2,\"name\":\"Promociones\",\"item\":\"https:\\\/\\\/techmasterdemexico.com\\\/promociones\\\/\"},{\"@type\":\"ListItem\",\"position\":3,\"name\":\"Promocion de verano medidor de alturas lh-600f\"}]},{\"@type\":\"WebSite\",\"@id\":\"https:\\\/\\\/techmasterdemexico.com\\\/#website\",\"url\":\"https:\\\/\\\/techmasterdemexico.com\\\/\",\"name\":\"Techmaster de Mexico\",\"description\":\"\",\"potentialAction\":[{\"@type\":\"SearchAction\",\"target\":{\"@type\":\"EntryPoint\",\"urlTemplate\":\"https:\\\/\\\/techmasterdemexico.com\\\/?s={search_term_string}\"},\"query-input\":{\"@type\":\"PropertyValueSpecification\",\"valueRequired\":true,\"valueName\":\"search_term_string\"}}],\"inLanguage\":\"en-US\"}]}<\/script>\n<!-- \/ Yoast SEO plugin. -->","yoast_head_json":{"title":"Promocion de verano medidor de alturas lh-600f - Techmaster de Mexico","robots":{"index":"index","follow":"follow","max-snippet":"max-snippet:-1","max-image-preview":"max-image-preview:large","max-video-preview":"max-video-preview:-1"},"canonical":"https:\/\/techmasterdemexico.com\/promociones\/promocion-de-verano-medidor-de-alturas-lh-600f\/","og_locale":"en_US","og_type":"article","og_title":"Promocion de verano medidor de alturas lh-600f - Techmaster de Mexico","og_description":"&nbsp; Aprovecha la promoci\u00f3n de primavera de Mitutoyo Medidor de alturas LH-600F &nbsp; Alta exactitud y operaci\u00f3n sencilla Pantalla t\u00e1ctil giratoria. Nueva funci\u00f3n de auto-verificaci\u00f3n. Encoder de alta exactitud m\u00e1s resistente a contaminantes. Modo 2D mejorado. Este equipo est\u00e1 dise\u00f1ado para superar tus expectativas. Ademas, cuenta con una alerta de fecha de calibraci\u00f3n y la [&hellip;]","og_url":"https:\/\/techmasterdemexico.com\/promociones\/promocion-de-verano-medidor-de-alturas-lh-600f\/","og_site_name":"Techmaster de Mexico","og_image":[{"url":"http:\/\/techmasterdemexico.com\/wp-content\/uploads\/banner-categorias-Medidor-de-alturas-LH-600F.png","type":"","width":"","height":""}],"twitter_card":"summary_large_image","twitter_misc":{"Est. reading time":"4 minutes"},"schema":{"@context":"https:\/\/schema.org","@graph":[{"@type":"WebPage","@id":"https:\/\/techmasterdemexico.com\/promociones\/promocion-de-verano-medidor-de-alturas-lh-600f\/","url":"https:\/\/techmasterdemexico.com\/promociones\/promocion-de-verano-medidor-de-alturas-lh-600f\/","name":"Promocion de verano medidor de alturas lh-600f - Techmaster de Mexico","isPartOf":{"@id":"https:\/\/techmasterdemexico.com\/#website"},"primaryImageOfPage":{"@id":"https:\/\/techmasterdemexico.com\/promociones\/promocion-de-verano-medidor-de-alturas-lh-600f\/#primaryimage"},"image":{"@id":"https:\/\/techmasterdemexico.com\/promociones\/promocion-de-verano-medidor-de-alturas-lh-600f\/#primaryimage"},"thumbnailUrl":"http:\/\/techmasterdemexico.com\/wp-content\/uploads\/banner-categorias-Medidor-de-alturas-LH-600F.png","datePublished":"2025-05-06T23:41:16+00:00","breadcrumb":{"@id":"https:\/\/techmasterdemexico.com\/promociones\/promocion-de-verano-medidor-de-alturas-lh-600f\/#breadcrumb"},"inLanguage":"en-US","potentialAction":[{"@type":"ReadAction","target":["https:\/\/techmasterdemexico.com\/promociones\/promocion-de-verano-medidor-de-alturas-lh-600f\/"]}]},{"@type":"ImageObject","inLanguage":"en-US","@id":"https:\/\/techmasterdemexico.com\/promociones\/promocion-de-verano-medidor-de-alturas-lh-600f\/#primaryimage","url":"http:\/\/techmasterdemexico.com\/wp-content\/uploads\/banner-categorias-Medidor-de-alturas-LH-600F.png","contentUrl":"http:\/\/techmasterdemexico.com\/wp-content\/uploads\/banner-categorias-Medidor-de-alturas-LH-600F.png"},{"@type":"BreadcrumbList","@id":"https:\/\/techmasterdemexico.com\/promociones\/promocion-de-verano-medidor-de-alturas-lh-600f\/#breadcrumb","itemListElement":[{"@type":"ListItem","position":1,"name":"Portada","item":"https:\/\/techmasterdemexico.com\/"},{"@type":"ListItem","position":2,"name":"Promociones","item":"https:\/\/techmasterdemexico.com\/promociones\/"},{"@type":"ListItem","position":3,"name":"Promocion de verano medidor de alturas lh-600f"}]},{"@type":"WebSite","@id":"https:\/\/techmasterdemexico.com\/#website","url":"https:\/\/techmasterdemexico.com\/","name":"Techmaster de Mexico","description":"","potentialAction":[{"@type":"SearchAction","target":{"@type":"EntryPoint","urlTemplate":"https:\/\/techmasterdemexico.com\/?s={search_term_string}"},"query-input":{"@type":"PropertyValueSpecification","valueRequired":true,"valueName":"search_term_string"}}],"inLanguage":"en-US"}]}},"_links":{"self":[{"href":"https:\/\/techmasterdemexico.com\/en\/wp-json\/wp\/v2\/pages\/22694","targetHints":{"allow":["GET"]}}],"collection":[{"href":"https:\/\/techmasterdemexico.com\/en\/wp-json\/wp\/v2\/pages"}],"about":[{"href":"https:\/\/techmasterdemexico.com\/en\/wp-json\/wp\/v2\/types\/page"}],"author":[{"embeddable":true,"href":"https:\/\/techmasterdemexico.com\/en\/wp-json\/wp\/v2\/users\/1"}],"replies":[{"embeddable":true,"href":"https:\/\/techmasterdemexico.com\/en\/wp-json\/wp\/v2\/comments?post=22694"}],"version-history":[{"count":4,"href":"https:\/\/techmasterdemexico.com\/en\/wp-json\/wp\/v2\/pages\/22694\/revisions"}],"predecessor-version":[{"id":22726,"href":"https:\/\/techmasterdemexico.com\/en\/wp-json\/wp\/v2\/pages\/22694\/revisions\/22726"}],"up":[{"embeddable":true,"href":"https:\/\/techmasterdemexico.com\/en\/wp-json\/wp\/v2\/pages\/7972"}],"wp:attachment":[{"href":"https:\/\/techmasterdemexico.com\/en\/wp-json\/wp\/v2\/media?parent=22694"}],"curies":[{"name":"wp","href":"https:\/\/api.w.org\/{rel}","templated":true}]}}