{"id":22686,"date":"2025-05-05T16:34:43","date_gmt":"2025-05-05T23:34:43","guid":{"rendered":"https:\/\/techmasterdemexico.com\/?page_id=22686"},"modified":"2025-05-05T16:34:43","modified_gmt":"2025-05-05T23:34:43","slug":"promocion-de-primavera-sensores-de-alta-exactitud-lg-100-200","status":"publish","type":"page","link":"https:\/\/techmasterdemexico.com\/en\/promociones\/promocion-de-primavera-sensores-de-alta-exactitud-lg-100-200\/","title":{"rendered":"Promocion de primavera sensores de alta exactitud LG-100\/200"},"content":{"rendered":"<p>&nbsp;<\/p>\n<div style=\"margin: auto;\">\n<h1 style=\"text-align: center;\"><\/h1>\n<p><img decoding=\"async\" class=\"aligncenter img-fluid\" style=\"margin-bottom: 50px; width: 100%;\" src=\"http:\/\/techmasterdemexico.com\/wp-content\/uploads\/banner-categorias-Sensores-de-alta-exactitud.png\" \/><\/p>\n<div style=\"width: 100%; margin: auto;\">\n<p class=\"mb-4\" style=\"text-align: center; font-size: 30px;\">Aprovecha la promoci\u00f3n de primavera de Mitutoyo<\/p>\n<h1 style=\"text-align: center;\"><strong><i>Sensores de alta exactitud<br \/> LG-100\/200<\/i><\/strong><\/h1>\n<p>&nbsp;<\/p>\n<div class=\"container\">\n<div class=\"row\">\n<div class=\"col-lg-12 text-center\">\n<h3>Sensores resistentes a vibraci\u00f3n para linea de producci\u00f3n<\/h3>\n<p style=\"text-align: left;\" class=\"mb-0\"><i class=\"fa fa-check\" aria-hidden=\"true\" style=\"color: #F87601;\"><\/i> Gran repetibilidad y amplia resistencia a la temperatura de 0\u00b0 a 50\u00b0 C.<\/p>\n<p style=\"text-align: left;\" class=\"mb-0\"><i class=\"fa fa-check\" aria-hidden=\"true\" style=\"color: #F87601;\"><\/i> Sensores de medici\u00f3n lineal \u00fatiles en linea de producci\u00f3n.<\/p>\n<p style=\"text-align: left;\"><i class=\"fa fa-check\" aria-hidden=\"true\" style=\"color: #F87601;\"><\/i> Su detecci\u00f3n de posici\u00f3n absoluta mantiene el punto de referencia.<\/p>\n<p class=\"mb-5\" style=\"color: #F87601;\"><i>\u00a1Exactitud y durabilidad incompatible!\u00a0<\/i><\/p>\n<\/div>\n<div class=\"col-lg-12 text-center\">\n<img decoding=\"async\" class=\"img-fuild mb-5\" src=\"http:\/\/techmasterdemexico.com\/wp-content\/uploads\/Precios_LG-100-200.png\">\n<\/div>\n<div class=\"col-lg-12 text-center\">\n<img decoding=\"async\" class=\"img-fuild mb-5\" src=\"http:\/\/techmasterdemexico.com\/wp-content\/uploads\/Precios_LG-100-200-ej-counter.png\">\n<\/div>\n<div class=\"col-lg-12 text-center\">\n<p class=\"mb-4\" style=\"color: #F87601;\"><i>Interface<\/i><\/p>\n<p><img decoding=\"async\" class=\"img-fuild mb-4\" src=\"http:\/\/techmasterdemexico.com\/wp-content\/uploads\/Precios_LG-100-200-interface.png\"><br \/>\n<img decoding=\"async\" class=\"img-fuild mb-5\" src=\"http:\/\/techmasterdemexico.com\/wp-content\/uploads\/lg-100-200_ejemplo.png\">\n<\/div>\n<div class=\"col-lg-12 text-center\">\n<p class=\"mb-4\" style=\"color: #F87601;\"><i>Ejemplo de aplicaciones<\/i><\/p>\n<p><img decoding=\"async\" class=\"img-fuild mb-5\" src=\"http:\/\/techmasterdemexico.com\/wp-content\/uploads\/lg-100-200_aplicaciones.png\">\n<\/div>\n<\/div>\n<\/div>\n<\/div>\n<style>\np{\nfont-size: 19px;\n}\n<\/style>\n","protected":false},"excerpt":{"rendered":"<p>&nbsp; Aprovecha la promoci\u00f3n de primavera de Mitutoyo Sensores de alta exactitud LG-100\/200 &nbsp; Sensores resistentes a vibraci\u00f3n para linea de producci\u00f3n Gran repetibilidad y amplia resistencia a la temperatura de 0\u00b0 a 50\u00b0 C. Sensores de medici\u00f3n lineal \u00fatiles en linea de producci\u00f3n. Su detecci\u00f3n de posici\u00f3n absoluta mantiene el punto de referencia. \u00a1Exactitud [&hellip;]<\/p>\n","protected":false},"author":1,"featured_media":0,"parent":7972,"menu_order":0,"comment_status":"closed","ping_status":"closed","template":"template-nosidebar.php","meta":{"_acf_changed":false,"footnotes":""},"class_list":["post-22686","page","type-page","status-publish","hentry"],"acf":[],"yoast_head":"<!-- This site is optimized with the Yoast SEO plugin v27.3 - https:\/\/yoast.com\/product\/yoast-seo-wordpress\/ -->\n<title>Promocion de primavera sensores de alta exactitud LG-100\/200 - Techmaster de Mexico<\/title>\n<meta name=\"robots\" content=\"index, follow, max-snippet:-1, max-image-preview:large, max-video-preview:-1\" \/>\n<link rel=\"canonical\" href=\"https:\/\/techmasterdemexico.com\/promociones\/promocion-de-primavera-sensores-de-alta-exactitud-lg-100-200\/\" \/>\n<meta property=\"og:locale\" content=\"en_US\" \/>\n<meta property=\"og:type\" content=\"article\" \/>\n<meta property=\"og:title\" content=\"Promocion de primavera sensores de alta exactitud LG-100\/200 - Techmaster de Mexico\" \/>\n<meta property=\"og:description\" content=\"&nbsp; Aprovecha la promoci\u00f3n de primavera de Mitutoyo Sensores de alta exactitud LG-100\/200 &nbsp; Sensores resistentes a vibraci\u00f3n para linea de producci\u00f3n Gran repetibilidad y amplia resistencia a la temperatura de 0\u00b0 a 50\u00b0 C. Sensores de medici\u00f3n lineal \u00fatiles en linea de producci\u00f3n. Su detecci\u00f3n de posici\u00f3n absoluta mantiene el punto de referencia. \u00a1Exactitud [&hellip;]\" \/>\n<meta property=\"og:url\" content=\"https:\/\/techmasterdemexico.com\/promociones\/promocion-de-primavera-sensores-de-alta-exactitud-lg-100-200\/\" \/>\n<meta property=\"og:site_name\" content=\"Techmaster de Mexico\" \/>\n<meta property=\"og:image\" content=\"http:\/\/techmasterdemexico.com\/wp-content\/uploads\/banner-categorias-Sensores-de-alta-exactitud.png\" \/>\n<meta name=\"twitter:card\" content=\"summary_large_image\" \/>\n<script type=\"application\/ld+json\" class=\"yoast-schema-graph\">{\"@context\":\"https:\\\/\\\/schema.org\",\"@graph\":[{\"@type\":\"WebPage\",\"@id\":\"https:\\\/\\\/techmasterdemexico.com\\\/promociones\\\/promocion-de-primavera-sensores-de-alta-exactitud-lg-100-200\\\/\",\"url\":\"https:\\\/\\\/techmasterdemexico.com\\\/promociones\\\/promocion-de-primavera-sensores-de-alta-exactitud-lg-100-200\\\/\",\"name\":\"Promocion de primavera sensores de alta exactitud LG-100\\\/200 - Techmaster de Mexico\",\"isPartOf\":{\"@id\":\"https:\\\/\\\/techmasterdemexico.com\\\/#website\"},\"primaryImageOfPage\":{\"@id\":\"https:\\\/\\\/techmasterdemexico.com\\\/promociones\\\/promocion-de-primavera-sensores-de-alta-exactitud-lg-100-200\\\/#primaryimage\"},\"image\":{\"@id\":\"https:\\\/\\\/techmasterdemexico.com\\\/promociones\\\/promocion-de-primavera-sensores-de-alta-exactitud-lg-100-200\\\/#primaryimage\"},\"thumbnailUrl\":\"http:\\\/\\\/techmasterdemexico.com\\\/wp-content\\\/uploads\\\/banner-categorias-Sensores-de-alta-exactitud.png\",\"datePublished\":\"2025-05-05T23:34:43+00:00\",\"breadcrumb\":{\"@id\":\"https:\\\/\\\/techmasterdemexico.com\\\/promociones\\\/promocion-de-primavera-sensores-de-alta-exactitud-lg-100-200\\\/#breadcrumb\"},\"inLanguage\":\"en-US\",\"potentialAction\":[{\"@type\":\"ReadAction\",\"target\":[\"https:\\\/\\\/techmasterdemexico.com\\\/promociones\\\/promocion-de-primavera-sensores-de-alta-exactitud-lg-100-200\\\/\"]}]},{\"@type\":\"ImageObject\",\"inLanguage\":\"en-US\",\"@id\":\"https:\\\/\\\/techmasterdemexico.com\\\/promociones\\\/promocion-de-primavera-sensores-de-alta-exactitud-lg-100-200\\\/#primaryimage\",\"url\":\"http:\\\/\\\/techmasterdemexico.com\\\/wp-content\\\/uploads\\\/banner-categorias-Sensores-de-alta-exactitud.png\",\"contentUrl\":\"http:\\\/\\\/techmasterdemexico.com\\\/wp-content\\\/uploads\\\/banner-categorias-Sensores-de-alta-exactitud.png\"},{\"@type\":\"BreadcrumbList\",\"@id\":\"https:\\\/\\\/techmasterdemexico.com\\\/promociones\\\/promocion-de-primavera-sensores-de-alta-exactitud-lg-100-200\\\/#breadcrumb\",\"itemListElement\":[{\"@type\":\"ListItem\",\"position\":1,\"name\":\"Portada\",\"item\":\"https:\\\/\\\/techmasterdemexico.com\\\/\"},{\"@type\":\"ListItem\",\"position\":2,\"name\":\"Promociones\",\"item\":\"https:\\\/\\\/techmasterdemexico.com\\\/promociones\\\/\"},{\"@type\":\"ListItem\",\"position\":3,\"name\":\"Promocion de primavera sensores de alta exactitud LG-100\\\/200\"}]},{\"@type\":\"WebSite\",\"@id\":\"https:\\\/\\\/techmasterdemexico.com\\\/#website\",\"url\":\"https:\\\/\\\/techmasterdemexico.com\\\/\",\"name\":\"Techmaster de Mexico\",\"description\":\"\",\"potentialAction\":[{\"@type\":\"SearchAction\",\"target\":{\"@type\":\"EntryPoint\",\"urlTemplate\":\"https:\\\/\\\/techmasterdemexico.com\\\/?s={search_term_string}\"},\"query-input\":{\"@type\":\"PropertyValueSpecification\",\"valueRequired\":true,\"valueName\":\"search_term_string\"}}],\"inLanguage\":\"en-US\"}]}<\/script>\n<!-- \/ Yoast SEO plugin. -->","yoast_head_json":{"title":"Promocion de primavera sensores de alta exactitud LG-100\/200 - Techmaster de Mexico","robots":{"index":"index","follow":"follow","max-snippet":"max-snippet:-1","max-image-preview":"max-image-preview:large","max-video-preview":"max-video-preview:-1"},"canonical":"https:\/\/techmasterdemexico.com\/promociones\/promocion-de-primavera-sensores-de-alta-exactitud-lg-100-200\/","og_locale":"en_US","og_type":"article","og_title":"Promocion de primavera sensores de alta exactitud LG-100\/200 - Techmaster de Mexico","og_description":"&nbsp; Aprovecha la promoci\u00f3n de primavera de Mitutoyo Sensores de alta exactitud LG-100\/200 &nbsp; Sensores resistentes a vibraci\u00f3n para linea de producci\u00f3n Gran repetibilidad y amplia resistencia a la temperatura de 0\u00b0 a 50\u00b0 C. Sensores de medici\u00f3n lineal \u00fatiles en linea de producci\u00f3n. Su detecci\u00f3n de posici\u00f3n absoluta mantiene el punto de referencia. \u00a1Exactitud [&hellip;]","og_url":"https:\/\/techmasterdemexico.com\/promociones\/promocion-de-primavera-sensores-de-alta-exactitud-lg-100-200\/","og_site_name":"Techmaster de Mexico","og_image":[{"url":"http:\/\/techmasterdemexico.com\/wp-content\/uploads\/banner-categorias-Sensores-de-alta-exactitud.png","type":"","width":"","height":""}],"twitter_card":"summary_large_image","schema":{"@context":"https:\/\/schema.org","@graph":[{"@type":"WebPage","@id":"https:\/\/techmasterdemexico.com\/promociones\/promocion-de-primavera-sensores-de-alta-exactitud-lg-100-200\/","url":"https:\/\/techmasterdemexico.com\/promociones\/promocion-de-primavera-sensores-de-alta-exactitud-lg-100-200\/","name":"Promocion de primavera sensores de alta exactitud LG-100\/200 - Techmaster de Mexico","isPartOf":{"@id":"https:\/\/techmasterdemexico.com\/#website"},"primaryImageOfPage":{"@id":"https:\/\/techmasterdemexico.com\/promociones\/promocion-de-primavera-sensores-de-alta-exactitud-lg-100-200\/#primaryimage"},"image":{"@id":"https:\/\/techmasterdemexico.com\/promociones\/promocion-de-primavera-sensores-de-alta-exactitud-lg-100-200\/#primaryimage"},"thumbnailUrl":"http:\/\/techmasterdemexico.com\/wp-content\/uploads\/banner-categorias-Sensores-de-alta-exactitud.png","datePublished":"2025-05-05T23:34:43+00:00","breadcrumb":{"@id":"https:\/\/techmasterdemexico.com\/promociones\/promocion-de-primavera-sensores-de-alta-exactitud-lg-100-200\/#breadcrumb"},"inLanguage":"en-US","potentialAction":[{"@type":"ReadAction","target":["https:\/\/techmasterdemexico.com\/promociones\/promocion-de-primavera-sensores-de-alta-exactitud-lg-100-200\/"]}]},{"@type":"ImageObject","inLanguage":"en-US","@id":"https:\/\/techmasterdemexico.com\/promociones\/promocion-de-primavera-sensores-de-alta-exactitud-lg-100-200\/#primaryimage","url":"http:\/\/techmasterdemexico.com\/wp-content\/uploads\/banner-categorias-Sensores-de-alta-exactitud.png","contentUrl":"http:\/\/techmasterdemexico.com\/wp-content\/uploads\/banner-categorias-Sensores-de-alta-exactitud.png"},{"@type":"BreadcrumbList","@id":"https:\/\/techmasterdemexico.com\/promociones\/promocion-de-primavera-sensores-de-alta-exactitud-lg-100-200\/#breadcrumb","itemListElement":[{"@type":"ListItem","position":1,"name":"Portada","item":"https:\/\/techmasterdemexico.com\/"},{"@type":"ListItem","position":2,"name":"Promociones","item":"https:\/\/techmasterdemexico.com\/promociones\/"},{"@type":"ListItem","position":3,"name":"Promocion de primavera sensores de alta exactitud LG-100\/200"}]},{"@type":"WebSite","@id":"https:\/\/techmasterdemexico.com\/#website","url":"https:\/\/techmasterdemexico.com\/","name":"Techmaster de Mexico","description":"","potentialAction":[{"@type":"SearchAction","target":{"@type":"EntryPoint","urlTemplate":"https:\/\/techmasterdemexico.com\/?s={search_term_string}"},"query-input":{"@type":"PropertyValueSpecification","valueRequired":true,"valueName":"search_term_string"}}],"inLanguage":"en-US"}]}},"_links":{"self":[{"href":"https:\/\/techmasterdemexico.com\/en\/wp-json\/wp\/v2\/pages\/22686","targetHints":{"allow":["GET"]}}],"collection":[{"href":"https:\/\/techmasterdemexico.com\/en\/wp-json\/wp\/v2\/pages"}],"about":[{"href":"https:\/\/techmasterdemexico.com\/en\/wp-json\/wp\/v2\/types\/page"}],"author":[{"embeddable":true,"href":"https:\/\/techmasterdemexico.com\/en\/wp-json\/wp\/v2\/users\/1"}],"replies":[{"embeddable":true,"href":"https:\/\/techmasterdemexico.com\/en\/wp-json\/wp\/v2\/comments?post=22686"}],"version-history":[{"count":1,"href":"https:\/\/techmasterdemexico.com\/en\/wp-json\/wp\/v2\/pages\/22686\/revisions"}],"predecessor-version":[{"id":22693,"href":"https:\/\/techmasterdemexico.com\/en\/wp-json\/wp\/v2\/pages\/22686\/revisions\/22693"}],"up":[{"embeddable":true,"href":"https:\/\/techmasterdemexico.com\/en\/wp-json\/wp\/v2\/pages\/7972"}],"wp:attachment":[{"href":"https:\/\/techmasterdemexico.com\/en\/wp-json\/wp\/v2\/media?parent=22686"}],"curies":[{"name":"wp","href":"https:\/\/api.w.org\/{rel}","templated":true}]}}