{"id":22681,"date":"2025-05-05T16:06:00","date_gmt":"2025-05-05T23:06:00","guid":{"rendered":"https:\/\/techmasterdemexico.com\/?page_id=22681"},"modified":"2025-05-07T17:34:54","modified_gmt":"2025-05-08T00:34:54","slug":"promocion-de-primavera-indicadores-de-caratula-analogicos","status":"publish","type":"page","link":"https:\/\/techmasterdemexico.com\/en\/promociones\/promocion-de-primavera-indicadores-de-caratula-analogicos\/","title":{"rendered":"Promocion de primavera Indicadores de car\u00e1tula anal\u00f3gicos"},"content":{"rendered":"<p>&nbsp;<\/p>\n<div style=\"margin: auto;\">\n<h1 style=\"text-align: center;\"><\/h1>\n<p><img decoding=\"async\" class=\"aligncenter img-fluid\" style=\"margin-bottom: 50px; width: 100%;\" src=\"http:\/\/techmasterdemexico.com\/wp-content\/uploads\/banner-categorias-indicadores-de-caratula.png\" \/><\/p>\n<div style=\"width: 100%; margin: auto;\">\n<p class=\"mb-4\" style=\"text-align: center; font-size: 30px;\">Aprovecha la promoci\u00f3n de primavera de Mitutoyo<\/p>\n<h1 style=\"text-align: center;\"><strong><i>Indicadores de car\u00e1tula anal\u00f3gicos<\/i><\/strong><\/h1>\n<p>&nbsp;<\/p>\n<div class=\"container\">\n<div class=\"row\">\n<div class=\"col-lg-12 text-center\">\n<h3>La exactitud total para medir variaciones de desplazamiento<\/h3>\n<p style=\"text-align: left;\" class=\"mb-0\"><i class=\"fa fa-check\" aria-hidden=\"true\" style=\"color: #F87601;\"><\/i> Captura variaciones m\u00ednimas con alta repetibilidad.<\/p>\n<p style=\"text-align: left;\" class=\"mb-0\"><i class=\"fa fa-check\" aria-hidden=\"true\" style=\"color: #F87601;\"><\/i> Car\u00e1tula bien definida para interpretar resultados sin margen de error.<\/p>\n<p style=\"text-align: left;\" class=\"mb-0\"><i class=\"fa fa-check\" aria-hidden=\"true\" style=\"color: #F87601;\"><\/i> Dise\u00f1ados con materiales de alta calidad para resistir el uso industrial.<\/p>\n<p style=\"text-align: left;\"><i class=\"fa fa-check\" aria-hidden=\"true\" style=\"color: #F87601;\"><\/i> Ideales para alineaciones, inspecciones de planitud y control de tolerancias.<\/p>\n<p class=\"mb-5\" style=\"color: #F87601;\">\u00a1Lectura clara, exactitud absoluta!\u00a0<\/p>\n<\/div>\n<div class=\"col-lg-12 text-center\">\n<img decoding=\"async\" class=\"img-fuild mb-5\" src=\"http:\/\/techmasterdemexico.com\/wp-content\/uploads\/Precios_indicadores-de-caratula-analogos-1.png\">\n<\/div>\n<div class=\"col-lg-12 text-center\">\n<img decoding=\"async\" class=\"img-fuild mb-5\" src=\"http:\/\/techmasterdemexico.com\/wp-content\/uploads\/Precios_indicadores-de-caratula-analogos-2.png\">\n<\/div>\n<\/div>\n<\/div>\n<\/div>\n<style>\np{\nfont-size: 19px;\n}\n<\/style>\n","protected":false},"excerpt":{"rendered":"<p>&nbsp; Aprovecha la promoci\u00f3n de primavera de Mitutoyo Indicadores de car\u00e1tula anal\u00f3gicos &nbsp; La exactitud total para medir variaciones de desplazamiento Captura variaciones m\u00ednimas con alta repetibilidad. Car\u00e1tula bien definida para interpretar resultados sin margen de error. Dise\u00f1ados con materiales de alta calidad para resistir el uso industrial. Ideales para alineaciones, inspecciones de planitud y [&hellip;]<\/p>\n","protected":false},"author":1,"featured_media":0,"parent":7972,"menu_order":0,"comment_status":"closed","ping_status":"closed","template":"template-nosidebar.php","meta":{"_acf_changed":false,"footnotes":""},"class_list":["post-22681","page","type-page","status-publish","hentry"],"acf":[],"yoast_head":"<!-- This site is optimized with the Yoast SEO plugin v27.3 - https:\/\/yoast.com\/product\/yoast-seo-wordpress\/ -->\n<title>Promocion de primavera Indicadores de car\u00e1tula anal\u00f3gicos - Techmaster de Mexico<\/title>\n<meta name=\"robots\" content=\"index, follow, max-snippet:-1, max-image-preview:large, max-video-preview:-1\" \/>\n<link rel=\"canonical\" href=\"https:\/\/techmasterdemexico.com\/promociones\/promocion-de-primavera-indicadores-de-caratula-analogicos\/\" \/>\n<meta property=\"og:locale\" content=\"en_US\" \/>\n<meta property=\"og:type\" content=\"article\" \/>\n<meta property=\"og:title\" content=\"Promocion de primavera Indicadores de car\u00e1tula anal\u00f3gicos - Techmaster de Mexico\" \/>\n<meta property=\"og:description\" content=\"&nbsp; Aprovecha la promoci\u00f3n de primavera de Mitutoyo Indicadores de car\u00e1tula anal\u00f3gicos &nbsp; La exactitud total para medir variaciones de desplazamiento Captura variaciones m\u00ednimas con alta repetibilidad. Car\u00e1tula bien definida para interpretar resultados sin margen de error. Dise\u00f1ados con materiales de alta calidad para resistir el uso industrial. Ideales para alineaciones, inspecciones de planitud y [&hellip;]\" \/>\n<meta property=\"og:url\" content=\"https:\/\/techmasterdemexico.com\/promociones\/promocion-de-primavera-indicadores-de-caratula-analogicos\/\" \/>\n<meta property=\"og:site_name\" content=\"Techmaster de Mexico\" \/>\n<meta property=\"article:modified_time\" content=\"2025-05-08T00:34:54+00:00\" \/>\n<meta property=\"og:image\" content=\"http:\/\/techmasterdemexico.com\/wp-content\/uploads\/banner-categorias-indicadores-de-caratula.png\" \/>\n<meta name=\"twitter:card\" content=\"summary_large_image\" \/>\n<meta name=\"twitter:label1\" content=\"Est. reading time\" \/>\n\t<meta name=\"twitter:data1\" content=\"1 minute\" \/>\n<script type=\"application\/ld+json\" class=\"yoast-schema-graph\">{\"@context\":\"https:\\\/\\\/schema.org\",\"@graph\":[{\"@type\":\"WebPage\",\"@id\":\"https:\\\/\\\/techmasterdemexico.com\\\/promociones\\\/promocion-de-primavera-indicadores-de-caratula-analogicos\\\/\",\"url\":\"https:\\\/\\\/techmasterdemexico.com\\\/promociones\\\/promocion-de-primavera-indicadores-de-caratula-analogicos\\\/\",\"name\":\"Promocion de primavera Indicadores de car\u00e1tula anal\u00f3gicos - Techmaster de Mexico\",\"isPartOf\":{\"@id\":\"https:\\\/\\\/techmasterdemexico.com\\\/#website\"},\"primaryImageOfPage\":{\"@id\":\"https:\\\/\\\/techmasterdemexico.com\\\/promociones\\\/promocion-de-primavera-indicadores-de-caratula-analogicos\\\/#primaryimage\"},\"image\":{\"@id\":\"https:\\\/\\\/techmasterdemexico.com\\\/promociones\\\/promocion-de-primavera-indicadores-de-caratula-analogicos\\\/#primaryimage\"},\"thumbnailUrl\":\"http:\\\/\\\/techmasterdemexico.com\\\/wp-content\\\/uploads\\\/banner-categorias-indicadores-de-caratula.png\",\"datePublished\":\"2025-05-05T23:06:00+00:00\",\"dateModified\":\"2025-05-08T00:34:54+00:00\",\"breadcrumb\":{\"@id\":\"https:\\\/\\\/techmasterdemexico.com\\\/promociones\\\/promocion-de-primavera-indicadores-de-caratula-analogicos\\\/#breadcrumb\"},\"inLanguage\":\"en-US\",\"potentialAction\":[{\"@type\":\"ReadAction\",\"target\":[\"https:\\\/\\\/techmasterdemexico.com\\\/promociones\\\/promocion-de-primavera-indicadores-de-caratula-analogicos\\\/\"]}]},{\"@type\":\"ImageObject\",\"inLanguage\":\"en-US\",\"@id\":\"https:\\\/\\\/techmasterdemexico.com\\\/promociones\\\/promocion-de-primavera-indicadores-de-caratula-analogicos\\\/#primaryimage\",\"url\":\"http:\\\/\\\/techmasterdemexico.com\\\/wp-content\\\/uploads\\\/banner-categorias-indicadores-de-caratula.png\",\"contentUrl\":\"http:\\\/\\\/techmasterdemexico.com\\\/wp-content\\\/uploads\\\/banner-categorias-indicadores-de-caratula.png\"},{\"@type\":\"BreadcrumbList\",\"@id\":\"https:\\\/\\\/techmasterdemexico.com\\\/promociones\\\/promocion-de-primavera-indicadores-de-caratula-analogicos\\\/#breadcrumb\",\"itemListElement\":[{\"@type\":\"ListItem\",\"position\":1,\"name\":\"Portada\",\"item\":\"https:\\\/\\\/techmasterdemexico.com\\\/\"},{\"@type\":\"ListItem\",\"position\":2,\"name\":\"Promociones\",\"item\":\"https:\\\/\\\/techmasterdemexico.com\\\/promociones\\\/\"},{\"@type\":\"ListItem\",\"position\":3,\"name\":\"Promocion de primavera Indicadores de car\u00e1tula anal\u00f3gicos\"}]},{\"@type\":\"WebSite\",\"@id\":\"https:\\\/\\\/techmasterdemexico.com\\\/#website\",\"url\":\"https:\\\/\\\/techmasterdemexico.com\\\/\",\"name\":\"Techmaster de Mexico\",\"description\":\"\",\"potentialAction\":[{\"@type\":\"SearchAction\",\"target\":{\"@type\":\"EntryPoint\",\"urlTemplate\":\"https:\\\/\\\/techmasterdemexico.com\\\/?s={search_term_string}\"},\"query-input\":{\"@type\":\"PropertyValueSpecification\",\"valueRequired\":true,\"valueName\":\"search_term_string\"}}],\"inLanguage\":\"en-US\"}]}<\/script>\n<!-- \/ Yoast SEO plugin. -->","yoast_head_json":{"title":"Promocion de primavera Indicadores de car\u00e1tula anal\u00f3gicos - Techmaster de Mexico","robots":{"index":"index","follow":"follow","max-snippet":"max-snippet:-1","max-image-preview":"max-image-preview:large","max-video-preview":"max-video-preview:-1"},"canonical":"https:\/\/techmasterdemexico.com\/promociones\/promocion-de-primavera-indicadores-de-caratula-analogicos\/","og_locale":"en_US","og_type":"article","og_title":"Promocion de primavera Indicadores de car\u00e1tula anal\u00f3gicos - Techmaster de Mexico","og_description":"&nbsp; Aprovecha la promoci\u00f3n de primavera de Mitutoyo Indicadores de car\u00e1tula anal\u00f3gicos &nbsp; La exactitud total para medir variaciones de desplazamiento Captura variaciones m\u00ednimas con alta repetibilidad. Car\u00e1tula bien definida para interpretar resultados sin margen de error. Dise\u00f1ados con materiales de alta calidad para resistir el uso industrial. Ideales para alineaciones, inspecciones de planitud y [&hellip;]","og_url":"https:\/\/techmasterdemexico.com\/promociones\/promocion-de-primavera-indicadores-de-caratula-analogicos\/","og_site_name":"Techmaster de Mexico","article_modified_time":"2025-05-08T00:34:54+00:00","og_image":[{"url":"http:\/\/techmasterdemexico.com\/wp-content\/uploads\/banner-categorias-indicadores-de-caratula.png","type":"","width":"","height":""}],"twitter_card":"summary_large_image","twitter_misc":{"Est. reading time":"1 minute"},"schema":{"@context":"https:\/\/schema.org","@graph":[{"@type":"WebPage","@id":"https:\/\/techmasterdemexico.com\/promociones\/promocion-de-primavera-indicadores-de-caratula-analogicos\/","url":"https:\/\/techmasterdemexico.com\/promociones\/promocion-de-primavera-indicadores-de-caratula-analogicos\/","name":"Promocion de primavera Indicadores de car\u00e1tula anal\u00f3gicos - Techmaster de Mexico","isPartOf":{"@id":"https:\/\/techmasterdemexico.com\/#website"},"primaryImageOfPage":{"@id":"https:\/\/techmasterdemexico.com\/promociones\/promocion-de-primavera-indicadores-de-caratula-analogicos\/#primaryimage"},"image":{"@id":"https:\/\/techmasterdemexico.com\/promociones\/promocion-de-primavera-indicadores-de-caratula-analogicos\/#primaryimage"},"thumbnailUrl":"http:\/\/techmasterdemexico.com\/wp-content\/uploads\/banner-categorias-indicadores-de-caratula.png","datePublished":"2025-05-05T23:06:00+00:00","dateModified":"2025-05-08T00:34:54+00:00","breadcrumb":{"@id":"https:\/\/techmasterdemexico.com\/promociones\/promocion-de-primavera-indicadores-de-caratula-analogicos\/#breadcrumb"},"inLanguage":"en-US","potentialAction":[{"@type":"ReadAction","target":["https:\/\/techmasterdemexico.com\/promociones\/promocion-de-primavera-indicadores-de-caratula-analogicos\/"]}]},{"@type":"ImageObject","inLanguage":"en-US","@id":"https:\/\/techmasterdemexico.com\/promociones\/promocion-de-primavera-indicadores-de-caratula-analogicos\/#primaryimage","url":"http:\/\/techmasterdemexico.com\/wp-content\/uploads\/banner-categorias-indicadores-de-caratula.png","contentUrl":"http:\/\/techmasterdemexico.com\/wp-content\/uploads\/banner-categorias-indicadores-de-caratula.png"},{"@type":"BreadcrumbList","@id":"https:\/\/techmasterdemexico.com\/promociones\/promocion-de-primavera-indicadores-de-caratula-analogicos\/#breadcrumb","itemListElement":[{"@type":"ListItem","position":1,"name":"Portada","item":"https:\/\/techmasterdemexico.com\/"},{"@type":"ListItem","position":2,"name":"Promociones","item":"https:\/\/techmasterdemexico.com\/promociones\/"},{"@type":"ListItem","position":3,"name":"Promocion de primavera Indicadores de car\u00e1tula anal\u00f3gicos"}]},{"@type":"WebSite","@id":"https:\/\/techmasterdemexico.com\/#website","url":"https:\/\/techmasterdemexico.com\/","name":"Techmaster de Mexico","description":"","potentialAction":[{"@type":"SearchAction","target":{"@type":"EntryPoint","urlTemplate":"https:\/\/techmasterdemexico.com\/?s={search_term_string}"},"query-input":{"@type":"PropertyValueSpecification","valueRequired":true,"valueName":"search_term_string"}}],"inLanguage":"en-US"}]}},"_links":{"self":[{"href":"https:\/\/techmasterdemexico.com\/en\/wp-json\/wp\/v2\/pages\/22681","targetHints":{"allow":["GET"]}}],"collection":[{"href":"https:\/\/techmasterdemexico.com\/en\/wp-json\/wp\/v2\/pages"}],"about":[{"href":"https:\/\/techmasterdemexico.com\/en\/wp-json\/wp\/v2\/types\/page"}],"author":[{"embeddable":true,"href":"https:\/\/techmasterdemexico.com\/en\/wp-json\/wp\/v2\/users\/1"}],"replies":[{"embeddable":true,"href":"https:\/\/techmasterdemexico.com\/en\/wp-json\/wp\/v2\/comments?post=22681"}],"version-history":[{"count":3,"href":"https:\/\/techmasterdemexico.com\/en\/wp-json\/wp\/v2\/pages\/22681\/revisions"}],"predecessor-version":[{"id":23874,"href":"https:\/\/techmasterdemexico.com\/en\/wp-json\/wp\/v2\/pages\/22681\/revisions\/23874"}],"up":[{"embeddable":true,"href":"https:\/\/techmasterdemexico.com\/en\/wp-json\/wp\/v2\/pages\/7972"}],"wp:attachment":[{"href":"https:\/\/techmasterdemexico.com\/en\/wp-json\/wp\/v2\/media?parent=22681"}],"curies":[{"name":"wp","href":"https:\/\/api.w.org\/{rel}","templated":true}]}}