{"id":22670,"date":"2025-05-05T13:27:56","date_gmt":"2025-05-05T20:27:56","guid":{"rendered":"https:\/\/techmasterdemexico.com\/?page_id=22670"},"modified":"2025-05-05T13:27:56","modified_gmt":"2025-05-05T20:27:56","slug":"promocion-de-primavera-indicador-absolute-digimatic","status":"publish","type":"page","link":"https:\/\/techmasterdemexico.com\/en\/promociones\/promocion-de-primavera-indicador-absolute-digimatic\/","title":{"rendered":"Promocion de primavera Indicador Absolute Digimatic"},"content":{"rendered":"<p>&nbsp;<\/p>\n<div style=\"max-width: 1000px; margin: auto;\">\n<h1 style=\"text-align: center;\"><\/h1>\n<p><img decoding=\"async\" class=\"aligncenter img-fluid\" style=\"margin-bottom: 50px; width: 100%;\" src=\"http:\/\/techmasterdemexico.com\/wp-content\/uploads\/banner-categorias-indicadores-absolute-digimatic.png\" \/><\/p>\n<div style=\"width: 100%; margin: auto;\">\n<p class=\"mb-4\" style=\"text-align: center; font-size: 30px;\">Aprovecha la promoci\u00f3n de primavera de Mitutoyo<\/p>\n<h1 style=\"text-align: center;\"><strong><i>Indicador Absolute Digimatic<\/i><\/strong><\/h1>\n<p>&nbsp;<\/p>\n<div class=\"container\">\n<div class=\"row\">\n<div class=\"col-lg-12 text-center\">\n<h3>Alto rendimiento para la l\u00ednea de producci\u00f3n<\/h3>\n<p style=\"text-align: left;\" class=\"mb-0\"><i class=\"fa fa-check\" aria-hidden=\"true\" style=\"color: #F87601;\"><\/i> Permite la comunicaci\u00f3n bidireccional para aumentar la eficiencia de trabajo.<\/p>\n<p style=\"text-align: left;\" class=\"mb-0\"><i class=\"fa fa-check\" aria-hidden=\"true\" style=\"color: #F87601;\"><\/i> Eficiencia de trabajo mejorada gracias a una legibilidad superior en su pantalla LCD.<\/p>\n<p style=\"text-align: left;\" class=\"mb-0\"><i class=\"fa fa-check\" aria-hidden=\"true\" style=\"color: #F87601;\"><\/i> Advertencia del programa de calibraci\u00f3n y car\u00e1tula giratoria<\/p>\n<p style=\"text-align: left;\"><i class=\"fa fa-check\" aria-hidden=\"true\" style=\"color: #F87601;\"><\/i> Con el software USB-IPAK realice procedimientos para ingresar datos de medici\u00f3n en Excel<\/p>\n<p class=\"mb-5\" style=\"color: #F87601;\">\u00a1Un sistema revolucionario que desaf\u00eda las mediciones convencionales!\u00a0<\/p>\n<\/div>\n<div class=\"col-lg-12 text-center\">\n<img decoding=\"async\" class=\"img-fuild mb-5\" src=\"http:\/\/techmasterdemexico.com\/wp-content\/uploads\/Precios_Indicador-Abdolute-Digimatic.png\">\n<\/div>\n<div class=\"col-lg-4 text-center\">\n<img decoding=\"async\" class=\"img-fuild mb-5\" src=\"http:\/\/techmasterdemexico.com\/wp-content\/uploads\/Precios_indicador-accesorios-1.png\">\n<\/div>\n<div class=\"col-lg-12 text-center\">\n<img decoding=\"async\" class=\"img-fuild mb-5\" src=\"http:\/\/techmasterdemexico.com\/wp-content\/uploads\/Precios_Indicador-Abdolute-Digimatic-2.png\">\n<\/div>\n<div class=\"col-lg-4 text-center\">\n<img decoding=\"async\" class=\"img-fuild mb-5\" src=\"http:\/\/techmasterdemexico.com\/wp-content\/uploads\/Precios_indicador-accesorios-2.png\">\n<\/div>\n<div class=\"col-lg-6 text-center\">\n<p>*Solo para modelos de 0.5&#8243;\/12.7mm y no requiere soporte 02AZF670<br \/>**Para modelos 1&#8243;\/25.4mm o mayores y requiere soporte 02AZF670<\/p>\n<\/div>\n<div class=\"col-lg-12 text-center\">\n<img decoding=\"async\" class=\"img-fuild mb-5\" src=\"http:\/\/techmasterdemexico.com\/wp-content\/uploads\/Precios_Indicador-Abdolute-Digimatic-3.png\">\n<\/div>\n<div class=\"col-lg-4 text-center\">\n<img decoding=\"async\" class=\"img-fuild mb-5\" src=\"http:\/\/techmasterdemexico.com\/wp-content\/uploads\/Precios_indicador-accesorios-3.png\">\n<\/div>\n<div class=\"col-lg-6 text-center\">\n<p>*Solo para modelos de 0.5&#8243;\/12.7mm y no requiere soporte 02AZF670<br \/>**Para modelos 1&#8243;\/25.4mm o mayores y requiere soporte 02AZF670<\/p>\n<\/div>\n<\/div>\n<\/div>\n<\/div>\n<style>\np{\nfont-size: 19px;\n}\n<\/style>\n","protected":false},"excerpt":{"rendered":"<p>&nbsp; Aprovecha la promoci\u00f3n de primavera de Mitutoyo Indicador Absolute Digimatic &nbsp; Alto rendimiento para la l\u00ednea de producci\u00f3n Permite la comunicaci\u00f3n bidireccional para aumentar la eficiencia de trabajo. Eficiencia de trabajo mejorada gracias a una legibilidad superior en su pantalla LCD. Advertencia del programa de calibraci\u00f3n y car\u00e1tula giratoria Con el software USB-IPAK realice [&hellip;]<\/p>\n","protected":false},"author":1,"featured_media":0,"parent":7972,"menu_order":0,"comment_status":"closed","ping_status":"closed","template":"template-nosidebar.php","meta":{"_acf_changed":false,"footnotes":""},"class_list":["post-22670","page","type-page","status-publish","hentry"],"acf":[],"yoast_head":"<!-- This site is optimized with the Yoast SEO plugin v27.3 - https:\/\/yoast.com\/product\/yoast-seo-wordpress\/ -->\n<title>Promocion de primavera Indicador Absolute Digimatic - Techmaster de Mexico<\/title>\n<meta name=\"robots\" content=\"index, follow, max-snippet:-1, max-image-preview:large, max-video-preview:-1\" \/>\n<link rel=\"canonical\" href=\"https:\/\/techmasterdemexico.com\/promociones\/promocion-de-primavera-indicador-absolute-digimatic\/\" \/>\n<meta property=\"og:locale\" content=\"en_US\" \/>\n<meta property=\"og:type\" content=\"article\" \/>\n<meta property=\"og:title\" content=\"Promocion de primavera Indicador Absolute Digimatic - Techmaster de Mexico\" \/>\n<meta property=\"og:description\" content=\"&nbsp; Aprovecha la promoci\u00f3n de primavera de Mitutoyo Indicador Absolute Digimatic &nbsp; Alto rendimiento para la l\u00ednea de producci\u00f3n Permite la comunicaci\u00f3n bidireccional para aumentar la eficiencia de trabajo. Eficiencia de trabajo mejorada gracias a una legibilidad superior en su pantalla LCD. Advertencia del programa de calibraci\u00f3n y car\u00e1tula giratoria Con el software USB-IPAK realice [&hellip;]\" \/>\n<meta property=\"og:url\" content=\"https:\/\/techmasterdemexico.com\/promociones\/promocion-de-primavera-indicador-absolute-digimatic\/\" \/>\n<meta property=\"og:site_name\" content=\"Techmaster de Mexico\" \/>\n<meta property=\"og:image\" content=\"http:\/\/techmasterdemexico.com\/wp-content\/uploads\/banner-categorias-indicadores-absolute-digimatic.png\" \/>\n<meta name=\"twitter:card\" content=\"summary_large_image\" \/>\n<script type=\"application\/ld+json\" class=\"yoast-schema-graph\">{\"@context\":\"https:\\\/\\\/schema.org\",\"@graph\":[{\"@type\":\"WebPage\",\"@id\":\"https:\\\/\\\/techmasterdemexico.com\\\/promociones\\\/promocion-de-primavera-indicador-absolute-digimatic\\\/\",\"url\":\"https:\\\/\\\/techmasterdemexico.com\\\/promociones\\\/promocion-de-primavera-indicador-absolute-digimatic\\\/\",\"name\":\"Promocion de primavera Indicador Absolute Digimatic - Techmaster de Mexico\",\"isPartOf\":{\"@id\":\"https:\\\/\\\/techmasterdemexico.com\\\/#website\"},\"primaryImageOfPage\":{\"@id\":\"https:\\\/\\\/techmasterdemexico.com\\\/promociones\\\/promocion-de-primavera-indicador-absolute-digimatic\\\/#primaryimage\"},\"image\":{\"@id\":\"https:\\\/\\\/techmasterdemexico.com\\\/promociones\\\/promocion-de-primavera-indicador-absolute-digimatic\\\/#primaryimage\"},\"thumbnailUrl\":\"http:\\\/\\\/techmasterdemexico.com\\\/wp-content\\\/uploads\\\/banner-categorias-indicadores-absolute-digimatic.png\",\"datePublished\":\"2025-05-05T20:27:56+00:00\",\"breadcrumb\":{\"@id\":\"https:\\\/\\\/techmasterdemexico.com\\\/promociones\\\/promocion-de-primavera-indicador-absolute-digimatic\\\/#breadcrumb\"},\"inLanguage\":\"en-US\",\"potentialAction\":[{\"@type\":\"ReadAction\",\"target\":[\"https:\\\/\\\/techmasterdemexico.com\\\/promociones\\\/promocion-de-primavera-indicador-absolute-digimatic\\\/\"]}]},{\"@type\":\"ImageObject\",\"inLanguage\":\"en-US\",\"@id\":\"https:\\\/\\\/techmasterdemexico.com\\\/promociones\\\/promocion-de-primavera-indicador-absolute-digimatic\\\/#primaryimage\",\"url\":\"http:\\\/\\\/techmasterdemexico.com\\\/wp-content\\\/uploads\\\/banner-categorias-indicadores-absolute-digimatic.png\",\"contentUrl\":\"http:\\\/\\\/techmasterdemexico.com\\\/wp-content\\\/uploads\\\/banner-categorias-indicadores-absolute-digimatic.png\"},{\"@type\":\"BreadcrumbList\",\"@id\":\"https:\\\/\\\/techmasterdemexico.com\\\/promociones\\\/promocion-de-primavera-indicador-absolute-digimatic\\\/#breadcrumb\",\"itemListElement\":[{\"@type\":\"ListItem\",\"position\":1,\"name\":\"Portada\",\"item\":\"https:\\\/\\\/techmasterdemexico.com\\\/\"},{\"@type\":\"ListItem\",\"position\":2,\"name\":\"Promociones\",\"item\":\"https:\\\/\\\/techmasterdemexico.com\\\/promociones\\\/\"},{\"@type\":\"ListItem\",\"position\":3,\"name\":\"Promocion de primavera Indicador Absolute Digimatic\"}]},{\"@type\":\"WebSite\",\"@id\":\"https:\\\/\\\/techmasterdemexico.com\\\/#website\",\"url\":\"https:\\\/\\\/techmasterdemexico.com\\\/\",\"name\":\"Techmaster de Mexico\",\"description\":\"\",\"potentialAction\":[{\"@type\":\"SearchAction\",\"target\":{\"@type\":\"EntryPoint\",\"urlTemplate\":\"https:\\\/\\\/techmasterdemexico.com\\\/?s={search_term_string}\"},\"query-input\":{\"@type\":\"PropertyValueSpecification\",\"valueRequired\":true,\"valueName\":\"search_term_string\"}}],\"inLanguage\":\"en-US\"}]}<\/script>\n<!-- \/ Yoast SEO plugin. -->","yoast_head_json":{"title":"Promocion de primavera Indicador Absolute Digimatic - Techmaster de Mexico","robots":{"index":"index","follow":"follow","max-snippet":"max-snippet:-1","max-image-preview":"max-image-preview:large","max-video-preview":"max-video-preview:-1"},"canonical":"https:\/\/techmasterdemexico.com\/promociones\/promocion-de-primavera-indicador-absolute-digimatic\/","og_locale":"en_US","og_type":"article","og_title":"Promocion de primavera Indicador Absolute Digimatic - Techmaster de Mexico","og_description":"&nbsp; Aprovecha la promoci\u00f3n de primavera de Mitutoyo Indicador Absolute Digimatic &nbsp; Alto rendimiento para la l\u00ednea de producci\u00f3n Permite la comunicaci\u00f3n bidireccional para aumentar la eficiencia de trabajo. Eficiencia de trabajo mejorada gracias a una legibilidad superior en su pantalla LCD. Advertencia del programa de calibraci\u00f3n y car\u00e1tula giratoria Con el software USB-IPAK realice [&hellip;]","og_url":"https:\/\/techmasterdemexico.com\/promociones\/promocion-de-primavera-indicador-absolute-digimatic\/","og_site_name":"Techmaster de Mexico","og_image":[{"url":"http:\/\/techmasterdemexico.com\/wp-content\/uploads\/banner-categorias-indicadores-absolute-digimatic.png","type":"","width":"","height":""}],"twitter_card":"summary_large_image","schema":{"@context":"https:\/\/schema.org","@graph":[{"@type":"WebPage","@id":"https:\/\/techmasterdemexico.com\/promociones\/promocion-de-primavera-indicador-absolute-digimatic\/","url":"https:\/\/techmasterdemexico.com\/promociones\/promocion-de-primavera-indicador-absolute-digimatic\/","name":"Promocion de primavera Indicador Absolute Digimatic - Techmaster de Mexico","isPartOf":{"@id":"https:\/\/techmasterdemexico.com\/#website"},"primaryImageOfPage":{"@id":"https:\/\/techmasterdemexico.com\/promociones\/promocion-de-primavera-indicador-absolute-digimatic\/#primaryimage"},"image":{"@id":"https:\/\/techmasterdemexico.com\/promociones\/promocion-de-primavera-indicador-absolute-digimatic\/#primaryimage"},"thumbnailUrl":"http:\/\/techmasterdemexico.com\/wp-content\/uploads\/banner-categorias-indicadores-absolute-digimatic.png","datePublished":"2025-05-05T20:27:56+00:00","breadcrumb":{"@id":"https:\/\/techmasterdemexico.com\/promociones\/promocion-de-primavera-indicador-absolute-digimatic\/#breadcrumb"},"inLanguage":"en-US","potentialAction":[{"@type":"ReadAction","target":["https:\/\/techmasterdemexico.com\/promociones\/promocion-de-primavera-indicador-absolute-digimatic\/"]}]},{"@type":"ImageObject","inLanguage":"en-US","@id":"https:\/\/techmasterdemexico.com\/promociones\/promocion-de-primavera-indicador-absolute-digimatic\/#primaryimage","url":"http:\/\/techmasterdemexico.com\/wp-content\/uploads\/banner-categorias-indicadores-absolute-digimatic.png","contentUrl":"http:\/\/techmasterdemexico.com\/wp-content\/uploads\/banner-categorias-indicadores-absolute-digimatic.png"},{"@type":"BreadcrumbList","@id":"https:\/\/techmasterdemexico.com\/promociones\/promocion-de-primavera-indicador-absolute-digimatic\/#breadcrumb","itemListElement":[{"@type":"ListItem","position":1,"name":"Portada","item":"https:\/\/techmasterdemexico.com\/"},{"@type":"ListItem","position":2,"name":"Promociones","item":"https:\/\/techmasterdemexico.com\/promociones\/"},{"@type":"ListItem","position":3,"name":"Promocion de primavera Indicador Absolute Digimatic"}]},{"@type":"WebSite","@id":"https:\/\/techmasterdemexico.com\/#website","url":"https:\/\/techmasterdemexico.com\/","name":"Techmaster de Mexico","description":"","potentialAction":[{"@type":"SearchAction","target":{"@type":"EntryPoint","urlTemplate":"https:\/\/techmasterdemexico.com\/?s={search_term_string}"},"query-input":{"@type":"PropertyValueSpecification","valueRequired":true,"valueName":"search_term_string"}}],"inLanguage":"en-US"}]}},"_links":{"self":[{"href":"https:\/\/techmasterdemexico.com\/en\/wp-json\/wp\/v2\/pages\/22670","targetHints":{"allow":["GET"]}}],"collection":[{"href":"https:\/\/techmasterdemexico.com\/en\/wp-json\/wp\/v2\/pages"}],"about":[{"href":"https:\/\/techmasterdemexico.com\/en\/wp-json\/wp\/v2\/types\/page"}],"author":[{"embeddable":true,"href":"https:\/\/techmasterdemexico.com\/en\/wp-json\/wp\/v2\/users\/1"}],"replies":[{"embeddable":true,"href":"https:\/\/techmasterdemexico.com\/en\/wp-json\/wp\/v2\/comments?post=22670"}],"version-history":[{"count":3,"href":"https:\/\/techmasterdemexico.com\/en\/wp-json\/wp\/v2\/pages\/22670\/revisions"}],"predecessor-version":[{"id":22680,"href":"https:\/\/techmasterdemexico.com\/en\/wp-json\/wp\/v2\/pages\/22670\/revisions\/22680"}],"up":[{"embeddable":true,"href":"https:\/\/techmasterdemexico.com\/en\/wp-json\/wp\/v2\/pages\/7972"}],"wp:attachment":[{"href":"https:\/\/techmasterdemexico.com\/en\/wp-json\/wp\/v2\/media?parent=22670"}],"curies":[{"name":"wp","href":"https:\/\/api.w.org\/{rel}","templated":true}]}}