{"id":22590,"date":"2025-05-02T13:30:10","date_gmt":"2025-05-02T20:30:10","guid":{"rendered":"https:\/\/techmasterdemexico.com\/?page_id=22590"},"modified":"2025-05-02T13:30:10","modified_gmt":"2025-05-02T20:30:10","slug":"promocion-primavera-uwave","status":"publish","type":"page","link":"https:\/\/techmasterdemexico.com\/en\/promociones\/promocion-primavera-uwave\/","title":{"rendered":"Promocion primavera &#8211; UWAVE"},"content":{"rendered":"<p>&nbsp;<\/p>\n<div style=\"width: 100%; margin: auto;\"><\/div>\n<h1 style=\"text-align: center;\"><\/h1>\n<p><img decoding=\"async\" class=\"aligncenter img-fluid\" style=\"margin-bottom: 50px; width: 100%;\" src=\"http:\/\/techmasterdemexico.com\/wp-content\/uploads\/banner-categorias-u-wave.png\" \/><\/p>\n<div style=\"width: 100%; margin: auto;\">\n<p class=\"mb-4\" style=\"text-align: center; font-size: 30px;\">Aprovecha la promoci\u00f3n de primavera de Mitutoyo<\/p>\n<h1 style=\"text-align: center;\"><strong><i>Transmisi\u00f3n inal\u00e1mbrica<br \/> de datos de medici\u00f3n<\/i><\/strong><\/h1>\n<p>&nbsp;<\/p>\n<p>&nbsp;<\/p>\n<div class=\"container\">\n<div class=\"row\">\n<div class=\"col-lg-12 text-center\">\n<img decoding=\"async\" style=\"max-width: 450px;\" class=\"img-fluid\" src=\"http:\/\/techmasterdemexico.com\/wp-content\/uploads\/u-wave-logo.png\"><\/p>\n<p class=\"mb-5\">Con U-WAVE, recompile datos en el proceso de inspecci\u00f3n de manera r\u00e1pida y precisa, y lleve la competitividad de su empresa al siguiente nivel gracias a un an\u00e1lisis de datos de medici\u00f3n detallado. Optimice su productividad y tome decisiones informadas con la tecnolog\u00eda avanzada de  U-Wave, el sistema de comunicaci\u00f3n inal\u00e1mbrica de datos de medici\u00f3n de Mitutoyo.<\/p>\n<p><img decoding=\"async\" class=\"img-fluid mb-4\" src=\"http:\/\/techmasterdemexico.com\/wp-content\/uploads\/u-wave_1.png\"><br \/>\n<img decoding=\"async\" class=\"img-fluid mb-4\" src=\"http:\/\/techmasterdemexico.com\/wp-content\/uploads\/u-wave_2.png\"><\/p>\n<h2>Sistemas U-WAVE disponibles<\/h2>\n<p><img decoding=\"async\" class=\"img-fuild mb-5\" src=\"http:\/\/techmasterdemexico.com\/wp-content\/uploads\/u-wave_3.png\">\n<\/div>\n<div class=\"col-lg-8 offset-lg-2\">\n<img decoding=\"async\" style=\"max-height: 60px;\" src=\"http:\/\/techmasterdemexico.com\/wp-content\/uploads\/u-wave-logo.png\"><\/p>\n<p>Consta de un receptor (U-WAVE-R) que se conecta a una PC y un transmisor (U-WAVE-T) que se acopla a un medidor Digimatic.<\/p>\n<p><img decoding=\"async\" style=\"max-height: 60px;\" src=\"http:\/\/techmasterdemexico.com\/wp-content\/uploads\/u-wave-fit-logo.png\"><\/p>\n<p>Dise\u00f1ado espec\u00edficamente para calibradores y micr\u00f3metros Digimatic,\u00a0 este dispositivo hereda las funciones y el rendimiento del U-WAVE, pero es m\u00e1s compacto, m\u00e1s delgado y con una operaci\u00f3n mejorada.\u00a0<\/p>\n<p><img decoding=\"async\" style=\"max-height: 60px;\" src=\"http:\/\/techmasterdemexico.com\/wp-content\/uploads\/u-wave-fit-bt-logo.png\"><\/p>\n<p>U-WAVE-fit Bluetooth\u00ae no solo se puede conectar a una PC, sino tambi\u00e9n a otros dispositivos con\u00a0Bluetooth\u00ae, como tel\u00e9fonos inteligentes o tabletas, sin necesidad de una unidad receptora externa.<\/p>\n<\/div>\n<div class=\"col-lg-12 text-center\">\n<img decoding=\"async\" class=\"img-fluid\" src=\"http:\/\/techmasterdemexico.com\/wp-content\/uploads\/logo-measurlink.png\"><\/p>\n<p>MeasurLink de Mitutoyo es una avanzada plataforma IoT dise\u00f1ada para la gesti\u00f3n integral de la calidad.<\/p>\n<p>Permite la recopilaci\u00f3n de tiempo real de datos de medici\u00f3n desde m\u00faltiples dispositivos Digimatic conectados en red, proporcionando control y an\u00e1lisis global.<\/p>\n<\/div>\n<div class=\"col-lg-3 text-center\">\n<img decoding=\"async\" src=\"http:\/\/techmasterdemexico.com\/wp-content\/uploads\/u-wave_icono-1.png\"><\/p>\n<p>Garantiza la calidad y constancia de las piezas.<\/p>\n<\/div>\n<div class=\"col-lg-3 text-center\">\n<img decoding=\"async\" src=\"http:\/\/techmasterdemexico.com\/wp-content\/uploads\/u-wave_icono-2.png\"><\/p>\n<p>Aumentar la visibilidad y accesibilidad de los datos.<\/p>\n<\/div>\n<div class=\"col-lg-3 text-center\">\n<img decoding=\"async\" src=\"http:\/\/techmasterdemexico.com\/wp-content\/uploads\/u-wave_icono-3.png\"><\/p>\n<p>\nAumentar la facilidad de uso para los inspectores en todos los entornos.<\/p>\n<\/div>\n<div class=\"col-lg-3 text-center\">\n<img decoding=\"async\" src=\"http:\/\/techmasterdemexico.com\/wp-content\/uploads\/u-wave_icono-4.png\"><\/p>\n<p>Reducir los defectos de fabricaci\u00f3n mediante el uso de SPC en tiempo real.\u00a0<\/p>\n<\/div>\n<div class=\"col-lg-12 mt-4\">\n<h2>Conecte sus instrumentos de medici\u00f3n con<\/h2>\n<p><img decoding=\"async\" style=\"max-width: 200px\" class=\"img-fluid\" src=\"http:\/\/techmasterdemexico.com\/wp-content\/uploads\/u-wave-logo.png\"><\/p>\n<p>Mitutoyo lleva su f\u00e1brica al siguiente nivel con la avanzada conexi\u00f3n U-WAVE.<br \/>\nEste innovador sistema facilita la digitalizaci\u00f3n de datos de medici\u00f3n, mejorando significativamente la eficiencia y precisi\u00f3n en su proceso de manufactura.<\/p>\n<h4>\u00a1La transformaci\u00f3n digital nunca ha sido tan f\u00e1cil y efectiva!<\/h4>\n<p><img decoding=\"async\" style=\"max-height: 60px;\"  class=\"img-fluid mb-2\" src=\"http:\/\/techmasterdemexico.com\/wp-content\/uploads\/u-wave-logo.png\"><br \/>\n<img decoding=\"async\" class=\"img-fluid mb-2\" src=\"http:\/\/techmasterdemexico.com\/wp-content\/uploads\/Precios_u-wave.png\"><\/p>\n<p><img decoding=\"async\" style=\"max-height: 60px;\" class=\"img-fluid mb-2\" src=\"http:\/\/techmasterdemexico.com\/wp-content\/uploads\/u-wave-fit-logo.png\"><br \/>\n<img decoding=\"async\" class=\"img-fluid mb-2\" src=\"http:\/\/techmasterdemexico.com\/wp-content\/uploads\/Precios_u-wave-fit.png\"><\/p>\n<p><img decoding=\"async\" style=\"max-height: 60px;\" class=\"img-fluid mb-2\" src=\"http:\/\/techmasterdemexico.com\/wp-content\/uploads\/u-wave-fit-bt-logo.png\"><br \/>\n<img decoding=\"async\" class=\"img-fluid mb-2\" src=\"http:\/\/techmasterdemexico.com\/wp-content\/uploads\/Precios_u-wave-fit-bluetooth.png\"><\/p>\n<p><img decoding=\"async\" class=\"img-fluid mb-2\" src=\"http:\/\/techmasterdemexico.com\/wp-content\/uploads\/logo-measurlink.png\"><br \/>\n<img decoding=\"async\" class=\"img-fluid mb-2\" src=\"http:\/\/techmasterdemexico.com\/wp-content\/uploads\/Precios_measurlink.png\">\n<\/div>\n<\/div>\n<\/div>\n","protected":false},"excerpt":{"rendered":"<p>&nbsp; Aprovecha la promoci\u00f3n de primavera de Mitutoyo Transmisi\u00f3n inal\u00e1mbrica de datos de medici\u00f3n &nbsp; &nbsp; Con U-WAVE, recompile datos en el proceso de inspecci\u00f3n de manera r\u00e1pida y precisa, y lleve la competitividad de su empresa al siguiente nivel gracias a un an\u00e1lisis de datos de medici\u00f3n detallado. Optimice su productividad y tome decisiones [&hellip;]<\/p>\n","protected":false},"author":1,"featured_media":0,"parent":7972,"menu_order":0,"comment_status":"closed","ping_status":"closed","template":"template-nosidebar.php","meta":{"_acf_changed":false,"footnotes":""},"class_list":["post-22590","page","type-page","status-publish","hentry"],"acf":[],"yoast_head":"<!-- This site is optimized with the Yoast SEO plugin v27.4 - https:\/\/yoast.com\/product\/yoast-seo-wordpress\/ -->\n<title>Promocion primavera &#8211; UWAVE - Techmaster de Mexico<\/title>\n<meta name=\"robots\" content=\"index, follow, max-snippet:-1, max-image-preview:large, max-video-preview:-1\" \/>\n<link rel=\"canonical\" href=\"https:\/\/techmasterdemexico.com\/promociones\/promocion-primavera-uwave\/\" \/>\n<meta property=\"og:locale\" content=\"en_US\" \/>\n<meta property=\"og:type\" content=\"article\" \/>\n<meta property=\"og:title\" content=\"Promocion primavera &#8211; UWAVE - Techmaster de Mexico\" \/>\n<meta property=\"og:description\" content=\"&nbsp; Aprovecha la promoci\u00f3n de primavera de Mitutoyo Transmisi\u00f3n inal\u00e1mbrica de datos de medici\u00f3n &nbsp; &nbsp; Con U-WAVE, recompile datos en el proceso de inspecci\u00f3n de manera r\u00e1pida y precisa, y lleve la competitividad de su empresa al siguiente nivel gracias a un an\u00e1lisis de datos de medici\u00f3n detallado. Optimice su productividad y tome decisiones [&hellip;]\" \/>\n<meta property=\"og:url\" content=\"https:\/\/techmasterdemexico.com\/promociones\/promocion-primavera-uwave\/\" \/>\n<meta property=\"og:site_name\" content=\"Techmaster de Mexico\" \/>\n<meta property=\"og:image\" content=\"http:\/\/techmasterdemexico.com\/wp-content\/uploads\/banner-categorias-u-wave.png\" \/>\n<meta name=\"twitter:card\" content=\"summary_large_image\" \/>\n<script type=\"application\/ld+json\" class=\"yoast-schema-graph\">{\"@context\":\"https:\\\/\\\/schema.org\",\"@graph\":[{\"@type\":\"WebPage\",\"@id\":\"https:\\\/\\\/techmasterdemexico.com\\\/promociones\\\/promocion-primavera-uwave\\\/\",\"url\":\"https:\\\/\\\/techmasterdemexico.com\\\/promociones\\\/promocion-primavera-uwave\\\/\",\"name\":\"Promocion primavera &#8211; UWAVE - Techmaster de Mexico\",\"isPartOf\":{\"@id\":\"https:\\\/\\\/techmasterdemexico.com\\\/#website\"},\"primaryImageOfPage\":{\"@id\":\"https:\\\/\\\/techmasterdemexico.com\\\/promociones\\\/promocion-primavera-uwave\\\/#primaryimage\"},\"image\":{\"@id\":\"https:\\\/\\\/techmasterdemexico.com\\\/promociones\\\/promocion-primavera-uwave\\\/#primaryimage\"},\"thumbnailUrl\":\"http:\\\/\\\/techmasterdemexico.com\\\/wp-content\\\/uploads\\\/banner-categorias-u-wave.png\",\"datePublished\":\"2025-05-02T20:30:10+00:00\",\"breadcrumb\":{\"@id\":\"https:\\\/\\\/techmasterdemexico.com\\\/promociones\\\/promocion-primavera-uwave\\\/#breadcrumb\"},\"inLanguage\":\"en-US\",\"potentialAction\":[{\"@type\":\"ReadAction\",\"target\":[\"https:\\\/\\\/techmasterdemexico.com\\\/promociones\\\/promocion-primavera-uwave\\\/\"]}]},{\"@type\":\"ImageObject\",\"inLanguage\":\"en-US\",\"@id\":\"https:\\\/\\\/techmasterdemexico.com\\\/promociones\\\/promocion-primavera-uwave\\\/#primaryimage\",\"url\":\"http:\\\/\\\/techmasterdemexico.com\\\/wp-content\\\/uploads\\\/banner-categorias-u-wave.png\",\"contentUrl\":\"http:\\\/\\\/techmasterdemexico.com\\\/wp-content\\\/uploads\\\/banner-categorias-u-wave.png\"},{\"@type\":\"BreadcrumbList\",\"@id\":\"https:\\\/\\\/techmasterdemexico.com\\\/promociones\\\/promocion-primavera-uwave\\\/#breadcrumb\",\"itemListElement\":[{\"@type\":\"ListItem\",\"position\":1,\"name\":\"Portada\",\"item\":\"https:\\\/\\\/techmasterdemexico.com\\\/\"},{\"@type\":\"ListItem\",\"position\":2,\"name\":\"Promociones\",\"item\":\"https:\\\/\\\/techmasterdemexico.com\\\/promociones\\\/\"},{\"@type\":\"ListItem\",\"position\":3,\"name\":\"Promocion primavera &#8211; UWAVE\"}]},{\"@type\":\"WebSite\",\"@id\":\"https:\\\/\\\/techmasterdemexico.com\\\/#website\",\"url\":\"https:\\\/\\\/techmasterdemexico.com\\\/\",\"name\":\"Techmaster de Mexico\",\"description\":\"\",\"potentialAction\":[{\"@type\":\"SearchAction\",\"target\":{\"@type\":\"EntryPoint\",\"urlTemplate\":\"https:\\\/\\\/techmasterdemexico.com\\\/?s={search_term_string}\"},\"query-input\":{\"@type\":\"PropertyValueSpecification\",\"valueRequired\":true,\"valueName\":\"search_term_string\"}}],\"inLanguage\":\"en-US\"}]}<\/script>\n<!-- \/ Yoast SEO plugin. -->","yoast_head_json":{"title":"Promocion primavera &#8211; UWAVE - Techmaster de Mexico","robots":{"index":"index","follow":"follow","max-snippet":"max-snippet:-1","max-image-preview":"max-image-preview:large","max-video-preview":"max-video-preview:-1"},"canonical":"https:\/\/techmasterdemexico.com\/promociones\/promocion-primavera-uwave\/","og_locale":"en_US","og_type":"article","og_title":"Promocion primavera &#8211; UWAVE - Techmaster de Mexico","og_description":"&nbsp; Aprovecha la promoci\u00f3n de primavera de Mitutoyo Transmisi\u00f3n inal\u00e1mbrica de datos de medici\u00f3n &nbsp; &nbsp; Con U-WAVE, recompile datos en el proceso de inspecci\u00f3n de manera r\u00e1pida y precisa, y lleve la competitividad de su empresa al siguiente nivel gracias a un an\u00e1lisis de datos de medici\u00f3n detallado. Optimice su productividad y tome decisiones [&hellip;]","og_url":"https:\/\/techmasterdemexico.com\/promociones\/promocion-primavera-uwave\/","og_site_name":"Techmaster de Mexico","og_image":[{"url":"http:\/\/techmasterdemexico.com\/wp-content\/uploads\/banner-categorias-u-wave.png","type":"","width":"","height":""}],"twitter_card":"summary_large_image","schema":{"@context":"https:\/\/schema.org","@graph":[{"@type":"WebPage","@id":"https:\/\/techmasterdemexico.com\/promociones\/promocion-primavera-uwave\/","url":"https:\/\/techmasterdemexico.com\/promociones\/promocion-primavera-uwave\/","name":"Promocion primavera &#8211; UWAVE - Techmaster de Mexico","isPartOf":{"@id":"https:\/\/techmasterdemexico.com\/#website"},"primaryImageOfPage":{"@id":"https:\/\/techmasterdemexico.com\/promociones\/promocion-primavera-uwave\/#primaryimage"},"image":{"@id":"https:\/\/techmasterdemexico.com\/promociones\/promocion-primavera-uwave\/#primaryimage"},"thumbnailUrl":"http:\/\/techmasterdemexico.com\/wp-content\/uploads\/banner-categorias-u-wave.png","datePublished":"2025-05-02T20:30:10+00:00","breadcrumb":{"@id":"https:\/\/techmasterdemexico.com\/promociones\/promocion-primavera-uwave\/#breadcrumb"},"inLanguage":"en-US","potentialAction":[{"@type":"ReadAction","target":["https:\/\/techmasterdemexico.com\/promociones\/promocion-primavera-uwave\/"]}]},{"@type":"ImageObject","inLanguage":"en-US","@id":"https:\/\/techmasterdemexico.com\/promociones\/promocion-primavera-uwave\/#primaryimage","url":"http:\/\/techmasterdemexico.com\/wp-content\/uploads\/banner-categorias-u-wave.png","contentUrl":"http:\/\/techmasterdemexico.com\/wp-content\/uploads\/banner-categorias-u-wave.png"},{"@type":"BreadcrumbList","@id":"https:\/\/techmasterdemexico.com\/promociones\/promocion-primavera-uwave\/#breadcrumb","itemListElement":[{"@type":"ListItem","position":1,"name":"Portada","item":"https:\/\/techmasterdemexico.com\/"},{"@type":"ListItem","position":2,"name":"Promociones","item":"https:\/\/techmasterdemexico.com\/promociones\/"},{"@type":"ListItem","position":3,"name":"Promocion primavera &#8211; UWAVE"}]},{"@type":"WebSite","@id":"https:\/\/techmasterdemexico.com\/#website","url":"https:\/\/techmasterdemexico.com\/","name":"Techmaster de Mexico","description":"","potentialAction":[{"@type":"SearchAction","target":{"@type":"EntryPoint","urlTemplate":"https:\/\/techmasterdemexico.com\/?s={search_term_string}"},"query-input":{"@type":"PropertyValueSpecification","valueRequired":true,"valueName":"search_term_string"}}],"inLanguage":"en-US"}]}},"_links":{"self":[{"href":"https:\/\/techmasterdemexico.com\/en\/wp-json\/wp\/v2\/pages\/22590","targetHints":{"allow":["GET"]}}],"collection":[{"href":"https:\/\/techmasterdemexico.com\/en\/wp-json\/wp\/v2\/pages"}],"about":[{"href":"https:\/\/techmasterdemexico.com\/en\/wp-json\/wp\/v2\/types\/page"}],"author":[{"embeddable":true,"href":"https:\/\/techmasterdemexico.com\/en\/wp-json\/wp\/v2\/users\/1"}],"replies":[{"embeddable":true,"href":"https:\/\/techmasterdemexico.com\/en\/wp-json\/wp\/v2\/comments?post=22590"}],"version-history":[{"count":4,"href":"https:\/\/techmasterdemexico.com\/en\/wp-json\/wp\/v2\/pages\/22590\/revisions"}],"predecessor-version":[{"id":22617,"href":"https:\/\/techmasterdemexico.com\/en\/wp-json\/wp\/v2\/pages\/22590\/revisions\/22617"}],"up":[{"embeddable":true,"href":"https:\/\/techmasterdemexico.com\/en\/wp-json\/wp\/v2\/pages\/7972"}],"wp:attachment":[{"href":"https:\/\/techmasterdemexico.com\/en\/wp-json\/wp\/v2\/media?parent=22590"}],"curies":[{"name":"wp","href":"https:\/\/api.w.org\/{rel}","templated":true}]}}