{"id":22579,"date":"2025-04-22T17:53:13","date_gmt":"2025-04-23T00:53:13","guid":{"rendered":"https:\/\/techmasterdemexico.com\/?page_id=22579"},"modified":"2025-04-24T12:16:46","modified_gmt":"2025-04-24T19:16:46","slug":"domina-la-termografia-desde-el-primer-nivel","status":"publish","type":"page","link":"https:\/\/techmasterdemexico.com\/en\/calendario-eventos\/domina-la-termografia-desde-el-primer-nivel\/","title":{"rendered":"Domina la termograf\u00eda desde el primer nivel"},"content":{"rendered":"<div style=\"max-width: 628px; margin: auto; font-size: 18px;\">\n<h2 class=\"mb-4\" align=\"center\"><b>Curso para certificaci\u00f3n Presencial Term\u00f3grafo Nivel 1. <\/b><\/h2>\n<\/div>\n<p><img decoding=\"async\" class=\"aligncenter img-fluid\" style=\"margin-bottom: 50px; max-width: 700px; width: 100%;\" src=\"http:\/\/techmasterdemexico.com\/wp-content\/uploads\/Curso-presencial-temario.png\" \/><\/p>\n<div style=\"max-width: 628px; margin: auto;\">\n<div class=\"row mt-1 mb-3\"><\/div>\n<p style=\"text-align: center;\" class=\"strong\">En este curso conocer\u00e1s:<\/p>\n<p style=\"text-align: center;\">&gt;&gt; <span style=\"color: #ff7600;\"><b class=\"strong\">Martes, 09:00 \u2013 18:00 hrs.<\/b><\/span><br \/>\n&gt;&gt; <span style=\"color: #ff7600;\">Introducci\u00f3n y visi\u00f3n general del curso<\/span><br \/>\n&gt;&gt; <span style=\"color: #ff7600;\">Presentaci\u00f3n: &#8220;Pensando t\u00e9rmicamente&#8221;<\/span><br \/>\n&gt;&gt; <span style=\"color: #ff7600;\">Ajustes b\u00e1sicos en las c\u00e1maras termogr\u00e1ficas: Rango, Intervalo y Nivel T\u00e9rmico<\/span><br \/>\n<span style=\"color: #ff7600;\">\u00a1Y m\u00e1s!<\/span><\/p>\n<p>&nbsp;<\/p>\n<p style=\"text-align: center;\">&gt;&gt; <span style=\"color: #ff7600;\"><b class=\"strong\">Mi\u00e9rcoles, 09:00 hrs \u2013 18:00 hrs.<\/b><\/span><br \/>\n&gt;&gt; <span style=\"color: #ff7600;\">Teor\u00eda de las c\u00e1maras termogr\u00e1ficas: funcionamiento, resoluci\u00f3n y sensibilidad t\u00e9rmica. <\/span><br \/>\n&gt;&gt; <span style=\"color: #ff7600;\">Temperatura y Calor <\/span><br \/>\n&gt;&gt; <span style=\"color: #ff7600;\">Transferencia de color por conducci\u00f3n<\/span><br \/>\n<span style=\"color: #ff7600;\">\u00a1Y m\u00e1s!<\/span><\/p>\n<p>&nbsp;<\/p>\n<p style=\"text-align: center;\">&gt;&gt; <span style=\"color: #ff7600;\"><b class=\"strong\">Jueves, 09:00 hrs \u2013 18:00 hrs.<\/b><\/span><br \/>\n&gt;&gt; <span style=\"color: #ff7600;\">Mediciones b\u00e1sicas de temperatura por radiometr\u00eda<\/span><br \/>\n&gt;&gt; <span style=\"color: #ff7600;\">Inspecciones de equipos el\u00e9ctricos: seguridad, patrones t\u00e9rmicos y condiciones adecuadas para realizar inspecciones<\/span><br \/>\n&gt;&gt; <span style=\"color: #ff7600;\">Examen pr\u00e1ctico para certificaci\u00f3n est\u00e1ndar Snell<\/span><br \/>\n<span style=\"color: #ff7600;\">\u00a1Y m\u00e1s!<\/span><\/p>\n<p>&nbsp;<\/p>\n<p style=\"text-align: center;\">&gt;&gt; <span style=\"color: #ff7600;\"><b class=\"strong\">Viernes, 09:00 hrs \u2013 18:00 hrs. .<\/b><\/span><br \/>\n&gt;&gt; <span style=\"color: #ff7600;\">Inspecciones en edificios: conducci\u00f3n, filtraci\u00f3n de aire y condiciones adecuadas para realizar inspecciones<\/span><br \/>\n&gt;&gt; <span style=\"color: #ff7600;\">Repaso general<\/span><br \/>\n&gt;&gt; <span style=\"color: #ff7600;\">Ex\u00e1menes escritos: general y especifico<\/span><br \/>\n<span style=\"color: #ff7600;\">\u00a1Y m\u00e1s!<\/span><\/p>\n<p>&nbsp;<br \/>\n<center><\/p>\n<p class=\"strong\" style=\"margin-bottom: 0px;\">\u00bfD\u00f3nde y cu\u00e1ndo se impartir\u00e1 este curso?<\/p>\n<p style=\"margin-bottom: 0px; color: #ff7600;\"><span style=\"display: inline-flex;\"><img decoding=\"async\" style=\"height: 20px;\" src=\"http:\/\/techmasterdemexico.com\/wp-content\/uploads\/icono-calendario.png\" \/> Del 08 al 11 de julio del 2025<\/span><\/p>\n<p style=\"margin-bottom: 0px; color: #ff7600;\"><span style=\"display: inline-flex;\"><img decoding=\"async\" style=\"height: 20px;\" src=\"http:\/\/techmasterdemexico.com\/wp-content\/uploads\/icono-reloj.png\" \/> 09:00 am \u2013 6:00 pm <\/span><\/p>\n<p style=\"margin-bottom: 0px; color: #ff7600;\"><span style=\"display: inline-flex;\"><img decoding=\"async\" style=\"height: 20px;\" src=\"http:\/\/techmasterdemexico.com\/wp-content\/uploads\/icono-duracion.png\" \/> Duraci\u00f3n  9 horas por d\u00eda<\/span><\/p>\n<p style=\"margin-bottom: 0px; color: #ff7600;\"><span style=\"display: inline-flex;\"><img decoding=\"async\" style=\"height: 20px;\" src=\"http:\/\/techmasterdemexico.com\/wp-content\/uploads\/icono-ubicacion.png\" \/> Lugar: Quer\u00e9taro<\/span><\/p>\n<p><\/center><\/p>\n<p style=\"text-align: center;\"><span class=\"strong\">Incluye:<\/span><br \/>\n&gt;&gt; <span style=\"color: #ff7600;\">Materiales impresos<\/span><br \/>\n&gt;&gt; <span style=\"color: #ff7600;\">Comida (Solo en curso presencial)<\/span><br \/>\n&gt;&gt; <span style=\"color: #ff7600;\">Acceso al curso <\/span><\/p>\n<h4 style=\"color: #0432A0; font-size: 20px;\" align=\"center\">\ud83d\udcde<a class=\"strong\" style=\"color: #0432A0;\" href=\"tel:+528007329874\" target=\"_blank\" rel=\"noopener\">800 732 9874<\/a><\/h4>\n<h4 style=\"color: #0432A0; font-size: 20px;\" align=\"center\">\u2709\ufe0f<a class=\"strong\" style=\"color: #0432A0;\" href=\"mailto:contacto@techmaster.us\" target=\"_blank\" rel=\"noopener\">contacto@techmaster.us<\/a><\/h4>\n<h4 style=\"color: #0432A0;  font-size: 20px; text-align: center;\" align=\"center\"><a class=\"strong\" style=\"display: inline-flex; color: #0432A0\" href=\"https:\/\/api.whatsapp.com\/send\/?phone=526643875607&amp;app_absent=0\" target=\"_blank\" rel=\"noopener\"><br \/>\n<img decoding=\"async\" style=\"height: 25px;\" src=\"https:\/\/techmasterdemexico.com\/wp-content\/themes\/techmastermexico\/assets\/images\/logos\/icn_whatsapp.png\" alt=\"Whatsapp\" \/> +52 664 387 5607<\/a><\/h4>\n<\/div>\n<style>\np{\nfont-size: 17px; line-height: 1.1;\ncolor:#0432A0;}\n<\/style>\n","protected":false},"excerpt":{"rendered":"<p>Curso para certificaci\u00f3n Presencial Term\u00f3grafo Nivel 1. En este curso conocer\u00e1s: &gt;&gt; Martes, 09:00 \u2013 18:00 hrs. &gt;&gt; Introducci\u00f3n y visi\u00f3n general del curso &gt;&gt; Presentaci\u00f3n: &#8220;Pensando t\u00e9rmicamente&#8221; &gt;&gt; Ajustes b\u00e1sicos en las c\u00e1maras termogr\u00e1ficas: Rango, Intervalo y Nivel T\u00e9rmico \u00a1Y m\u00e1s! &nbsp; &gt;&gt; Mi\u00e9rcoles, 09:00 hrs \u2013 18:00 hrs. &gt;&gt; Teor\u00eda de las c\u00e1maras [&hellip;]<\/p>\n","protected":false},"author":1,"featured_media":0,"parent":7743,"menu_order":0,"comment_status":"closed","ping_status":"closed","template":"template-nosidebar.php","meta":{"_acf_changed":false,"footnotes":""},"class_list":["post-22579","page","type-page","status-publish","hentry"],"acf":[],"yoast_head":"<!-- This site is optimized with the Yoast SEO plugin v27.3 - https:\/\/yoast.com\/product\/yoast-seo-wordpress\/ -->\n<title>Domina la termograf\u00eda desde el primer nivel - Techmaster de Mexico<\/title>\n<meta name=\"robots\" content=\"index, follow, max-snippet:-1, max-image-preview:large, max-video-preview:-1\" \/>\n<link rel=\"canonical\" href=\"https:\/\/techmasterdemexico.com\/calendario-eventos\/domina-la-termografia-desde-el-primer-nivel\/\" \/>\n<meta property=\"og:locale\" content=\"en_US\" \/>\n<meta property=\"og:type\" content=\"article\" \/>\n<meta property=\"og:title\" content=\"Domina la termograf\u00eda desde el primer nivel - Techmaster de Mexico\" \/>\n<meta property=\"og:description\" content=\"Curso para certificaci\u00f3n Presencial Term\u00f3grafo Nivel 1. En este curso conocer\u00e1s: &gt;&gt; Martes, 09:00 \u2013 18:00 hrs. &gt;&gt; Introducci\u00f3n y visi\u00f3n general del curso &gt;&gt; Presentaci\u00f3n: &#8220;Pensando t\u00e9rmicamente&#8221; &gt;&gt; Ajustes b\u00e1sicos en las c\u00e1maras termogr\u00e1ficas: Rango, Intervalo y Nivel T\u00e9rmico \u00a1Y m\u00e1s! &nbsp; &gt;&gt; Mi\u00e9rcoles, 09:00 hrs \u2013 18:00 hrs. &gt;&gt; Teor\u00eda de las c\u00e1maras [&hellip;]\" \/>\n<meta property=\"og:url\" content=\"https:\/\/techmasterdemexico.com\/calendario-eventos\/domina-la-termografia-desde-el-primer-nivel\/\" \/>\n<meta property=\"og:site_name\" content=\"Techmaster de Mexico\" \/>\n<meta property=\"article:modified_time\" content=\"2025-04-24T19:16:46+00:00\" \/>\n<meta property=\"og:image\" content=\"http:\/\/techmasterdemexico.com\/wp-content\/uploads\/Curso-presencial-temario.png\" \/>\n<meta name=\"twitter:card\" content=\"summary_large_image\" \/>\n<meta name=\"twitter:label1\" content=\"Est. reading time\" \/>\n\t<meta name=\"twitter:data1\" content=\"2 minutes\" \/>\n<script type=\"application\/ld+json\" class=\"yoast-schema-graph\">{\"@context\":\"https:\\\/\\\/schema.org\",\"@graph\":[{\"@type\":\"WebPage\",\"@id\":\"https:\\\/\\\/techmasterdemexico.com\\\/calendario-eventos\\\/domina-la-termografia-desde-el-primer-nivel\\\/\",\"url\":\"https:\\\/\\\/techmasterdemexico.com\\\/calendario-eventos\\\/domina-la-termografia-desde-el-primer-nivel\\\/\",\"name\":\"Domina la termograf\u00eda desde el primer nivel - Techmaster de Mexico\",\"isPartOf\":{\"@id\":\"https:\\\/\\\/techmasterdemexico.com\\\/#website\"},\"primaryImageOfPage\":{\"@id\":\"https:\\\/\\\/techmasterdemexico.com\\\/calendario-eventos\\\/domina-la-termografia-desde-el-primer-nivel\\\/#primaryimage\"},\"image\":{\"@id\":\"https:\\\/\\\/techmasterdemexico.com\\\/calendario-eventos\\\/domina-la-termografia-desde-el-primer-nivel\\\/#primaryimage\"},\"thumbnailUrl\":\"http:\\\/\\\/techmasterdemexico.com\\\/wp-content\\\/uploads\\\/Curso-presencial-temario.png\",\"datePublished\":\"2025-04-23T00:53:13+00:00\",\"dateModified\":\"2025-04-24T19:16:46+00:00\",\"breadcrumb\":{\"@id\":\"https:\\\/\\\/techmasterdemexico.com\\\/calendario-eventos\\\/domina-la-termografia-desde-el-primer-nivel\\\/#breadcrumb\"},\"inLanguage\":\"en-US\",\"potentialAction\":[{\"@type\":\"ReadAction\",\"target\":[\"https:\\\/\\\/techmasterdemexico.com\\\/calendario-eventos\\\/domina-la-termografia-desde-el-primer-nivel\\\/\"]}]},{\"@type\":\"ImageObject\",\"inLanguage\":\"en-US\",\"@id\":\"https:\\\/\\\/techmasterdemexico.com\\\/calendario-eventos\\\/domina-la-termografia-desde-el-primer-nivel\\\/#primaryimage\",\"url\":\"http:\\\/\\\/techmasterdemexico.com\\\/wp-content\\\/uploads\\\/Curso-presencial-temario.png\",\"contentUrl\":\"http:\\\/\\\/techmasterdemexico.com\\\/wp-content\\\/uploads\\\/Curso-presencial-temario.png\"},{\"@type\":\"BreadcrumbList\",\"@id\":\"https:\\\/\\\/techmasterdemexico.com\\\/calendario-eventos\\\/domina-la-termografia-desde-el-primer-nivel\\\/#breadcrumb\",\"itemListElement\":[{\"@type\":\"ListItem\",\"position\":1,\"name\":\"Portada\",\"item\":\"https:\\\/\\\/techmasterdemexico.com\\\/\"},{\"@type\":\"ListItem\",\"position\":2,\"name\":\"Calendario de eventos\",\"item\":\"https:\\\/\\\/techmasterdemexico.com\\\/calendario-eventos\\\/\"},{\"@type\":\"ListItem\",\"position\":3,\"name\":\"Domina la termograf\u00eda desde el primer nivel\"}]},{\"@type\":\"WebSite\",\"@id\":\"https:\\\/\\\/techmasterdemexico.com\\\/#website\",\"url\":\"https:\\\/\\\/techmasterdemexico.com\\\/\",\"name\":\"Techmaster de Mexico\",\"description\":\"\",\"potentialAction\":[{\"@type\":\"SearchAction\",\"target\":{\"@type\":\"EntryPoint\",\"urlTemplate\":\"https:\\\/\\\/techmasterdemexico.com\\\/?s={search_term_string}\"},\"query-input\":{\"@type\":\"PropertyValueSpecification\",\"valueRequired\":true,\"valueName\":\"search_term_string\"}}],\"inLanguage\":\"en-US\"}]}<\/script>\n<!-- \/ Yoast SEO plugin. -->","yoast_head_json":{"title":"Domina la termograf\u00eda desde el primer nivel - Techmaster de Mexico","robots":{"index":"index","follow":"follow","max-snippet":"max-snippet:-1","max-image-preview":"max-image-preview:large","max-video-preview":"max-video-preview:-1"},"canonical":"https:\/\/techmasterdemexico.com\/calendario-eventos\/domina-la-termografia-desde-el-primer-nivel\/","og_locale":"en_US","og_type":"article","og_title":"Domina la termograf\u00eda desde el primer nivel - Techmaster de Mexico","og_description":"Curso para certificaci\u00f3n Presencial Term\u00f3grafo Nivel 1. En este curso conocer\u00e1s: &gt;&gt; Martes, 09:00 \u2013 18:00 hrs. &gt;&gt; Introducci\u00f3n y visi\u00f3n general del curso &gt;&gt; Presentaci\u00f3n: &#8220;Pensando t\u00e9rmicamente&#8221; &gt;&gt; Ajustes b\u00e1sicos en las c\u00e1maras termogr\u00e1ficas: Rango, Intervalo y Nivel T\u00e9rmico \u00a1Y m\u00e1s! &nbsp; &gt;&gt; Mi\u00e9rcoles, 09:00 hrs \u2013 18:00 hrs. &gt;&gt; Teor\u00eda de las c\u00e1maras [&hellip;]","og_url":"https:\/\/techmasterdemexico.com\/calendario-eventos\/domina-la-termografia-desde-el-primer-nivel\/","og_site_name":"Techmaster de Mexico","article_modified_time":"2025-04-24T19:16:46+00:00","og_image":[{"url":"http:\/\/techmasterdemexico.com\/wp-content\/uploads\/Curso-presencial-temario.png","type":"","width":"","height":""}],"twitter_card":"summary_large_image","twitter_misc":{"Est. reading time":"2 minutes"},"schema":{"@context":"https:\/\/schema.org","@graph":[{"@type":"WebPage","@id":"https:\/\/techmasterdemexico.com\/calendario-eventos\/domina-la-termografia-desde-el-primer-nivel\/","url":"https:\/\/techmasterdemexico.com\/calendario-eventos\/domina-la-termografia-desde-el-primer-nivel\/","name":"Domina la termograf\u00eda desde el primer nivel - Techmaster de Mexico","isPartOf":{"@id":"https:\/\/techmasterdemexico.com\/#website"},"primaryImageOfPage":{"@id":"https:\/\/techmasterdemexico.com\/calendario-eventos\/domina-la-termografia-desde-el-primer-nivel\/#primaryimage"},"image":{"@id":"https:\/\/techmasterdemexico.com\/calendario-eventos\/domina-la-termografia-desde-el-primer-nivel\/#primaryimage"},"thumbnailUrl":"http:\/\/techmasterdemexico.com\/wp-content\/uploads\/Curso-presencial-temario.png","datePublished":"2025-04-23T00:53:13+00:00","dateModified":"2025-04-24T19:16:46+00:00","breadcrumb":{"@id":"https:\/\/techmasterdemexico.com\/calendario-eventos\/domina-la-termografia-desde-el-primer-nivel\/#breadcrumb"},"inLanguage":"en-US","potentialAction":[{"@type":"ReadAction","target":["https:\/\/techmasterdemexico.com\/calendario-eventos\/domina-la-termografia-desde-el-primer-nivel\/"]}]},{"@type":"ImageObject","inLanguage":"en-US","@id":"https:\/\/techmasterdemexico.com\/calendario-eventos\/domina-la-termografia-desde-el-primer-nivel\/#primaryimage","url":"http:\/\/techmasterdemexico.com\/wp-content\/uploads\/Curso-presencial-temario.png","contentUrl":"http:\/\/techmasterdemexico.com\/wp-content\/uploads\/Curso-presencial-temario.png"},{"@type":"BreadcrumbList","@id":"https:\/\/techmasterdemexico.com\/calendario-eventos\/domina-la-termografia-desde-el-primer-nivel\/#breadcrumb","itemListElement":[{"@type":"ListItem","position":1,"name":"Portada","item":"https:\/\/techmasterdemexico.com\/"},{"@type":"ListItem","position":2,"name":"Calendario de eventos","item":"https:\/\/techmasterdemexico.com\/calendario-eventos\/"},{"@type":"ListItem","position":3,"name":"Domina la termograf\u00eda desde el primer nivel"}]},{"@type":"WebSite","@id":"https:\/\/techmasterdemexico.com\/#website","url":"https:\/\/techmasterdemexico.com\/","name":"Techmaster de Mexico","description":"","potentialAction":[{"@type":"SearchAction","target":{"@type":"EntryPoint","urlTemplate":"https:\/\/techmasterdemexico.com\/?s={search_term_string}"},"query-input":{"@type":"PropertyValueSpecification","valueRequired":true,"valueName":"search_term_string"}}],"inLanguage":"en-US"}]}},"_links":{"self":[{"href":"https:\/\/techmasterdemexico.com\/en\/wp-json\/wp\/v2\/pages\/22579","targetHints":{"allow":["GET"]}}],"collection":[{"href":"https:\/\/techmasterdemexico.com\/en\/wp-json\/wp\/v2\/pages"}],"about":[{"href":"https:\/\/techmasterdemexico.com\/en\/wp-json\/wp\/v2\/types\/page"}],"author":[{"embeddable":true,"href":"https:\/\/techmasterdemexico.com\/en\/wp-json\/wp\/v2\/users\/1"}],"replies":[{"embeddable":true,"href":"https:\/\/techmasterdemexico.com\/en\/wp-json\/wp\/v2\/comments?post=22579"}],"version-history":[{"count":2,"href":"https:\/\/techmasterdemexico.com\/en\/wp-json\/wp\/v2\/pages\/22579\/revisions"}],"predecessor-version":[{"id":22585,"href":"https:\/\/techmasterdemexico.com\/en\/wp-json\/wp\/v2\/pages\/22579\/revisions\/22585"}],"up":[{"embeddable":true,"href":"https:\/\/techmasterdemexico.com\/en\/wp-json\/wp\/v2\/pages\/7743"}],"wp:attachment":[{"href":"https:\/\/techmasterdemexico.com\/en\/wp-json\/wp\/v2\/media?parent=22579"}],"curies":[{"name":"wp","href":"https:\/\/api.w.org\/{rel}","templated":true}]}}