{"id":22559,"date":"2025-05-07T17:45:18","date_gmt":"2025-05-08T00:45:18","guid":{"rendered":"https:\/\/techmasterdemexico.com\/?page_id=22559"},"modified":"2025-05-12T09:33:41","modified_gmt":"2025-05-12T16:33:41","slug":"promocion-de-primavera","status":"publish","type":"page","link":"https:\/\/techmasterdemexico.com\/en\/promociones\/promocion-de-primavera\/","title":{"rendered":"Promocion de primavera"},"content":{"rendered":"<p>&nbsp;<\/p>\n<div style=\"width: 100%; margin: auto;\"><\/div>\n<h1 style=\"text-align: center;\"><\/h1>\n<p><img decoding=\"async\" class=\"aligncenter img-fluid\" style=\"margin-bottom: 50px; width: 100%;\" src=\"http:\/\/techmasterdemexico.com\/wp-content\/uploads\/Banner-promocion-7.png\" \/><\/p>\n<div style=\"width: 100%; margin: auto;\">\n<h2 style=\"text-align: center;\"><strong>Aprovecha la promoci\u00f3n de primavera de Mitutoyo<\/strong><\/h2>\n<p style=\"text-align: center;\">Consulta las categor\u00edas de equipos en promoci\u00f3n<\/p>\n<p>&nbsp;<\/p>\n<p>&nbsp;<\/p>\n<hr class=\"mb-4\" \/>\n<div class=\"container\">\n<div class=\"row\">\n<div class=\"col-md-3 col-6 mb-4\"><a href=\"https:\/\/techmasterdemexico.com\/promociones\/promocion-primavera-uwave\/\" target=\"_blank\" rel=\"noopener\"><img decoding=\"async\" class=\"img-fluid\" src=\"http:\/\/techmasterdemexico.com\/wp-content\/uploads\/01-u-wave.png\" \/><\/a><\/div>\n<div class=\"col-md-3 col-6 mb-4\"><a href=\"https:\/\/techmasterdemexico.com\/promociones\/promocion-de-primavera-micrometros-digimatic-con-salida-de-datos\/\" target=\"_blank\" rel=\"noopener\"><img decoding=\"async\" class=\"img-fluid\" src=\"http:\/\/techmasterdemexico.com\/wp-content\/uploads\/02-micrometros-digimatic.png\" \/><\/a><\/div>\n<div class=\"col-md-3 col-6 mb-4\"><a href=\"https:\/\/techmasterdemexico.com\/promociones\/promocion-de-primavera-calibrador-digimatic\/\" target=\"_blank\" rel=\"noopener\"><img decoding=\"async\" class=\"img-fluid\" src=\"http:\/\/techmasterdemexico.com\/wp-content\/uploads\/03-caliper-digimatic.png\" \/><\/a><\/div>\n<div class=\"col-md-3 col-6 mb-4\"><a href=\"https:\/\/techmasterdemexico.com\/promociones\/promocion-de-primavera-micrometro-digimatic-quantumike\/\" target=\"_blank\" rel=\"noopener\"><img decoding=\"async\" class=\"img-fluid\" src=\"http:\/\/techmasterdemexico.com\/wp-content\/uploads\/04-micrometros-digimatic-quantumike.png\" \/><\/a><\/div>\n<div class=\"col-md-3 col-6 mb-4\"><a href=\"https:\/\/techmasterdemexico.com\/promociones\/promocion-de-primavera-rugosimetro-portatil-sj-220\/\" target=\"_blank\" rel=\"noopener\"><img decoding=\"async\" class=\"img-fluid\" src=\"http:\/\/techmasterdemexico.com\/wp-content\/uploads\/05-rugosimetro-portatil-SJ-220.png\" \/><\/a><\/div>\n<div class=\"col-md-3 col-6 mb-4\"><a href=\"https:\/\/techmasterdemexico.com\/promociones\/promocion-de-verano-medidor-de-alturas-lh-600f\/\" target=\"_blank\" rel=\"noopener\"><img decoding=\"async\" class=\"img-fluid\" src=\"http:\/\/techmasterdemexico.com\/wp-content\/uploads\/06-medidor-de-alturas-LH-600F.png\" \/><\/a><\/div>\n<div class=\"col-md-3 col-6 mb-4\"><a href=\"https:\/\/techmasterdemexico.com\/promociones\/promocion-de-primavera-sensores-de-alta-exactitud-lg-100-200\/\" target=\"_blank\" rel=\"noopener\"><img decoding=\"async\" class=\"img-fluid\" src=\"http:\/\/techmasterdemexico.com\/wp-content\/uploads\/07-LG-100-200.png\" \/><\/a><\/div>\n<div class=\"col-md-3 col-6 mb-4\"><a href=\"https:\/\/techmasterdemexico.com\/promociones\/promocion-de-primavera-indicador-absolute-digimatic\/\" target=\"_blank\" rel=\"noopener\"><img decoding=\"async\" class=\"img-fluid\" src=\"http:\/\/techmasterdemexico.com\/wp-content\/uploads\/08-indicadores-absolute-digimatic.png\" \/><\/a><\/div>\n<div class=\"col-md-3 col-6 mb-4\"><a href=\"https:\/\/techmasterdemexico.com\/promociones\/promocion-de-primavera-bloques-de-patron-rectangulares\/\" target=\"_blank\" rel=\"noopener\"><img decoding=\"async\" class=\"img-fluid\" src=\"http:\/\/techmasterdemexico.com\/wp-content\/uploads\/09-bloques-de-patron.png\" \/><\/a><\/div>\n<div class=\"col-md-3 col-6 mb-4\"><a href=\"https:\/\/techmasterdemexico.com\/promociones\/promocion-de-verano-micrometros-analogos-de-exteriores\/\" target=\"_blank\" rel=\"noopener\"><img decoding=\"async\" class=\"img-fluid\" src=\"http:\/\/techmasterdemexico.com\/wp-content\/uploads\/10-micrometros-analogicos.png\" \/><\/a><\/div>\n<div class=\"col-md-3 col-6 mb-4\"><a href=\"https:\/\/techmasterdemexico.com\/promociones\/promocion-de-primavera-calibradores-vernier\/\" target=\"_blank\" rel=\"noopener\"><img decoding=\"async\" class=\"img-fluid\" src=\"http:\/\/techmasterdemexico.com\/wp-content\/uploads\/11-calibradores-vernier.png\" \/><\/a><\/div>\n<div class=\"col-md-3 col-6 mb-4\"><a href=\"https:\/\/techmasterdemexico.com\/promociones\/promocion-de-primavera-medidor-de-altura-vernier\/\" target=\"_blank\" rel=\"noopener\"><img decoding=\"async\" class=\"img-fluid\" src=\"http:\/\/techmasterdemexico.com\/wp-content\/uploads\/12-medidores-de-altura-vernier.png\" \/><\/a><\/div>\n<div class=\"col-md-3 col-6 mb-4\"><a href=\"https:\/\/techmasterdemexico.com\/promociones\/promocion-de-primavera-indicadores-de-caratula-analogicos\/\" target=\"_blank\" rel=\"noopener\"><img decoding=\"async\" class=\"img-fluid\" src=\"http:\/\/techmasterdemexico.com\/wp-content\/uploads\/13-indicadores-de-caratula-analogos.png\" \/><\/a><\/div>\n<div class=\"col-md-3 col-6 mb-4\"><a href=\"https:\/\/techmasterdemexico.com\/promociones\/promocion-de-verano-medidor-holtest-analogo\/\" target=\"_blank\" rel=\"noopener\"><img decoding=\"async\" class=\"img-fluid\" src=\"http:\/\/techmasterdemexico.com\/wp-content\/uploads\/14-medidores-holtest-analogo.png\" \/><\/a><\/div>\n<\/div>\n<\/div>\n<p>&nbsp;<\/p>\n<div align=\"justify\"><\/div>\n<div align=\"justify\">T\u00e9rminos y Condiciones \u2013 Promoci\u00f3n de primavera <\/div>\n<ol style=\"font-size: 14px;\">\n<li>\n<div align=\"justify\">\n<p class=\"mb-0\"><b class=\"strong\">Nota: Los precios se presentan en moneda extranjera (USD).<\/b><\/p>\n<\/div>\n<\/li>\n<li>\n<div align=\"justify\">\n<p class=\"mb-0\">Vigencia de la Promoci\u00f3n<br \/>\nLa promoci\u00f3n Promoci\u00f3n de primavera estar\u00e1 activa hasta el 31 de julio del 2025, o hasta agotar existencias. Solo se considerar\u00e1n v\u00e1lidas las compras realizadas dentro de este periodo.<\/p>\n<\/div>\n<\/li>\n<li>\n<div align=\"justify\">\n<p class=\"mb-0\">Devoluciones y Garant\u00edas<br \/>\nLos productos adquiridos bajo esta promoci\u00f3n est\u00e1n sujetos a las pol\u00edticas generales de devoluciones y garant\u00edas disponibles en nuestro sitio web. Las devoluciones se procesar\u00e1n considerando el monto efectivamente pagado, incluyendo el descuento aplicado.<br \/>\n<br \/>\nNota: Todos los productos vendidos a trav\u00e9s de un distribuidor deben enviarse directamente al cliente final, y el descuento solo se aplica al usuario final.\n<\/p>\n<\/div>\n<\/li>\n<li>\n<div align=\"justify\">\n<p class=\"mb-0\">Restricciones<br \/>\nQueda prohibida la participaci\u00f3n de empleados y familiares Techmaster de M\u00e9xico, asociados, subsidiarias, distribuidores o representantes, empresas de publicidad o proveedores. No participan compras realizadas como resultado de alguna licitaci\u00f3n.\n<\/p>\n<ul>\n<li>\n<p class=\"mb-0\">Solo se puede hacer v\u00e1lida una promoci\u00f3n por compra.<\/p>\n<\/li>\n<li>\n<p class=\"mb-0\">Oferta v\u00e1lida \u00fanicamente en <span class=\"strong\">M\u00e9xico<\/span>, para compras realizadas a trav\u00e9s de distribuidores autorizados Mitutoyo.<\/p>\n<\/li>\n<li>\n<p class=\"mb-0\">Esta promoci\u00f3n est\u00e1 prohibida en lugares donde existan restricciones para recibir productos sin costo, incluyendo empresas privadas y\/o gubernamentales.<\/p>\n<\/li>\n<li>\n<p class=\"mb-0\">No participan compras realizadas como resultado de licitaciones.<\/p>\n<\/li>\n<li>\n<p class=\"mb-0\">La promoci\u00f3n no es acumulable con otras promociones, descuentos especiales ni cupones.<\/p>\n<\/li>\n<li>\n<p class=\"mb-0\">No se puede acceder a esta oferta a trav\u00e9s del personal de ventas de Mitutoyo, centros de servicio Mitutoyo o sus oficinas corporativas.<\/p>\n<\/li>\n<\/ul>\n<\/div>\n<\/li>\n<li>\n<div align=\"justify\">\n<p class=\"mb-0\">Disponibilidad de productos y cambios en la promoci\u00f3n<br \/>\nTechmaster de M\u00e9xico y Mitutoyo se reservan el derecho de modificar la promoci\u00f3n.<\/p>\n<\/div>\n<\/li>\n<li>\n<div align=\"justify\">\n<p class=\"mb-0\">Aceptaci\u00f3n de los T\u00e9rminos<br \/>\nAl participar en esta promoci\u00f3n, el cliente confirma haber le\u00eddo y aceptado estos T\u00e9rminos y Condiciones.<\/p>\n<\/div>\n<\/li>\n<\/ol>\n<\/div>\n","protected":false},"excerpt":{"rendered":"<p>&nbsp; Aprovecha la promoci\u00f3n de primavera de Mitutoyo Consulta las categor\u00edas de equipos en promoci\u00f3n &nbsp; &nbsp; &nbsp; T\u00e9rminos y Condiciones \u2013 Promoci\u00f3n de primavera Nota: Los precios se presentan en moneda extranjera (USD). Vigencia de la Promoci\u00f3n La promoci\u00f3n Promoci\u00f3n de primavera estar\u00e1 activa hasta el 31 de julio del 2025, o hasta agotar [&hellip;]<\/p>\n","protected":false},"author":1,"featured_media":0,"parent":7972,"menu_order":0,"comment_status":"closed","ping_status":"closed","template":"template-nosidebar.php","meta":{"_acf_changed":false,"footnotes":""},"class_list":["post-22559","page","type-page","status-publish","hentry"],"acf":[],"yoast_head":"<!-- This site is optimized with the Yoast SEO plugin v27.4 - https:\/\/yoast.com\/product\/yoast-seo-wordpress\/ -->\n<title>Promocion de primavera - Techmaster de Mexico<\/title>\n<meta name=\"robots\" content=\"index, follow, max-snippet:-1, max-image-preview:large, max-video-preview:-1\" \/>\n<link rel=\"canonical\" href=\"https:\/\/techmasterdemexico.com\/promociones\/promocion-de-primavera\/\" \/>\n<meta property=\"og:locale\" content=\"en_US\" \/>\n<meta property=\"og:type\" content=\"article\" \/>\n<meta property=\"og:title\" content=\"Promocion de primavera - Techmaster de Mexico\" \/>\n<meta property=\"og:description\" content=\"&nbsp; Aprovecha la promoci\u00f3n de primavera de Mitutoyo Consulta las categor\u00edas de equipos en promoci\u00f3n &nbsp; &nbsp; &nbsp; T\u00e9rminos y Condiciones \u2013 Promoci\u00f3n de primavera Nota: Los precios se presentan en moneda extranjera (USD). Vigencia de la Promoci\u00f3n La promoci\u00f3n Promoci\u00f3n de primavera estar\u00e1 activa hasta el 31 de julio del 2025, o hasta agotar [&hellip;]\" \/>\n<meta property=\"og:url\" content=\"https:\/\/techmasterdemexico.com\/promociones\/promocion-de-primavera\/\" \/>\n<meta property=\"og:site_name\" content=\"Techmaster de Mexico\" \/>\n<meta property=\"article:modified_time\" content=\"2025-05-12T16:33:41+00:00\" \/>\n<meta property=\"og:image\" content=\"http:\/\/techmasterdemexico.com\/wp-content\/uploads\/Banner-promocion-7.png\" \/>\n<meta name=\"twitter:card\" content=\"summary_large_image\" \/>\n<meta name=\"twitter:label1\" content=\"Est. reading time\" \/>\n\t<meta name=\"twitter:data1\" content=\"5 minutes\" \/>\n<script type=\"application\/ld+json\" class=\"yoast-schema-graph\">{\"@context\":\"https:\\\/\\\/schema.org\",\"@graph\":[{\"@type\":\"WebPage\",\"@id\":\"https:\\\/\\\/techmasterdemexico.com\\\/promociones\\\/promocion-de-primavera\\\/\",\"url\":\"https:\\\/\\\/techmasterdemexico.com\\\/promociones\\\/promocion-de-primavera\\\/\",\"name\":\"Promocion de primavera - Techmaster de Mexico\",\"isPartOf\":{\"@id\":\"https:\\\/\\\/techmasterdemexico.com\\\/#website\"},\"primaryImageOfPage\":{\"@id\":\"https:\\\/\\\/techmasterdemexico.com\\\/promociones\\\/promocion-de-primavera\\\/#primaryimage\"},\"image\":{\"@id\":\"https:\\\/\\\/techmasterdemexico.com\\\/promociones\\\/promocion-de-primavera\\\/#primaryimage\"},\"thumbnailUrl\":\"http:\\\/\\\/techmasterdemexico.com\\\/wp-content\\\/uploads\\\/Banner-promocion-7.png\",\"datePublished\":\"2025-05-08T00:45:18+00:00\",\"dateModified\":\"2025-05-12T16:33:41+00:00\",\"breadcrumb\":{\"@id\":\"https:\\\/\\\/techmasterdemexico.com\\\/promociones\\\/promocion-de-primavera\\\/#breadcrumb\"},\"inLanguage\":\"en-US\",\"potentialAction\":[{\"@type\":\"ReadAction\",\"target\":[\"https:\\\/\\\/techmasterdemexico.com\\\/promociones\\\/promocion-de-primavera\\\/\"]}]},{\"@type\":\"ImageObject\",\"inLanguage\":\"en-US\",\"@id\":\"https:\\\/\\\/techmasterdemexico.com\\\/promociones\\\/promocion-de-primavera\\\/#primaryimage\",\"url\":\"http:\\\/\\\/techmasterdemexico.com\\\/wp-content\\\/uploads\\\/Banner-promocion-7.png\",\"contentUrl\":\"http:\\\/\\\/techmasterdemexico.com\\\/wp-content\\\/uploads\\\/Banner-promocion-7.png\"},{\"@type\":\"BreadcrumbList\",\"@id\":\"https:\\\/\\\/techmasterdemexico.com\\\/promociones\\\/promocion-de-primavera\\\/#breadcrumb\",\"itemListElement\":[{\"@type\":\"ListItem\",\"position\":1,\"name\":\"Portada\",\"item\":\"https:\\\/\\\/techmasterdemexico.com\\\/\"},{\"@type\":\"ListItem\",\"position\":2,\"name\":\"Promociones\",\"item\":\"https:\\\/\\\/techmasterdemexico.com\\\/promociones\\\/\"},{\"@type\":\"ListItem\",\"position\":3,\"name\":\"Promocion de primavera\"}]},{\"@type\":\"WebSite\",\"@id\":\"https:\\\/\\\/techmasterdemexico.com\\\/#website\",\"url\":\"https:\\\/\\\/techmasterdemexico.com\\\/\",\"name\":\"Techmaster de Mexico\",\"description\":\"\",\"potentialAction\":[{\"@type\":\"SearchAction\",\"target\":{\"@type\":\"EntryPoint\",\"urlTemplate\":\"https:\\\/\\\/techmasterdemexico.com\\\/?s={search_term_string}\"},\"query-input\":{\"@type\":\"PropertyValueSpecification\",\"valueRequired\":true,\"valueName\":\"search_term_string\"}}],\"inLanguage\":\"en-US\"}]}<\/script>\n<!-- \/ Yoast SEO plugin. -->","yoast_head_json":{"title":"Promocion de primavera - Techmaster de Mexico","robots":{"index":"index","follow":"follow","max-snippet":"max-snippet:-1","max-image-preview":"max-image-preview:large","max-video-preview":"max-video-preview:-1"},"canonical":"https:\/\/techmasterdemexico.com\/promociones\/promocion-de-primavera\/","og_locale":"en_US","og_type":"article","og_title":"Promocion de primavera - Techmaster de Mexico","og_description":"&nbsp; Aprovecha la promoci\u00f3n de primavera de Mitutoyo Consulta las categor\u00edas de equipos en promoci\u00f3n &nbsp; &nbsp; &nbsp; T\u00e9rminos y Condiciones \u2013 Promoci\u00f3n de primavera Nota: Los precios se presentan en moneda extranjera (USD). Vigencia de la Promoci\u00f3n La promoci\u00f3n Promoci\u00f3n de primavera estar\u00e1 activa hasta el 31 de julio del 2025, o hasta agotar [&hellip;]","og_url":"https:\/\/techmasterdemexico.com\/promociones\/promocion-de-primavera\/","og_site_name":"Techmaster de Mexico","article_modified_time":"2025-05-12T16:33:41+00:00","og_image":[{"url":"http:\/\/techmasterdemexico.com\/wp-content\/uploads\/Banner-promocion-7.png","type":"","width":"","height":""}],"twitter_card":"summary_large_image","twitter_misc":{"Est. reading time":"5 minutes"},"schema":{"@context":"https:\/\/schema.org","@graph":[{"@type":"WebPage","@id":"https:\/\/techmasterdemexico.com\/promociones\/promocion-de-primavera\/","url":"https:\/\/techmasterdemexico.com\/promociones\/promocion-de-primavera\/","name":"Promocion de primavera - Techmaster de Mexico","isPartOf":{"@id":"https:\/\/techmasterdemexico.com\/#website"},"primaryImageOfPage":{"@id":"https:\/\/techmasterdemexico.com\/promociones\/promocion-de-primavera\/#primaryimage"},"image":{"@id":"https:\/\/techmasterdemexico.com\/promociones\/promocion-de-primavera\/#primaryimage"},"thumbnailUrl":"http:\/\/techmasterdemexico.com\/wp-content\/uploads\/Banner-promocion-7.png","datePublished":"2025-05-08T00:45:18+00:00","dateModified":"2025-05-12T16:33:41+00:00","breadcrumb":{"@id":"https:\/\/techmasterdemexico.com\/promociones\/promocion-de-primavera\/#breadcrumb"},"inLanguage":"en-US","potentialAction":[{"@type":"ReadAction","target":["https:\/\/techmasterdemexico.com\/promociones\/promocion-de-primavera\/"]}]},{"@type":"ImageObject","inLanguage":"en-US","@id":"https:\/\/techmasterdemexico.com\/promociones\/promocion-de-primavera\/#primaryimage","url":"http:\/\/techmasterdemexico.com\/wp-content\/uploads\/Banner-promocion-7.png","contentUrl":"http:\/\/techmasterdemexico.com\/wp-content\/uploads\/Banner-promocion-7.png"},{"@type":"BreadcrumbList","@id":"https:\/\/techmasterdemexico.com\/promociones\/promocion-de-primavera\/#breadcrumb","itemListElement":[{"@type":"ListItem","position":1,"name":"Portada","item":"https:\/\/techmasterdemexico.com\/"},{"@type":"ListItem","position":2,"name":"Promociones","item":"https:\/\/techmasterdemexico.com\/promociones\/"},{"@type":"ListItem","position":3,"name":"Promocion de primavera"}]},{"@type":"WebSite","@id":"https:\/\/techmasterdemexico.com\/#website","url":"https:\/\/techmasterdemexico.com\/","name":"Techmaster de Mexico","description":"","potentialAction":[{"@type":"SearchAction","target":{"@type":"EntryPoint","urlTemplate":"https:\/\/techmasterdemexico.com\/?s={search_term_string}"},"query-input":{"@type":"PropertyValueSpecification","valueRequired":true,"valueName":"search_term_string"}}],"inLanguage":"en-US"}]}},"_links":{"self":[{"href":"https:\/\/techmasterdemexico.com\/en\/wp-json\/wp\/v2\/pages\/22559","targetHints":{"allow":["GET"]}}],"collection":[{"href":"https:\/\/techmasterdemexico.com\/en\/wp-json\/wp\/v2\/pages"}],"about":[{"href":"https:\/\/techmasterdemexico.com\/en\/wp-json\/wp\/v2\/types\/page"}],"author":[{"embeddable":true,"href":"https:\/\/techmasterdemexico.com\/en\/wp-json\/wp\/v2\/users\/1"}],"replies":[{"embeddable":true,"href":"https:\/\/techmasterdemexico.com\/en\/wp-json\/wp\/v2\/comments?post=22559"}],"version-history":[{"count":6,"href":"https:\/\/techmasterdemexico.com\/en\/wp-json\/wp\/v2\/pages\/22559\/revisions"}],"predecessor-version":[{"id":22804,"href":"https:\/\/techmasterdemexico.com\/en\/wp-json\/wp\/v2\/pages\/22559\/revisions\/22804"}],"up":[{"embeddable":true,"href":"https:\/\/techmasterdemexico.com\/en\/wp-json\/wp\/v2\/pages\/7972"}],"wp:attachment":[{"href":"https:\/\/techmasterdemexico.com\/en\/wp-json\/wp\/v2\/media?parent=22559"}],"curies":[{"name":"wp","href":"https:\/\/api.w.org\/{rel}","templated":true}]}}