{"id":22529,"date":"2025-04-15T10:20:15","date_gmt":"2025-04-15T17:20:15","guid":{"rendered":"https:\/\/techmasterdemexico.com\/?page_id=22529"},"modified":"2025-04-15T10:20:15","modified_gmt":"2025-04-15T17:20:15","slug":"visita-a-museo-interactivo-el-trompo-2025","status":"publish","type":"page","link":"https:\/\/techmasterdemexico.com\/en\/techmastercares\/visita-a-museo-interactivo-el-trompo-2025\/","title":{"rendered":"Visita a Museo Interactivo &#8220;El Trompo&#8221;, 2025"},"content":{"rendered":"<div class=\"row\" style=\"margin: auto; max-width: 800px;\">\n<div class=\"col-md-12 mb-5\"><img decoding=\"async\" style=\"width: 100%;\" src=\"http:\/\/techmasterdemexico.com\/wp-content\/uploads\/Techmaster_el-trompo-concurso-de-robotica_portada.jpg\" \/><\/div>\n<div class=\"col-md-7\">\n<p>&nbsp;<\/p>\n<p class=\"p1\">En Techmaster de M\u00e9xico, creemos firmemente en el poder transformador de la educaci\u00f3n y en el impacto positivo que puede tener en las nuevas generaciones. Por ello, nos enorgullece colaborar de manera continua con iniciativas que promueven el desarrollo integral de la ni\u00f1ez.<\/p>\n<p class=\"p1\">Hemos tenido el honor de patrocinar en diversas ocasiones a la organizaci\u00f3n <strong class=\"strong\">Love Does<\/strong> en Tijuana, una comunidad comprometida con brindar espacios seguros, educaci\u00f3n y experiencias enriquecedoras a ni\u00f1os y ni\u00f1as que lo necesitan.<\/p>\n<p class=\"p1\">Gracias a este respaldo, los peque\u00f1os tuvieron la oportunidad de visitar el <strong class=\"strong\">Museo El Trompo<\/strong>, donde vivieron una jornada \u00fanica llena de descubrimiento. Entre juegos interactivos, actividades cient\u00edficas y momentos de convivencia, exploraron el fascinante mundo de la ciencia y la tecnolog\u00eda de una manera divertida y memorable.<\/p>\n<p class=\"p1\">Estas experiencias no solo despiertan su curiosidad, tambi\u00e9n siembran en ellos el deseo de aprender, crecer y so\u00f1ar en grande.<\/p>\n<p class=\"p1\">Seguiremos impulsando oportunidades que marquen la diferencia y creando experiencias que inspiren su desarrollo. \ud83d\udc99<\/p>\n<p>&nbsp;<\/p>\n<\/div>\n<div class=\"col-md-5\"><img decoding=\"async\" style=\"width: 100%;\" src=\"http:\/\/techmasterdemexico.com\/wp-content\/uploads\/Techmaster_el-trompo-visita.jpg\" \/><br \/>\n<img decoding=\"async\" style=\"width: 100%;\" src=\"http:\/\/techmasterdemexico.com\/wp-content\/uploads\/Techmaster_el-trompo-visita-5.jpg\" \/><br \/>\n<img decoding=\"async\" style=\"width: 100%;\" src=\"http:\/\/techmasterdemexico.com\/wp-content\/uploads\/Techmaster_el-trompo-visita-3.jpg\" \/><\/div>\n<\/div>\n","protected":false},"excerpt":{"rendered":"<p>&nbsp; En Techmaster de M\u00e9xico, creemos firmemente en el poder transformador de la educaci\u00f3n y en el impacto positivo que puede tener en las nuevas generaciones. Por ello, nos enorgullece colaborar de manera continua con iniciativas que promueven el desarrollo integral de la ni\u00f1ez. Hemos tenido el honor de patrocinar en diversas ocasiones a la [&hellip;]<\/p>\n","protected":false},"author":1,"featured_media":0,"parent":20146,"menu_order":0,"comment_status":"closed","ping_status":"closed","template":"template-nosidebar.php","meta":{"_acf_changed":false,"footnotes":""},"class_list":["post-22529","page","type-page","status-publish","hentry"],"acf":[],"yoast_head":"<!-- This site is optimized with the Yoast SEO plugin v27.3 - https:\/\/yoast.com\/product\/yoast-seo-wordpress\/ -->\n<title>Visita a Museo Interactivo &#8220;El Trompo&#8221;, 2025 - Techmaster de Mexico<\/title>\n<meta name=\"robots\" content=\"index, follow, max-snippet:-1, max-image-preview:large, max-video-preview:-1\" \/>\n<link rel=\"canonical\" href=\"https:\/\/techmasterdemexico.com\/techmastercares\/visita-a-museo-interactivo-el-trompo-2025\/\" \/>\n<meta property=\"og:locale\" content=\"en_US\" \/>\n<meta property=\"og:type\" content=\"article\" \/>\n<meta property=\"og:title\" content=\"Visita a Museo Interactivo &#8220;El Trompo&#8221;, 2025 - Techmaster de Mexico\" \/>\n<meta property=\"og:description\" content=\"&nbsp; En Techmaster de M\u00e9xico, creemos firmemente en el poder transformador de la educaci\u00f3n y en el impacto positivo que puede tener en las nuevas generaciones. Por ello, nos enorgullece colaborar de manera continua con iniciativas que promueven el desarrollo integral de la ni\u00f1ez. Hemos tenido el honor de patrocinar en diversas ocasiones a la [&hellip;]\" \/>\n<meta property=\"og:url\" content=\"https:\/\/techmasterdemexico.com\/techmastercares\/visita-a-museo-interactivo-el-trompo-2025\/\" \/>\n<meta property=\"og:site_name\" content=\"Techmaster de Mexico\" \/>\n<meta property=\"og:image\" content=\"http:\/\/techmasterdemexico.com\/wp-content\/uploads\/Techmaster_el-trompo-concurso-de-robotica_portada.jpg\" \/>\n<meta name=\"twitter:card\" content=\"summary_large_image\" \/>\n<meta name=\"twitter:label1\" content=\"Est. reading time\" \/>\n\t<meta name=\"twitter:data1\" content=\"2 minutes\" \/>\n<script type=\"application\/ld+json\" class=\"yoast-schema-graph\">{\"@context\":\"https:\\\/\\\/schema.org\",\"@graph\":[{\"@type\":\"WebPage\",\"@id\":\"https:\\\/\\\/techmasterdemexico.com\\\/techmastercares\\\/visita-a-museo-interactivo-el-trompo-2025\\\/\",\"url\":\"https:\\\/\\\/techmasterdemexico.com\\\/techmastercares\\\/visita-a-museo-interactivo-el-trompo-2025\\\/\",\"name\":\"Visita a Museo Interactivo &#8220;El Trompo&#8221;, 2025 - Techmaster de Mexico\",\"isPartOf\":{\"@id\":\"https:\\\/\\\/techmasterdemexico.com\\\/#website\"},\"primaryImageOfPage\":{\"@id\":\"https:\\\/\\\/techmasterdemexico.com\\\/techmastercares\\\/visita-a-museo-interactivo-el-trompo-2025\\\/#primaryimage\"},\"image\":{\"@id\":\"https:\\\/\\\/techmasterdemexico.com\\\/techmastercares\\\/visita-a-museo-interactivo-el-trompo-2025\\\/#primaryimage\"},\"thumbnailUrl\":\"http:\\\/\\\/techmasterdemexico.com\\\/wp-content\\\/uploads\\\/Techmaster_el-trompo-concurso-de-robotica_portada.jpg\",\"datePublished\":\"2025-04-15T17:20:15+00:00\",\"breadcrumb\":{\"@id\":\"https:\\\/\\\/techmasterdemexico.com\\\/techmastercares\\\/visita-a-museo-interactivo-el-trompo-2025\\\/#breadcrumb\"},\"inLanguage\":\"en-US\",\"potentialAction\":[{\"@type\":\"ReadAction\",\"target\":[\"https:\\\/\\\/techmasterdemexico.com\\\/techmastercares\\\/visita-a-museo-interactivo-el-trompo-2025\\\/\"]}]},{\"@type\":\"ImageObject\",\"inLanguage\":\"en-US\",\"@id\":\"https:\\\/\\\/techmasterdemexico.com\\\/techmastercares\\\/visita-a-museo-interactivo-el-trompo-2025\\\/#primaryimage\",\"url\":\"http:\\\/\\\/techmasterdemexico.com\\\/wp-content\\\/uploads\\\/Techmaster_el-trompo-concurso-de-robotica_portada.jpg\",\"contentUrl\":\"http:\\\/\\\/techmasterdemexico.com\\\/wp-content\\\/uploads\\\/Techmaster_el-trompo-concurso-de-robotica_portada.jpg\"},{\"@type\":\"BreadcrumbList\",\"@id\":\"https:\\\/\\\/techmasterdemexico.com\\\/techmastercares\\\/visita-a-museo-interactivo-el-trompo-2025\\\/#breadcrumb\",\"itemListElement\":[{\"@type\":\"ListItem\",\"position\":1,\"name\":\"Portada\",\"item\":\"https:\\\/\\\/techmasterdemexico.com\\\/\"},{\"@type\":\"ListItem\",\"position\":2,\"name\":\"TechmasterCares\",\"item\":\"https:\\\/\\\/techmasterdemexico.com\\\/techmastercares\\\/\"},{\"@type\":\"ListItem\",\"position\":3,\"name\":\"Visita a Museo Interactivo &#8220;El Trompo&#8221;, 2025\"}]},{\"@type\":\"WebSite\",\"@id\":\"https:\\\/\\\/techmasterdemexico.com\\\/#website\",\"url\":\"https:\\\/\\\/techmasterdemexico.com\\\/\",\"name\":\"Techmaster de Mexico\",\"description\":\"\",\"potentialAction\":[{\"@type\":\"SearchAction\",\"target\":{\"@type\":\"EntryPoint\",\"urlTemplate\":\"https:\\\/\\\/techmasterdemexico.com\\\/?s={search_term_string}\"},\"query-input\":{\"@type\":\"PropertyValueSpecification\",\"valueRequired\":true,\"valueName\":\"search_term_string\"}}],\"inLanguage\":\"en-US\"}]}<\/script>\n<!-- \/ Yoast SEO plugin. -->","yoast_head_json":{"title":"Visita a Museo Interactivo &#8220;El Trompo&#8221;, 2025 - Techmaster de Mexico","robots":{"index":"index","follow":"follow","max-snippet":"max-snippet:-1","max-image-preview":"max-image-preview:large","max-video-preview":"max-video-preview:-1"},"canonical":"https:\/\/techmasterdemexico.com\/techmastercares\/visita-a-museo-interactivo-el-trompo-2025\/","og_locale":"en_US","og_type":"article","og_title":"Visita a Museo Interactivo &#8220;El Trompo&#8221;, 2025 - Techmaster de Mexico","og_description":"&nbsp; En Techmaster de M\u00e9xico, creemos firmemente en el poder transformador de la educaci\u00f3n y en el impacto positivo que puede tener en las nuevas generaciones. Por ello, nos enorgullece colaborar de manera continua con iniciativas que promueven el desarrollo integral de la ni\u00f1ez. Hemos tenido el honor de patrocinar en diversas ocasiones a la [&hellip;]","og_url":"https:\/\/techmasterdemexico.com\/techmastercares\/visita-a-museo-interactivo-el-trompo-2025\/","og_site_name":"Techmaster de Mexico","og_image":[{"url":"http:\/\/techmasterdemexico.com\/wp-content\/uploads\/Techmaster_el-trompo-concurso-de-robotica_portada.jpg","type":"","width":"","height":""}],"twitter_card":"summary_large_image","twitter_misc":{"Est. reading time":"2 minutes"},"schema":{"@context":"https:\/\/schema.org","@graph":[{"@type":"WebPage","@id":"https:\/\/techmasterdemexico.com\/techmastercares\/visita-a-museo-interactivo-el-trompo-2025\/","url":"https:\/\/techmasterdemexico.com\/techmastercares\/visita-a-museo-interactivo-el-trompo-2025\/","name":"Visita a Museo Interactivo &#8220;El Trompo&#8221;, 2025 - Techmaster de Mexico","isPartOf":{"@id":"https:\/\/techmasterdemexico.com\/#website"},"primaryImageOfPage":{"@id":"https:\/\/techmasterdemexico.com\/techmastercares\/visita-a-museo-interactivo-el-trompo-2025\/#primaryimage"},"image":{"@id":"https:\/\/techmasterdemexico.com\/techmastercares\/visita-a-museo-interactivo-el-trompo-2025\/#primaryimage"},"thumbnailUrl":"http:\/\/techmasterdemexico.com\/wp-content\/uploads\/Techmaster_el-trompo-concurso-de-robotica_portada.jpg","datePublished":"2025-04-15T17:20:15+00:00","breadcrumb":{"@id":"https:\/\/techmasterdemexico.com\/techmastercares\/visita-a-museo-interactivo-el-trompo-2025\/#breadcrumb"},"inLanguage":"en-US","potentialAction":[{"@type":"ReadAction","target":["https:\/\/techmasterdemexico.com\/techmastercares\/visita-a-museo-interactivo-el-trompo-2025\/"]}]},{"@type":"ImageObject","inLanguage":"en-US","@id":"https:\/\/techmasterdemexico.com\/techmastercares\/visita-a-museo-interactivo-el-trompo-2025\/#primaryimage","url":"http:\/\/techmasterdemexico.com\/wp-content\/uploads\/Techmaster_el-trompo-concurso-de-robotica_portada.jpg","contentUrl":"http:\/\/techmasterdemexico.com\/wp-content\/uploads\/Techmaster_el-trompo-concurso-de-robotica_portada.jpg"},{"@type":"BreadcrumbList","@id":"https:\/\/techmasterdemexico.com\/techmastercares\/visita-a-museo-interactivo-el-trompo-2025\/#breadcrumb","itemListElement":[{"@type":"ListItem","position":1,"name":"Portada","item":"https:\/\/techmasterdemexico.com\/"},{"@type":"ListItem","position":2,"name":"TechmasterCares","item":"https:\/\/techmasterdemexico.com\/techmastercares\/"},{"@type":"ListItem","position":3,"name":"Visita a Museo Interactivo &#8220;El Trompo&#8221;, 2025"}]},{"@type":"WebSite","@id":"https:\/\/techmasterdemexico.com\/#website","url":"https:\/\/techmasterdemexico.com\/","name":"Techmaster de Mexico","description":"","potentialAction":[{"@type":"SearchAction","target":{"@type":"EntryPoint","urlTemplate":"https:\/\/techmasterdemexico.com\/?s={search_term_string}"},"query-input":{"@type":"PropertyValueSpecification","valueRequired":true,"valueName":"search_term_string"}}],"inLanguage":"en-US"}]}},"_links":{"self":[{"href":"https:\/\/techmasterdemexico.com\/en\/wp-json\/wp\/v2\/pages\/22529","targetHints":{"allow":["GET"]}}],"collection":[{"href":"https:\/\/techmasterdemexico.com\/en\/wp-json\/wp\/v2\/pages"}],"about":[{"href":"https:\/\/techmasterdemexico.com\/en\/wp-json\/wp\/v2\/types\/page"}],"author":[{"embeddable":true,"href":"https:\/\/techmasterdemexico.com\/en\/wp-json\/wp\/v2\/users\/1"}],"replies":[{"embeddable":true,"href":"https:\/\/techmasterdemexico.com\/en\/wp-json\/wp\/v2\/comments?post=22529"}],"version-history":[{"count":1,"href":"https:\/\/techmasterdemexico.com\/en\/wp-json\/wp\/v2\/pages\/22529\/revisions"}],"predecessor-version":[{"id":22534,"href":"https:\/\/techmasterdemexico.com\/en\/wp-json\/wp\/v2\/pages\/22529\/revisions\/22534"}],"up":[{"embeddable":true,"href":"https:\/\/techmasterdemexico.com\/en\/wp-json\/wp\/v2\/pages\/20146"}],"wp:attachment":[{"href":"https:\/\/techmasterdemexico.com\/en\/wp-json\/wp\/v2\/media?parent=22529"}],"curies":[{"name":"wp","href":"https:\/\/api.w.org\/{rel}","templated":true}]}}