{"id":22303,"date":"2025-02-25T13:48:38","date_gmt":"2025-02-25T20:48:38","guid":{"rendered":"https:\/\/techmasterdemexico.com\/?page_id=22303"},"modified":"2025-02-25T19:00:36","modified_gmt":"2025-02-26T02:00:36","slug":"impulsando-el-talento-en-bajabot-2025","status":"publish","type":"page","link":"https:\/\/techmasterdemexico.com\/en\/techmastercares\/impulsando-el-talento-en-bajabot-2025\/","title":{"rendered":"Impulsando el talento en BajaBot 2025 \u200b"},"content":{"rendered":"<div class=\"row\" style=\"margin: auto; max-width: 800px;\">\n<div class=\"col-md-12 mb-5\"><img decoding=\"async\" style=\"width: 100%;\" src=\"http:\/\/techmasterdemexico.com\/wp-content\/uploads\/Techmaster_BajaBot-2025_Portada.jpg\" \/><\/div>\n<div class=\"col-md-7\">\n<p>&nbsp;<br \/>\n<span data-contrast=\"auto\">En Techmaster de M\u00e9xico, creemos en la innovaci\u00f3n y la creatividad. Buscamos reafirmar nuestro compromiso con grandes mentes en su camino hacia la excelencia, apoyando iniciativas como las de El Trompo, Museo Interactivo Tijuana.\u200b<\/span><span data-ccp-props=\"{&quot;335551550&quot;:6,&quot;335551620&quot;:6}\">\u00a0<\/span><\/p>\n<p><span data-contrast=\"auto\">Este 2025, nuestro respaldo dio grandes frutos, ya que los participantes que apoyamos lograron un impresionante 1\u00b0, 2\u00b0 y 3\u00b0 lugar en la competencia BajaBot. Su dedicaci\u00f3n, esfuerzo y pasi\u00f3n por la tecnolog\u00eda nos inspiran a seguir impulsando el aprendizaje y el desarrollo tecnol\u00f3gico.\u200b<\/span><span data-ccp-props=\"{&quot;335551550&quot;:6,&quot;335551620&quot;:6}\">\u00a0<\/span><br \/>\n&nbsp;<\/p>\n<\/div>\n<div class=\"col-md-5\"><img decoding=\"async\" style=\"width: 100%;\" src=\"http:\/\/techmasterdemexico.com\/wp-content\/uploads\/Techmaster_el-trompo-concurso-de-robotica_3.jpg\" \/><br \/>\n<img decoding=\"async\" style=\"width: 100%;\" src=\"http:\/\/techmasterdemexico.com\/wp-content\/uploads\/Techmaster_el-trompo-concurso-de-robotica_1.jpg\" \/><br \/>\n<img decoding=\"async\" style=\"width: 100%;\" src=\"http:\/\/techmasterdemexico.com\/wp-content\/uploads\/Techmaster_el-trompo-concurso-de-robotica_4.jpg\" \/><br \/>\n<img decoding=\"async\" style=\"width: 100%;\" src=\"http:\/\/techmasterdemexico.com\/wp-content\/uploads\/Techmaster_el-trompo-concurso-de-robotica_2.jpg\" \/><\/div>\n<\/div>\n","protected":false},"excerpt":{"rendered":"<p>&nbsp; En Techmaster de M\u00e9xico, creemos en la innovaci\u00f3n y la creatividad. Buscamos reafirmar nuestro compromiso con grandes mentes en su camino hacia la excelencia, apoyando iniciativas como las de El Trompo, Museo Interactivo Tijuana.\u200b\u00a0 Este 2025, nuestro respaldo dio grandes frutos, ya que los participantes que apoyamos lograron un impresionante 1\u00b0, 2\u00b0 y 3\u00b0 [&hellip;]<\/p>\n","protected":false},"author":1,"featured_media":0,"parent":20146,"menu_order":0,"comment_status":"closed","ping_status":"closed","template":"template-nosidebar.php","meta":{"_acf_changed":false,"footnotes":""},"class_list":["post-22303","page","type-page","status-publish","hentry"],"acf":[],"yoast_head":"<!-- This site is optimized with the Yoast SEO plugin v27.3 - https:\/\/yoast.com\/product\/yoast-seo-wordpress\/ -->\n<title>Impulsando el talento en BajaBot 2025 \u200b - Techmaster de Mexico<\/title>\n<meta name=\"robots\" content=\"index, follow, max-snippet:-1, max-image-preview:large, max-video-preview:-1\" \/>\n<link rel=\"canonical\" href=\"https:\/\/techmasterdemexico.com\/techmastercares\/impulsando-el-talento-en-bajabot-2025\/\" \/>\n<meta property=\"og:locale\" content=\"en_US\" \/>\n<meta property=\"og:type\" content=\"article\" \/>\n<meta property=\"og:title\" content=\"Impulsando el talento en BajaBot 2025 \u200b - Techmaster de Mexico\" \/>\n<meta property=\"og:description\" content=\"&nbsp; En Techmaster de M\u00e9xico, creemos en la innovaci\u00f3n y la creatividad. Buscamos reafirmar nuestro compromiso con grandes mentes en su camino hacia la excelencia, apoyando iniciativas como las de El Trompo, Museo Interactivo Tijuana.\u200b\u00a0 Este 2025, nuestro respaldo dio grandes frutos, ya que los participantes que apoyamos lograron un impresionante 1\u00b0, 2\u00b0 y 3\u00b0 [&hellip;]\" \/>\n<meta property=\"og:url\" content=\"https:\/\/techmasterdemexico.com\/techmastercares\/impulsando-el-talento-en-bajabot-2025\/\" \/>\n<meta property=\"og:site_name\" content=\"Techmaster de Mexico\" \/>\n<meta property=\"article:modified_time\" content=\"2025-02-26T02:00:36+00:00\" \/>\n<meta property=\"og:image\" content=\"http:\/\/techmasterdemexico.com\/wp-content\/uploads\/Techmaster_BajaBot-2025_Portada.jpg\" \/>\n<meta name=\"twitter:card\" content=\"summary_large_image\" \/>\n<meta name=\"twitter:label1\" content=\"Est. reading time\" \/>\n\t<meta name=\"twitter:data1\" content=\"2 minutes\" \/>\n<script type=\"application\/ld+json\" class=\"yoast-schema-graph\">{\"@context\":\"https:\\\/\\\/schema.org\",\"@graph\":[{\"@type\":\"WebPage\",\"@id\":\"https:\\\/\\\/techmasterdemexico.com\\\/techmastercares\\\/impulsando-el-talento-en-bajabot-2025\\\/\",\"url\":\"https:\\\/\\\/techmasterdemexico.com\\\/techmastercares\\\/impulsando-el-talento-en-bajabot-2025\\\/\",\"name\":\"Impulsando el talento en BajaBot 2025 \u200b - Techmaster de Mexico\",\"isPartOf\":{\"@id\":\"https:\\\/\\\/techmasterdemexico.com\\\/#website\"},\"primaryImageOfPage\":{\"@id\":\"https:\\\/\\\/techmasterdemexico.com\\\/techmastercares\\\/impulsando-el-talento-en-bajabot-2025\\\/#primaryimage\"},\"image\":{\"@id\":\"https:\\\/\\\/techmasterdemexico.com\\\/techmastercares\\\/impulsando-el-talento-en-bajabot-2025\\\/#primaryimage\"},\"thumbnailUrl\":\"http:\\\/\\\/techmasterdemexico.com\\\/wp-content\\\/uploads\\\/Techmaster_BajaBot-2025_Portada.jpg\",\"datePublished\":\"2025-02-25T20:48:38+00:00\",\"dateModified\":\"2025-02-26T02:00:36+00:00\",\"breadcrumb\":{\"@id\":\"https:\\\/\\\/techmasterdemexico.com\\\/techmastercares\\\/impulsando-el-talento-en-bajabot-2025\\\/#breadcrumb\"},\"inLanguage\":\"en-US\",\"potentialAction\":[{\"@type\":\"ReadAction\",\"target\":[\"https:\\\/\\\/techmasterdemexico.com\\\/techmastercares\\\/impulsando-el-talento-en-bajabot-2025\\\/\"]}]},{\"@type\":\"ImageObject\",\"inLanguage\":\"en-US\",\"@id\":\"https:\\\/\\\/techmasterdemexico.com\\\/techmastercares\\\/impulsando-el-talento-en-bajabot-2025\\\/#primaryimage\",\"url\":\"http:\\\/\\\/techmasterdemexico.com\\\/wp-content\\\/uploads\\\/Techmaster_BajaBot-2025_Portada.jpg\",\"contentUrl\":\"http:\\\/\\\/techmasterdemexico.com\\\/wp-content\\\/uploads\\\/Techmaster_BajaBot-2025_Portada.jpg\"},{\"@type\":\"BreadcrumbList\",\"@id\":\"https:\\\/\\\/techmasterdemexico.com\\\/techmastercares\\\/impulsando-el-talento-en-bajabot-2025\\\/#breadcrumb\",\"itemListElement\":[{\"@type\":\"ListItem\",\"position\":1,\"name\":\"Portada\",\"item\":\"https:\\\/\\\/techmasterdemexico.com\\\/\"},{\"@type\":\"ListItem\",\"position\":2,\"name\":\"TechmasterCares\",\"item\":\"https:\\\/\\\/techmasterdemexico.com\\\/techmastercares\\\/\"},{\"@type\":\"ListItem\",\"position\":3,\"name\":\"Impulsando el talento en BajaBot 2025 \u200b\"}]},{\"@type\":\"WebSite\",\"@id\":\"https:\\\/\\\/techmasterdemexico.com\\\/#website\",\"url\":\"https:\\\/\\\/techmasterdemexico.com\\\/\",\"name\":\"Techmaster de Mexico\",\"description\":\"\",\"potentialAction\":[{\"@type\":\"SearchAction\",\"target\":{\"@type\":\"EntryPoint\",\"urlTemplate\":\"https:\\\/\\\/techmasterdemexico.com\\\/?s={search_term_string}\"},\"query-input\":{\"@type\":\"PropertyValueSpecification\",\"valueRequired\":true,\"valueName\":\"search_term_string\"}}],\"inLanguage\":\"en-US\"}]}<\/script>\n<!-- \/ Yoast SEO plugin. -->","yoast_head_json":{"title":"Impulsando el talento en BajaBot 2025 \u200b - Techmaster de Mexico","robots":{"index":"index","follow":"follow","max-snippet":"max-snippet:-1","max-image-preview":"max-image-preview:large","max-video-preview":"max-video-preview:-1"},"canonical":"https:\/\/techmasterdemexico.com\/techmastercares\/impulsando-el-talento-en-bajabot-2025\/","og_locale":"en_US","og_type":"article","og_title":"Impulsando el talento en BajaBot 2025 \u200b - Techmaster de Mexico","og_description":"&nbsp; En Techmaster de M\u00e9xico, creemos en la innovaci\u00f3n y la creatividad. Buscamos reafirmar nuestro compromiso con grandes mentes en su camino hacia la excelencia, apoyando iniciativas como las de El Trompo, Museo Interactivo Tijuana.\u200b\u00a0 Este 2025, nuestro respaldo dio grandes frutos, ya que los participantes que apoyamos lograron un impresionante 1\u00b0, 2\u00b0 y 3\u00b0 [&hellip;]","og_url":"https:\/\/techmasterdemexico.com\/techmastercares\/impulsando-el-talento-en-bajabot-2025\/","og_site_name":"Techmaster de Mexico","article_modified_time":"2025-02-26T02:00:36+00:00","og_image":[{"url":"http:\/\/techmasterdemexico.com\/wp-content\/uploads\/Techmaster_BajaBot-2025_Portada.jpg","type":"","width":"","height":""}],"twitter_card":"summary_large_image","twitter_misc":{"Est. reading time":"2 minutes"},"schema":{"@context":"https:\/\/schema.org","@graph":[{"@type":"WebPage","@id":"https:\/\/techmasterdemexico.com\/techmastercares\/impulsando-el-talento-en-bajabot-2025\/","url":"https:\/\/techmasterdemexico.com\/techmastercares\/impulsando-el-talento-en-bajabot-2025\/","name":"Impulsando el talento en BajaBot 2025 \u200b - Techmaster de Mexico","isPartOf":{"@id":"https:\/\/techmasterdemexico.com\/#website"},"primaryImageOfPage":{"@id":"https:\/\/techmasterdemexico.com\/techmastercares\/impulsando-el-talento-en-bajabot-2025\/#primaryimage"},"image":{"@id":"https:\/\/techmasterdemexico.com\/techmastercares\/impulsando-el-talento-en-bajabot-2025\/#primaryimage"},"thumbnailUrl":"http:\/\/techmasterdemexico.com\/wp-content\/uploads\/Techmaster_BajaBot-2025_Portada.jpg","datePublished":"2025-02-25T20:48:38+00:00","dateModified":"2025-02-26T02:00:36+00:00","breadcrumb":{"@id":"https:\/\/techmasterdemexico.com\/techmastercares\/impulsando-el-talento-en-bajabot-2025\/#breadcrumb"},"inLanguage":"en-US","potentialAction":[{"@type":"ReadAction","target":["https:\/\/techmasterdemexico.com\/techmastercares\/impulsando-el-talento-en-bajabot-2025\/"]}]},{"@type":"ImageObject","inLanguage":"en-US","@id":"https:\/\/techmasterdemexico.com\/techmastercares\/impulsando-el-talento-en-bajabot-2025\/#primaryimage","url":"http:\/\/techmasterdemexico.com\/wp-content\/uploads\/Techmaster_BajaBot-2025_Portada.jpg","contentUrl":"http:\/\/techmasterdemexico.com\/wp-content\/uploads\/Techmaster_BajaBot-2025_Portada.jpg"},{"@type":"BreadcrumbList","@id":"https:\/\/techmasterdemexico.com\/techmastercares\/impulsando-el-talento-en-bajabot-2025\/#breadcrumb","itemListElement":[{"@type":"ListItem","position":1,"name":"Portada","item":"https:\/\/techmasterdemexico.com\/"},{"@type":"ListItem","position":2,"name":"TechmasterCares","item":"https:\/\/techmasterdemexico.com\/techmastercares\/"},{"@type":"ListItem","position":3,"name":"Impulsando el talento en BajaBot 2025 \u200b"}]},{"@type":"WebSite","@id":"https:\/\/techmasterdemexico.com\/#website","url":"https:\/\/techmasterdemexico.com\/","name":"Techmaster de Mexico","description":"","potentialAction":[{"@type":"SearchAction","target":{"@type":"EntryPoint","urlTemplate":"https:\/\/techmasterdemexico.com\/?s={search_term_string}"},"query-input":{"@type":"PropertyValueSpecification","valueRequired":true,"valueName":"search_term_string"}}],"inLanguage":"en-US"}]}},"_links":{"self":[{"href":"https:\/\/techmasterdemexico.com\/en\/wp-json\/wp\/v2\/pages\/22303","targetHints":{"allow":["GET"]}}],"collection":[{"href":"https:\/\/techmasterdemexico.com\/en\/wp-json\/wp\/v2\/pages"}],"about":[{"href":"https:\/\/techmasterdemexico.com\/en\/wp-json\/wp\/v2\/types\/page"}],"author":[{"embeddable":true,"href":"https:\/\/techmasterdemexico.com\/en\/wp-json\/wp\/v2\/users\/1"}],"replies":[{"embeddable":true,"href":"https:\/\/techmasterdemexico.com\/en\/wp-json\/wp\/v2\/comments?post=22303"}],"version-history":[{"count":4,"href":"https:\/\/techmasterdemexico.com\/en\/wp-json\/wp\/v2\/pages\/22303\/revisions"}],"predecessor-version":[{"id":22315,"href":"https:\/\/techmasterdemexico.com\/en\/wp-json\/wp\/v2\/pages\/22303\/revisions\/22315"}],"up":[{"embeddable":true,"href":"https:\/\/techmasterdemexico.com\/en\/wp-json\/wp\/v2\/pages\/20146"}],"wp:attachment":[{"href":"https:\/\/techmasterdemexico.com\/en\/wp-json\/wp\/v2\/media?parent=22303"}],"curies":[{"name":"wp","href":"https:\/\/api.w.org\/{rel}","templated":true}]}}