{"id":21188,"date":"2024-09-06T13:31:08","date_gmt":"2024-09-06T20:31:08","guid":{"rendered":"https:\/\/techmasterdemexico.com\/?page_id=21188"},"modified":"2024-09-06T15:09:11","modified_gmt":"2024-09-06T22:09:11","slug":"7a-caminata-ecologica","status":"publish","type":"page","link":"https:\/\/techmasterdemexico.com\/en\/techmastercares\/7a-caminata-ecologica\/","title":{"rendered":"7\u00aa Caminata Ecol\u00f3gica"},"content":{"rendered":"<div class=\"row\" style=\"margin: auto; max-width: 800px;\">\n<div class=\"col-md-12 mb-5\"><img decoding=\"async\" style=\"width: 100%;\" src=\"http:\/\/techmasterdemexico.com\/wp-content\/uploads\/techmaster-care_recoleccion-de-basura.png\" \/><\/div>\n<div class=\"col-md-12\">\n<p>ICU Medical de M\u00e9xico Planta Ensenada, demostr\u00f3 su compromiso con el medio ambiente al llevar a cabo su 7ma. Caminata Ecol\u00f3gica el pasado s\u00e1bado 24 de agosto. Con la participaci\u00f3n de m\u00e1s de 550 personas, entre colaboradores, familias y miembros de la comunidad, se logr\u00f3 recolectar un total de 7.5 toneladas de basura y residuos en Playa Hermosa.<\/p>\n<p>Esta iniciativa, realizada en colaboraci\u00f3n con la Secretar\u00eda de Medio Ambiente y Recursos Naturales (SEMARNAT) y la Zona Federal Mar\u00edtimo Terrestre (ZOFEMAT), busca fomentar la conciencia ecol\u00f3gica y la participaci\u00f3n ciudadana en la conservaci\u00f3n de nuestros ecosistemas costeros.<\/p>\n<p>Adem\u00e1s, cont\u00f3 con la participaci\u00f3n activa de todos los departamentos de ICU Medical de M\u00e9xico Planta Ensenada, quienes se involucraron en la organizaci\u00f3n y log\u00edstica del evento.<\/p>\n<p>En las siete ediciones de la Caminata Ecol\u00f3gica, ICU Medical y sus colaboradores han logrado recolectar un total de 29.3 toneladas de residuos y m\u00e1s de 64,000 colillas de cigarro, contribuyendo significativamente a la preservaci\u00f3n de Playa Hermosa.<\/p>\n<p>La encargada del departamento ambiental de ICU Medical Ensenada, destac\u00f3 la importancia de fomentar la participaci\u00f3n ciudadana en este tipo de actividades. \u201cBuscamos generar conciencia sobre la problem\u00e1tica de la contaminaci\u00f3n y motivar a la comunidad a tomar acciones para cuidar nuestro entorno\u201d, expres\u00f3.<\/p>\n<p>Con la 7ma. Caminata Ecol\u00f3gica, ICU Medical de M\u00e9xico reafirma su compromiso con la sostenibilidad y la creaci\u00f3n de un futuro m\u00e1s limpio y saludable para todos. La empresa invita a la comunidad a seguir sum\u00e1ndose a estas iniciativas y a trabajar juntos por la conservaci\u00f3n de nuestros ecosistemas.<br \/>\n<br \/>\n<span class=\"strong\">Posted By:<\/span>\u00a0Business Conexi\u00f3n\u00a04 septiembre, 2024<br \/>\n<a href=\"https:\/\/bit.ly\/4ggvFbE\">https:\/\/bit.ly\/4ggvFbE<\/a><\/p>\n<\/div>\n","protected":false},"excerpt":{"rendered":"<p>ICU Medical de M\u00e9xico Planta Ensenada, demostr\u00f3 su compromiso con el medio ambiente al llevar a cabo su 7ma. Caminata Ecol\u00f3gica el pasado s\u00e1bado 24 de agosto. Con la participaci\u00f3n de m\u00e1s de 550 personas, entre colaboradores, familias y miembros de la comunidad, se logr\u00f3 recolectar un total de 7.5 toneladas de basura y residuos [&hellip;]<\/p>\n","protected":false},"author":1,"featured_media":0,"parent":20146,"menu_order":0,"comment_status":"closed","ping_status":"closed","template":"template-nosidebar.php","meta":{"_acf_changed":false,"footnotes":""},"class_list":["post-21188","page","type-page","status-publish","hentry"],"acf":[],"yoast_head":"<!-- This site is optimized with the Yoast SEO plugin v27.3 - https:\/\/yoast.com\/product\/yoast-seo-wordpress\/ -->\n<title>7\u00aa Caminata Ecol\u00f3gica - Techmaster de Mexico<\/title>\n<meta name=\"robots\" content=\"index, follow, max-snippet:-1, max-image-preview:large, max-video-preview:-1\" \/>\n<link rel=\"canonical\" href=\"https:\/\/techmasterdemexico.com\/techmastercares\/7a-caminata-ecologica\/\" \/>\n<meta property=\"og:locale\" content=\"en_US\" \/>\n<meta property=\"og:type\" content=\"article\" \/>\n<meta property=\"og:title\" content=\"7\u00aa Caminata Ecol\u00f3gica - Techmaster de Mexico\" \/>\n<meta property=\"og:description\" content=\"ICU Medical de M\u00e9xico Planta Ensenada, demostr\u00f3 su compromiso con el medio ambiente al llevar a cabo su 7ma. Caminata Ecol\u00f3gica el pasado s\u00e1bado 24 de agosto. Con la participaci\u00f3n de m\u00e1s de 550 personas, entre colaboradores, familias y miembros de la comunidad, se logr\u00f3 recolectar un total de 7.5 toneladas de basura y residuos [&hellip;]\" \/>\n<meta property=\"og:url\" content=\"https:\/\/techmasterdemexico.com\/techmastercares\/7a-caminata-ecologica\/\" \/>\n<meta property=\"og:site_name\" content=\"Techmaster de Mexico\" \/>\n<meta property=\"article:modified_time\" content=\"2024-09-06T22:09:11+00:00\" \/>\n<meta property=\"og:image\" content=\"http:\/\/techmasterdemexico.com\/wp-content\/uploads\/techmaster-care_recoleccion-de-basura.png\" \/>\n<meta name=\"twitter:card\" content=\"summary_large_image\" \/>\n<meta name=\"twitter:label1\" content=\"Est. reading time\" \/>\n\t<meta name=\"twitter:data1\" content=\"3 minutes\" \/>\n<script type=\"application\/ld+json\" class=\"yoast-schema-graph\">{\"@context\":\"https:\\\/\\\/schema.org\",\"@graph\":[{\"@type\":\"WebPage\",\"@id\":\"https:\\\/\\\/techmasterdemexico.com\\\/techmastercares\\\/7a-caminata-ecologica\\\/\",\"url\":\"https:\\\/\\\/techmasterdemexico.com\\\/techmastercares\\\/7a-caminata-ecologica\\\/\",\"name\":\"7\u00aa Caminata Ecol\u00f3gica - Techmaster de Mexico\",\"isPartOf\":{\"@id\":\"https:\\\/\\\/techmasterdemexico.com\\\/#website\"},\"primaryImageOfPage\":{\"@id\":\"https:\\\/\\\/techmasterdemexico.com\\\/techmastercares\\\/7a-caminata-ecologica\\\/#primaryimage\"},\"image\":{\"@id\":\"https:\\\/\\\/techmasterdemexico.com\\\/techmastercares\\\/7a-caminata-ecologica\\\/#primaryimage\"},\"thumbnailUrl\":\"http:\\\/\\\/techmasterdemexico.com\\\/wp-content\\\/uploads\\\/techmaster-care_recoleccion-de-basura.png\",\"datePublished\":\"2024-09-06T20:31:08+00:00\",\"dateModified\":\"2024-09-06T22:09:11+00:00\",\"breadcrumb\":{\"@id\":\"https:\\\/\\\/techmasterdemexico.com\\\/techmastercares\\\/7a-caminata-ecologica\\\/#breadcrumb\"},\"inLanguage\":\"en-US\",\"potentialAction\":[{\"@type\":\"ReadAction\",\"target\":[\"https:\\\/\\\/techmasterdemexico.com\\\/techmastercares\\\/7a-caminata-ecologica\\\/\"]}]},{\"@type\":\"ImageObject\",\"inLanguage\":\"en-US\",\"@id\":\"https:\\\/\\\/techmasterdemexico.com\\\/techmastercares\\\/7a-caminata-ecologica\\\/#primaryimage\",\"url\":\"http:\\\/\\\/techmasterdemexico.com\\\/wp-content\\\/uploads\\\/techmaster-care_recoleccion-de-basura.png\",\"contentUrl\":\"http:\\\/\\\/techmasterdemexico.com\\\/wp-content\\\/uploads\\\/techmaster-care_recoleccion-de-basura.png\"},{\"@type\":\"BreadcrumbList\",\"@id\":\"https:\\\/\\\/techmasterdemexico.com\\\/techmastercares\\\/7a-caminata-ecologica\\\/#breadcrumb\",\"itemListElement\":[{\"@type\":\"ListItem\",\"position\":1,\"name\":\"Portada\",\"item\":\"https:\\\/\\\/techmasterdemexico.com\\\/\"},{\"@type\":\"ListItem\",\"position\":2,\"name\":\"TechmasterCares\",\"item\":\"https:\\\/\\\/techmasterdemexico.com\\\/techmastercares\\\/\"},{\"@type\":\"ListItem\",\"position\":3,\"name\":\"7\u00aa Caminata Ecol\u00f3gica\"}]},{\"@type\":\"WebSite\",\"@id\":\"https:\\\/\\\/techmasterdemexico.com\\\/#website\",\"url\":\"https:\\\/\\\/techmasterdemexico.com\\\/\",\"name\":\"Techmaster de Mexico\",\"description\":\"\",\"potentialAction\":[{\"@type\":\"SearchAction\",\"target\":{\"@type\":\"EntryPoint\",\"urlTemplate\":\"https:\\\/\\\/techmasterdemexico.com\\\/?s={search_term_string}\"},\"query-input\":{\"@type\":\"PropertyValueSpecification\",\"valueRequired\":true,\"valueName\":\"search_term_string\"}}],\"inLanguage\":\"en-US\"}]}<\/script>\n<!-- \/ Yoast SEO plugin. -->","yoast_head_json":{"title":"7\u00aa Caminata Ecol\u00f3gica - Techmaster de Mexico","robots":{"index":"index","follow":"follow","max-snippet":"max-snippet:-1","max-image-preview":"max-image-preview:large","max-video-preview":"max-video-preview:-1"},"canonical":"https:\/\/techmasterdemexico.com\/techmastercares\/7a-caminata-ecologica\/","og_locale":"en_US","og_type":"article","og_title":"7\u00aa Caminata Ecol\u00f3gica - Techmaster de Mexico","og_description":"ICU Medical de M\u00e9xico Planta Ensenada, demostr\u00f3 su compromiso con el medio ambiente al llevar a cabo su 7ma. Caminata Ecol\u00f3gica el pasado s\u00e1bado 24 de agosto. Con la participaci\u00f3n de m\u00e1s de 550 personas, entre colaboradores, familias y miembros de la comunidad, se logr\u00f3 recolectar un total de 7.5 toneladas de basura y residuos [&hellip;]","og_url":"https:\/\/techmasterdemexico.com\/techmastercares\/7a-caminata-ecologica\/","og_site_name":"Techmaster de Mexico","article_modified_time":"2024-09-06T22:09:11+00:00","og_image":[{"url":"http:\/\/techmasterdemexico.com\/wp-content\/uploads\/techmaster-care_recoleccion-de-basura.png","type":"","width":"","height":""}],"twitter_card":"summary_large_image","twitter_misc":{"Est. reading time":"3 minutes"},"schema":{"@context":"https:\/\/schema.org","@graph":[{"@type":"WebPage","@id":"https:\/\/techmasterdemexico.com\/techmastercares\/7a-caminata-ecologica\/","url":"https:\/\/techmasterdemexico.com\/techmastercares\/7a-caminata-ecologica\/","name":"7\u00aa Caminata Ecol\u00f3gica - Techmaster de Mexico","isPartOf":{"@id":"https:\/\/techmasterdemexico.com\/#website"},"primaryImageOfPage":{"@id":"https:\/\/techmasterdemexico.com\/techmastercares\/7a-caminata-ecologica\/#primaryimage"},"image":{"@id":"https:\/\/techmasterdemexico.com\/techmastercares\/7a-caminata-ecologica\/#primaryimage"},"thumbnailUrl":"http:\/\/techmasterdemexico.com\/wp-content\/uploads\/techmaster-care_recoleccion-de-basura.png","datePublished":"2024-09-06T20:31:08+00:00","dateModified":"2024-09-06T22:09:11+00:00","breadcrumb":{"@id":"https:\/\/techmasterdemexico.com\/techmastercares\/7a-caminata-ecologica\/#breadcrumb"},"inLanguage":"en-US","potentialAction":[{"@type":"ReadAction","target":["https:\/\/techmasterdemexico.com\/techmastercares\/7a-caminata-ecologica\/"]}]},{"@type":"ImageObject","inLanguage":"en-US","@id":"https:\/\/techmasterdemexico.com\/techmastercares\/7a-caminata-ecologica\/#primaryimage","url":"http:\/\/techmasterdemexico.com\/wp-content\/uploads\/techmaster-care_recoleccion-de-basura.png","contentUrl":"http:\/\/techmasterdemexico.com\/wp-content\/uploads\/techmaster-care_recoleccion-de-basura.png"},{"@type":"BreadcrumbList","@id":"https:\/\/techmasterdemexico.com\/techmastercares\/7a-caminata-ecologica\/#breadcrumb","itemListElement":[{"@type":"ListItem","position":1,"name":"Portada","item":"https:\/\/techmasterdemexico.com\/"},{"@type":"ListItem","position":2,"name":"TechmasterCares","item":"https:\/\/techmasterdemexico.com\/techmastercares\/"},{"@type":"ListItem","position":3,"name":"7\u00aa Caminata Ecol\u00f3gica"}]},{"@type":"WebSite","@id":"https:\/\/techmasterdemexico.com\/#website","url":"https:\/\/techmasterdemexico.com\/","name":"Techmaster de Mexico","description":"","potentialAction":[{"@type":"SearchAction","target":{"@type":"EntryPoint","urlTemplate":"https:\/\/techmasterdemexico.com\/?s={search_term_string}"},"query-input":{"@type":"PropertyValueSpecification","valueRequired":true,"valueName":"search_term_string"}}],"inLanguage":"en-US"}]}},"_links":{"self":[{"href":"https:\/\/techmasterdemexico.com\/en\/wp-json\/wp\/v2\/pages\/21188","targetHints":{"allow":["GET"]}}],"collection":[{"href":"https:\/\/techmasterdemexico.com\/en\/wp-json\/wp\/v2\/pages"}],"about":[{"href":"https:\/\/techmasterdemexico.com\/en\/wp-json\/wp\/v2\/types\/page"}],"author":[{"embeddable":true,"href":"https:\/\/techmasterdemexico.com\/en\/wp-json\/wp\/v2\/users\/1"}],"replies":[{"embeddable":true,"href":"https:\/\/techmasterdemexico.com\/en\/wp-json\/wp\/v2\/comments?post=21188"}],"version-history":[{"count":4,"href":"https:\/\/techmasterdemexico.com\/en\/wp-json\/wp\/v2\/pages\/21188\/revisions"}],"predecessor-version":[{"id":21192,"href":"https:\/\/techmasterdemexico.com\/en\/wp-json\/wp\/v2\/pages\/21188\/revisions\/21192"}],"up":[{"embeddable":true,"href":"https:\/\/techmasterdemexico.com\/en\/wp-json\/wp\/v2\/pages\/20146"}],"wp:attachment":[{"href":"https:\/\/techmasterdemexico.com\/en\/wp-json\/wp\/v2\/media?parent=21188"}],"curies":[{"name":"wp","href":"https:\/\/api.w.org\/{rel}","templated":true}]}}