{"id":21077,"date":"2024-04-10T16:20:55","date_gmt":"2024-04-10T23:20:55","guid":{"rendered":"https:\/\/techmasterdemexico.com\/?page_id=21077"},"modified":"2024-05-08T15:41:11","modified_gmt":"2024-05-08T22:41:11","slug":"2da-colecta-de-juguetes-techmaster","status":"publish","type":"page","link":"https:\/\/techmasterdemexico.com\/en\/techmastercares\/2da-colecta-de-juguetes-techmaster\/","title":{"rendered":"2da Colecta de juguetes Techmaster"},"content":{"rendered":"<div class=\"row\" style=\"margin: auto; max-width: 800px;\">\n<div class=\"col-md-12 mb-5\"><img decoding=\"async\" style=\"width: 100%;\" src=\"http:\/\/techmasterdemexico.com\/wp-content\/uploads\/Segunda-colecta-de-juguetes_portada.png\" \/><\/div>\n<div class=\"col-md-7\">\n<p>Los colaboradores de Techmaster de M\u00e9xico unimos esfuerzos el pasado D\u00eda del Ni\u00f1o para llevar a cabo la 2da Colecta de Juguetes Techmaster, por segunda ocasi\u00f3n.<\/p>\n<p>En esta edici\u00f3n, logramos reunir juguetes que fueron donados a las ni\u00f1eces del albergue migrante, Border Line Crisis Center, ubicado en el centro de Tijuana.<\/p>\n<p>El d\u00eda 29 de abril de 2024 visitamos dicho albergue en el que realizamos la entrega de juguetes a los ni\u00f1os, pudimos comer y convivir con ellos.<\/p>\n<p>Con esta campa\u00f1a buscamos aportar nuestro grano de arena a la sociedad y fortalecer los valores humanos de nuestros colaboradores.<\/p>\n<p>Gracias a quienes se sumaron a esta actividad y desde sus posibilidades realizaron su aportaci\u00f3n. <\/p>\n<p>Si gustas formar parte de nuestra pr\u00f3xima edici\u00f3n, participar en alguna campa\u00f1a o tienes un proyecto en el que podamos participar, reg\u00edstrate en el formulario.<\/p>\n<\/div>\n<div class=\"col-md-5\"><img decoding=\"async\" style=\"width: 100%;\" src=\"http:\/\/techmasterdemexico.com\/wp-content\/uploads\/1.png\" \/><br \/>\n<img decoding=\"async\" style=\"width: 100%;\" src=\"http:\/\/techmasterdemexico.com\/wp-content\/uploads\/5.png\" \/><\/div>\n<\/div>\n","protected":false},"excerpt":{"rendered":"<p>Los colaboradores de Techmaster de M\u00e9xico unimos esfuerzos el pasado D\u00eda del Ni\u00f1o para llevar a cabo la 2da Colecta de Juguetes Techmaster, por segunda ocasi\u00f3n. En esta edici\u00f3n, logramos reunir juguetes que fueron donados a las ni\u00f1eces del albergue migrante, Border Line Crisis Center, ubicado en el centro de Tijuana. El d\u00eda 29 de [&hellip;]<\/p>\n","protected":false},"author":1,"featured_media":0,"parent":20146,"menu_order":0,"comment_status":"closed","ping_status":"closed","template":"template-nosidebar.php","meta":{"_acf_changed":false,"footnotes":""},"class_list":["post-21077","page","type-page","status-publish","hentry"],"acf":[],"yoast_head":"<!-- This site is optimized with the Yoast SEO plugin v27.3 - https:\/\/yoast.com\/product\/yoast-seo-wordpress\/ -->\n<title>2da Colecta de juguetes Techmaster - Techmaster de Mexico<\/title>\n<meta name=\"robots\" content=\"index, follow, max-snippet:-1, max-image-preview:large, max-video-preview:-1\" \/>\n<link rel=\"canonical\" href=\"https:\/\/techmasterdemexico.com\/techmastercares\/2da-colecta-de-juguetes-techmaster\/\" \/>\n<meta property=\"og:locale\" content=\"en_US\" \/>\n<meta property=\"og:type\" content=\"article\" \/>\n<meta property=\"og:title\" content=\"2da Colecta de juguetes Techmaster - Techmaster de Mexico\" \/>\n<meta property=\"og:description\" content=\"Los colaboradores de Techmaster de M\u00e9xico unimos esfuerzos el pasado D\u00eda del Ni\u00f1o para llevar a cabo la 2da Colecta de Juguetes Techmaster, por segunda ocasi\u00f3n. En esta edici\u00f3n, logramos reunir juguetes que fueron donados a las ni\u00f1eces del albergue migrante, Border Line Crisis Center, ubicado en el centro de Tijuana. El d\u00eda 29 de [&hellip;]\" \/>\n<meta property=\"og:url\" content=\"https:\/\/techmasterdemexico.com\/techmastercares\/2da-colecta-de-juguetes-techmaster\/\" \/>\n<meta property=\"og:site_name\" content=\"Techmaster de Mexico\" \/>\n<meta property=\"article:modified_time\" content=\"2024-05-08T22:41:11+00:00\" \/>\n<meta property=\"og:image\" content=\"http:\/\/techmasterdemexico.com\/wp-content\/uploads\/Segunda-colecta-de-juguetes_portada.png\" \/>\n<meta name=\"twitter:card\" content=\"summary_large_image\" \/>\n<meta name=\"twitter:label1\" content=\"Est. reading time\" \/>\n\t<meta name=\"twitter:data1\" content=\"1 minute\" \/>\n<script type=\"application\/ld+json\" class=\"yoast-schema-graph\">{\"@context\":\"https:\\\/\\\/schema.org\",\"@graph\":[{\"@type\":\"WebPage\",\"@id\":\"https:\\\/\\\/techmasterdemexico.com\\\/techmastercares\\\/2da-colecta-de-juguetes-techmaster\\\/\",\"url\":\"https:\\\/\\\/techmasterdemexico.com\\\/techmastercares\\\/2da-colecta-de-juguetes-techmaster\\\/\",\"name\":\"2da Colecta de juguetes Techmaster - Techmaster de Mexico\",\"isPartOf\":{\"@id\":\"https:\\\/\\\/techmasterdemexico.com\\\/#website\"},\"primaryImageOfPage\":{\"@id\":\"https:\\\/\\\/techmasterdemexico.com\\\/techmastercares\\\/2da-colecta-de-juguetes-techmaster\\\/#primaryimage\"},\"image\":{\"@id\":\"https:\\\/\\\/techmasterdemexico.com\\\/techmastercares\\\/2da-colecta-de-juguetes-techmaster\\\/#primaryimage\"},\"thumbnailUrl\":\"http:\\\/\\\/techmasterdemexico.com\\\/wp-content\\\/uploads\\\/Segunda-colecta-de-juguetes_portada.png\",\"datePublished\":\"2024-04-10T23:20:55+00:00\",\"dateModified\":\"2024-05-08T22:41:11+00:00\",\"breadcrumb\":{\"@id\":\"https:\\\/\\\/techmasterdemexico.com\\\/techmastercares\\\/2da-colecta-de-juguetes-techmaster\\\/#breadcrumb\"},\"inLanguage\":\"en-US\",\"potentialAction\":[{\"@type\":\"ReadAction\",\"target\":[\"https:\\\/\\\/techmasterdemexico.com\\\/techmastercares\\\/2da-colecta-de-juguetes-techmaster\\\/\"]}]},{\"@type\":\"ImageObject\",\"inLanguage\":\"en-US\",\"@id\":\"https:\\\/\\\/techmasterdemexico.com\\\/techmastercares\\\/2da-colecta-de-juguetes-techmaster\\\/#primaryimage\",\"url\":\"http:\\\/\\\/techmasterdemexico.com\\\/wp-content\\\/uploads\\\/Segunda-colecta-de-juguetes_portada.png\",\"contentUrl\":\"http:\\\/\\\/techmasterdemexico.com\\\/wp-content\\\/uploads\\\/Segunda-colecta-de-juguetes_portada.png\"},{\"@type\":\"BreadcrumbList\",\"@id\":\"https:\\\/\\\/techmasterdemexico.com\\\/techmastercares\\\/2da-colecta-de-juguetes-techmaster\\\/#breadcrumb\",\"itemListElement\":[{\"@type\":\"ListItem\",\"position\":1,\"name\":\"Portada\",\"item\":\"https:\\\/\\\/techmasterdemexico.com\\\/\"},{\"@type\":\"ListItem\",\"position\":2,\"name\":\"TechmasterCares\",\"item\":\"https:\\\/\\\/techmasterdemexico.com\\\/techmastercares\\\/\"},{\"@type\":\"ListItem\",\"position\":3,\"name\":\"2da Colecta de juguetes Techmaster\"}]},{\"@type\":\"WebSite\",\"@id\":\"https:\\\/\\\/techmasterdemexico.com\\\/#website\",\"url\":\"https:\\\/\\\/techmasterdemexico.com\\\/\",\"name\":\"Techmaster de Mexico\",\"description\":\"\",\"potentialAction\":[{\"@type\":\"SearchAction\",\"target\":{\"@type\":\"EntryPoint\",\"urlTemplate\":\"https:\\\/\\\/techmasterdemexico.com\\\/?s={search_term_string}\"},\"query-input\":{\"@type\":\"PropertyValueSpecification\",\"valueRequired\":true,\"valueName\":\"search_term_string\"}}],\"inLanguage\":\"en-US\"}]}<\/script>\n<!-- \/ Yoast SEO plugin. -->","yoast_head_json":{"title":"2da Colecta de juguetes Techmaster - Techmaster de Mexico","robots":{"index":"index","follow":"follow","max-snippet":"max-snippet:-1","max-image-preview":"max-image-preview:large","max-video-preview":"max-video-preview:-1"},"canonical":"https:\/\/techmasterdemexico.com\/techmastercares\/2da-colecta-de-juguetes-techmaster\/","og_locale":"en_US","og_type":"article","og_title":"2da Colecta de juguetes Techmaster - Techmaster de Mexico","og_description":"Los colaboradores de Techmaster de M\u00e9xico unimos esfuerzos el pasado D\u00eda del Ni\u00f1o para llevar a cabo la 2da Colecta de Juguetes Techmaster, por segunda ocasi\u00f3n. En esta edici\u00f3n, logramos reunir juguetes que fueron donados a las ni\u00f1eces del albergue migrante, Border Line Crisis Center, ubicado en el centro de Tijuana. El d\u00eda 29 de [&hellip;]","og_url":"https:\/\/techmasterdemexico.com\/techmastercares\/2da-colecta-de-juguetes-techmaster\/","og_site_name":"Techmaster de Mexico","article_modified_time":"2024-05-08T22:41:11+00:00","og_image":[{"url":"http:\/\/techmasterdemexico.com\/wp-content\/uploads\/Segunda-colecta-de-juguetes_portada.png","type":"","width":"","height":""}],"twitter_card":"summary_large_image","twitter_misc":{"Est. reading time":"1 minute"},"schema":{"@context":"https:\/\/schema.org","@graph":[{"@type":"WebPage","@id":"https:\/\/techmasterdemexico.com\/techmastercares\/2da-colecta-de-juguetes-techmaster\/","url":"https:\/\/techmasterdemexico.com\/techmastercares\/2da-colecta-de-juguetes-techmaster\/","name":"2da Colecta de juguetes Techmaster - Techmaster de Mexico","isPartOf":{"@id":"https:\/\/techmasterdemexico.com\/#website"},"primaryImageOfPage":{"@id":"https:\/\/techmasterdemexico.com\/techmastercares\/2da-colecta-de-juguetes-techmaster\/#primaryimage"},"image":{"@id":"https:\/\/techmasterdemexico.com\/techmastercares\/2da-colecta-de-juguetes-techmaster\/#primaryimage"},"thumbnailUrl":"http:\/\/techmasterdemexico.com\/wp-content\/uploads\/Segunda-colecta-de-juguetes_portada.png","datePublished":"2024-04-10T23:20:55+00:00","dateModified":"2024-05-08T22:41:11+00:00","breadcrumb":{"@id":"https:\/\/techmasterdemexico.com\/techmastercares\/2da-colecta-de-juguetes-techmaster\/#breadcrumb"},"inLanguage":"en-US","potentialAction":[{"@type":"ReadAction","target":["https:\/\/techmasterdemexico.com\/techmastercares\/2da-colecta-de-juguetes-techmaster\/"]}]},{"@type":"ImageObject","inLanguage":"en-US","@id":"https:\/\/techmasterdemexico.com\/techmastercares\/2da-colecta-de-juguetes-techmaster\/#primaryimage","url":"http:\/\/techmasterdemexico.com\/wp-content\/uploads\/Segunda-colecta-de-juguetes_portada.png","contentUrl":"http:\/\/techmasterdemexico.com\/wp-content\/uploads\/Segunda-colecta-de-juguetes_portada.png"},{"@type":"BreadcrumbList","@id":"https:\/\/techmasterdemexico.com\/techmastercares\/2da-colecta-de-juguetes-techmaster\/#breadcrumb","itemListElement":[{"@type":"ListItem","position":1,"name":"Portada","item":"https:\/\/techmasterdemexico.com\/"},{"@type":"ListItem","position":2,"name":"TechmasterCares","item":"https:\/\/techmasterdemexico.com\/techmastercares\/"},{"@type":"ListItem","position":3,"name":"2da Colecta de juguetes Techmaster"}]},{"@type":"WebSite","@id":"https:\/\/techmasterdemexico.com\/#website","url":"https:\/\/techmasterdemexico.com\/","name":"Techmaster de Mexico","description":"","potentialAction":[{"@type":"SearchAction","target":{"@type":"EntryPoint","urlTemplate":"https:\/\/techmasterdemexico.com\/?s={search_term_string}"},"query-input":{"@type":"PropertyValueSpecification","valueRequired":true,"valueName":"search_term_string"}}],"inLanguage":"en-US"}]}},"_links":{"self":[{"href":"https:\/\/techmasterdemexico.com\/en\/wp-json\/wp\/v2\/pages\/21077","targetHints":{"allow":["GET"]}}],"collection":[{"href":"https:\/\/techmasterdemexico.com\/en\/wp-json\/wp\/v2\/pages"}],"about":[{"href":"https:\/\/techmasterdemexico.com\/en\/wp-json\/wp\/v2\/types\/page"}],"author":[{"embeddable":true,"href":"https:\/\/techmasterdemexico.com\/en\/wp-json\/wp\/v2\/users\/1"}],"replies":[{"embeddable":true,"href":"https:\/\/techmasterdemexico.com\/en\/wp-json\/wp\/v2\/comments?post=21077"}],"version-history":[{"count":3,"href":"https:\/\/techmasterdemexico.com\/en\/wp-json\/wp\/v2\/pages\/21077\/revisions"}],"predecessor-version":[{"id":21139,"href":"https:\/\/techmasterdemexico.com\/en\/wp-json\/wp\/v2\/pages\/21077\/revisions\/21139"}],"up":[{"embeddable":true,"href":"https:\/\/techmasterdemexico.com\/en\/wp-json\/wp\/v2\/pages\/20146"}],"wp:attachment":[{"href":"https:\/\/techmasterdemexico.com\/en\/wp-json\/wp\/v2\/media?parent=21077"}],"curies":[{"name":"wp","href":"https:\/\/api.w.org\/{rel}","templated":true}]}}