{"id":21066,"date":"2024-04-05T16:36:33","date_gmt":"2024-04-05T23:36:33","guid":{"rendered":"https:\/\/techmasterdemexico.com\/?page_id=21066"},"modified":"2024-04-09T12:45:52","modified_gmt":"2024-04-09T19:45:52","slug":"promocion-exclusiva-rugosimetro-portatil-mitutoyo","status":"publish","type":"page","link":"https:\/\/techmasterdemexico.com\/en\/promociones\/promocion-exclusiva-rugosimetro-portatil-mitutoyo\/","title":{"rendered":"Promoci\u00f3n exclusiva Rugos\u00edmetro port\u00e1til Mitutoyo"},"content":{"rendered":"<p>&nbsp;<\/p>\n<div style=\"max-width: 750px; width: 100%; margin: auto;\">\n<h1 style=\"text-align: center;\"><b>Promoci\u00f3n exclusiva Rugos\u00edmetro port\u00e1til Mitutoyo<\/b><\/h1>\n<\/div>\n<h1 style=\"text-align: center;\"><\/h1>\n<p><img decoding=\"async\" class=\"aligncenter img-fluid\" style=\"margin-bottom: 50px; max-width: 750px; width: 100%;\" src=\"http:\/\/techmasterdemexico.com\/wp-content\/uploads\/Promo-Mitutoyo_mailing-2.png\" \/><\/p>\n<div style=\"max-width: 750px; width: 100%; margin: auto;\"><center><\/p>\n<h2><i>\u00a1Haz clic y cotiza!<\/i><\/h2>\n<p><a class=\"mt-4\" style=\"display: inline-block; margin: auto;\" href=\"https:\/\/api.whatsapp.com\/send\/?phone=526643875607&amp;app_absent=0\"><img decoding=\"async\" class=\"img-fluid\" style=\"max-height: 45px;\" src=\"http:\/\/techmasterdemexico.com\/wp-content\/uploads\/Boton-Whatsapp@2x.png\" \/><\/a><\/p>\n<p><a class=\"mb-4\" style=\"display: inline-block; margin: auto;\" href=\"mailto:cotizacion@techmaster.us\"><img decoding=\"async\" class=\"img-fluid\" style=\"max-height: 45px;\" src=\"http:\/\/techmasterdemexico.com\/wp-content\/uploads\/Boton-correo@2x.png\" \/><\/a><\/p>\n<p><\/center><\/p>\n<div align=\"justify\"><\/div>\n<div align=\"justify\">T\u00c9RMINOS Y CONDICIONES<\/div>\n<ul style=\"font-size: 12px;\">\n<li>\n<div align=\"justify\">Oferta v\u00e1lida solo del 01 de abril al 28 de junio de 2024 o hasta agotar existencias.<\/div>\n<\/li>\n<li>\n<div align=\"justify\">La promoci\u00f3n solo aplica en la compra del modelo rugos\u00edmetro port\u00e1til SURFTEST SJ-210.<\/div>\n<\/li>\n<li>\n<div align=\"justify\">Los paquetes participantes se componen por: paquete 1 &#8211; rugos\u00edmetro SJ-210 IN 0.75 standard, paquete 2 &#8211; rugos\u00edmetro SJ-210 IN 0.75 standard + cable USB para Serie SJ-210 (2m), paquete 3 &#8211; rugos\u00edmetro SJ-210 IN 0.75 standard, U-WAVE-T\/Trasmisor (zumbador), cable de conexi\u00f3n D, U-WAVE-R (receptor) y paquete 4 &#8211; rugos\u00edmetro SJ-210 IN 0.75 standard, HDS-12&#8243; CX y adaptador\/medidor de altura (IN).<\/div>\n<\/li>\n<li>\n<div align=\"justify\">Recibe gratis un esp\u00e9cimen de rugosidad 178-602 calibrado.<\/div>\n<\/li>\n<li>\n<div align=\"justify\">Recibe capacitaci\u00f3n en l\u00ednea sin costo (consulta fechas y horarios disponibles).<\/div>\n<\/li>\n<li>\n<div align=\"justify\">Aplica solo en compras en sucursales Techmaster de M\u00e9xico.<\/div>\n<\/li>\n<li>\n<div align=\"justify\">Queda prohibida la participaci\u00f3n de los empleados y familiares de empleados (conyugues, padres, hijos y c\u00f3nyuges de estos) de Techmaster de M\u00e9xico.<\/div>\n<\/li>\n<li>\n<div align=\"justify\">Esta promoci\u00f3n no aplica con otra promoci\u00f3n y\/o descuentos especiales, ni licitaciones.<\/div>\n<\/li>\n<li>\n<div align=\"justify\">Para obtener todos los detalles, contacta a tu representante de ventas de Techmaster de M\u00e9xico o escr\u00edbenos a <a href=\"mailto:cotizacion@techmaster.us\">cotizacion@techmaster.us<\/a><\/div>\n<\/li>\n<\/ul>\n<\/div>\n","protected":false},"excerpt":{"rendered":"<p>&nbsp; Promoci\u00f3n exclusiva Rugos\u00edmetro port\u00e1til Mitutoyo \u00a1Haz clic y cotiza! T\u00c9RMINOS Y CONDICIONES Oferta v\u00e1lida solo del 01 de abril al 28 de junio de 2024 o hasta agotar existencias. La promoci\u00f3n solo aplica en la compra del modelo rugos\u00edmetro port\u00e1til SURFTEST SJ-210. Los paquetes participantes se componen por: paquete 1 &#8211; rugos\u00edmetro SJ-210 IN [&hellip;]<\/p>\n","protected":false},"author":1,"featured_media":0,"parent":7972,"menu_order":0,"comment_status":"closed","ping_status":"closed","template":"template-nosidebar.php","meta":{"_acf_changed":false,"footnotes":""},"class_list":["post-21066","page","type-page","status-publish","hentry"],"acf":[],"yoast_head":"<!-- This site is optimized with the Yoast SEO plugin v27.3 - https:\/\/yoast.com\/product\/yoast-seo-wordpress\/ -->\n<title>Promoci\u00f3n exclusiva Rugos\u00edmetro port\u00e1til Mitutoyo - Techmaster de Mexico<\/title>\n<meta name=\"robots\" content=\"index, follow, max-snippet:-1, max-image-preview:large, max-video-preview:-1\" \/>\n<link rel=\"canonical\" href=\"https:\/\/techmasterdemexico.com\/promociones\/promocion-exclusiva-rugosimetro-portatil-mitutoyo\/\" \/>\n<meta property=\"og:locale\" content=\"en_US\" \/>\n<meta property=\"og:type\" content=\"article\" \/>\n<meta property=\"og:title\" content=\"Promoci\u00f3n exclusiva Rugos\u00edmetro port\u00e1til Mitutoyo - Techmaster de Mexico\" \/>\n<meta property=\"og:description\" content=\"&nbsp; Promoci\u00f3n exclusiva Rugos\u00edmetro port\u00e1til Mitutoyo \u00a1Haz clic y cotiza! T\u00c9RMINOS Y CONDICIONES Oferta v\u00e1lida solo del 01 de abril al 28 de junio de 2024 o hasta agotar existencias. La promoci\u00f3n solo aplica en la compra del modelo rugos\u00edmetro port\u00e1til SURFTEST SJ-210. Los paquetes participantes se componen por: paquete 1 &#8211; rugos\u00edmetro SJ-210 IN [&hellip;]\" \/>\n<meta property=\"og:url\" content=\"https:\/\/techmasterdemexico.com\/promociones\/promocion-exclusiva-rugosimetro-portatil-mitutoyo\/\" \/>\n<meta property=\"og:site_name\" content=\"Techmaster de Mexico\" \/>\n<meta property=\"article:modified_time\" content=\"2024-04-09T19:45:52+00:00\" \/>\n<meta property=\"og:image\" content=\"http:\/\/techmasterdemexico.com\/wp-content\/uploads\/Promo-Mitutoyo_mailing-2.png\" \/>\n<meta name=\"twitter:card\" content=\"summary_large_image\" \/>\n<meta name=\"twitter:label1\" content=\"Est. reading time\" \/>\n\t<meta name=\"twitter:data1\" content=\"2 minutes\" \/>\n<script type=\"application\/ld+json\" class=\"yoast-schema-graph\">{\"@context\":\"https:\\\/\\\/schema.org\",\"@graph\":[{\"@type\":\"WebPage\",\"@id\":\"https:\\\/\\\/techmasterdemexico.com\\\/promociones\\\/promocion-exclusiva-rugosimetro-portatil-mitutoyo\\\/\",\"url\":\"https:\\\/\\\/techmasterdemexico.com\\\/promociones\\\/promocion-exclusiva-rugosimetro-portatil-mitutoyo\\\/\",\"name\":\"Promoci\u00f3n exclusiva Rugos\u00edmetro port\u00e1til Mitutoyo - Techmaster de Mexico\",\"isPartOf\":{\"@id\":\"https:\\\/\\\/techmasterdemexico.com\\\/#website\"},\"primaryImageOfPage\":{\"@id\":\"https:\\\/\\\/techmasterdemexico.com\\\/promociones\\\/promocion-exclusiva-rugosimetro-portatil-mitutoyo\\\/#primaryimage\"},\"image\":{\"@id\":\"https:\\\/\\\/techmasterdemexico.com\\\/promociones\\\/promocion-exclusiva-rugosimetro-portatil-mitutoyo\\\/#primaryimage\"},\"thumbnailUrl\":\"http:\\\/\\\/techmasterdemexico.com\\\/wp-content\\\/uploads\\\/Promo-Mitutoyo_mailing-2.png\",\"datePublished\":\"2024-04-05T23:36:33+00:00\",\"dateModified\":\"2024-04-09T19:45:52+00:00\",\"breadcrumb\":{\"@id\":\"https:\\\/\\\/techmasterdemexico.com\\\/promociones\\\/promocion-exclusiva-rugosimetro-portatil-mitutoyo\\\/#breadcrumb\"},\"inLanguage\":\"en-US\",\"potentialAction\":[{\"@type\":\"ReadAction\",\"target\":[\"https:\\\/\\\/techmasterdemexico.com\\\/promociones\\\/promocion-exclusiva-rugosimetro-portatil-mitutoyo\\\/\"]}]},{\"@type\":\"ImageObject\",\"inLanguage\":\"en-US\",\"@id\":\"https:\\\/\\\/techmasterdemexico.com\\\/promociones\\\/promocion-exclusiva-rugosimetro-portatil-mitutoyo\\\/#primaryimage\",\"url\":\"http:\\\/\\\/techmasterdemexico.com\\\/wp-content\\\/uploads\\\/Promo-Mitutoyo_mailing-2.png\",\"contentUrl\":\"http:\\\/\\\/techmasterdemexico.com\\\/wp-content\\\/uploads\\\/Promo-Mitutoyo_mailing-2.png\"},{\"@type\":\"BreadcrumbList\",\"@id\":\"https:\\\/\\\/techmasterdemexico.com\\\/promociones\\\/promocion-exclusiva-rugosimetro-portatil-mitutoyo\\\/#breadcrumb\",\"itemListElement\":[{\"@type\":\"ListItem\",\"position\":1,\"name\":\"Portada\",\"item\":\"https:\\\/\\\/techmasterdemexico.com\\\/\"},{\"@type\":\"ListItem\",\"position\":2,\"name\":\"Promociones\",\"item\":\"https:\\\/\\\/techmasterdemexico.com\\\/promociones\\\/\"},{\"@type\":\"ListItem\",\"position\":3,\"name\":\"Promoci\u00f3n exclusiva Rugos\u00edmetro port\u00e1til Mitutoyo\"}]},{\"@type\":\"WebSite\",\"@id\":\"https:\\\/\\\/techmasterdemexico.com\\\/#website\",\"url\":\"https:\\\/\\\/techmasterdemexico.com\\\/\",\"name\":\"Techmaster de Mexico\",\"description\":\"\",\"potentialAction\":[{\"@type\":\"SearchAction\",\"target\":{\"@type\":\"EntryPoint\",\"urlTemplate\":\"https:\\\/\\\/techmasterdemexico.com\\\/?s={search_term_string}\"},\"query-input\":{\"@type\":\"PropertyValueSpecification\",\"valueRequired\":true,\"valueName\":\"search_term_string\"}}],\"inLanguage\":\"en-US\"}]}<\/script>\n<!-- \/ Yoast SEO plugin. -->","yoast_head_json":{"title":"Promoci\u00f3n exclusiva Rugos\u00edmetro port\u00e1til Mitutoyo - Techmaster de Mexico","robots":{"index":"index","follow":"follow","max-snippet":"max-snippet:-1","max-image-preview":"max-image-preview:large","max-video-preview":"max-video-preview:-1"},"canonical":"https:\/\/techmasterdemexico.com\/promociones\/promocion-exclusiva-rugosimetro-portatil-mitutoyo\/","og_locale":"en_US","og_type":"article","og_title":"Promoci\u00f3n exclusiva Rugos\u00edmetro port\u00e1til Mitutoyo - Techmaster de Mexico","og_description":"&nbsp; Promoci\u00f3n exclusiva Rugos\u00edmetro port\u00e1til Mitutoyo \u00a1Haz clic y cotiza! T\u00c9RMINOS Y CONDICIONES Oferta v\u00e1lida solo del 01 de abril al 28 de junio de 2024 o hasta agotar existencias. La promoci\u00f3n solo aplica en la compra del modelo rugos\u00edmetro port\u00e1til SURFTEST SJ-210. Los paquetes participantes se componen por: paquete 1 &#8211; rugos\u00edmetro SJ-210 IN [&hellip;]","og_url":"https:\/\/techmasterdemexico.com\/promociones\/promocion-exclusiva-rugosimetro-portatil-mitutoyo\/","og_site_name":"Techmaster de Mexico","article_modified_time":"2024-04-09T19:45:52+00:00","og_image":[{"url":"http:\/\/techmasterdemexico.com\/wp-content\/uploads\/Promo-Mitutoyo_mailing-2.png","type":"","width":"","height":""}],"twitter_card":"summary_large_image","twitter_misc":{"Est. reading time":"2 minutes"},"schema":{"@context":"https:\/\/schema.org","@graph":[{"@type":"WebPage","@id":"https:\/\/techmasterdemexico.com\/promociones\/promocion-exclusiva-rugosimetro-portatil-mitutoyo\/","url":"https:\/\/techmasterdemexico.com\/promociones\/promocion-exclusiva-rugosimetro-portatil-mitutoyo\/","name":"Promoci\u00f3n exclusiva Rugos\u00edmetro port\u00e1til Mitutoyo - Techmaster de Mexico","isPartOf":{"@id":"https:\/\/techmasterdemexico.com\/#website"},"primaryImageOfPage":{"@id":"https:\/\/techmasterdemexico.com\/promociones\/promocion-exclusiva-rugosimetro-portatil-mitutoyo\/#primaryimage"},"image":{"@id":"https:\/\/techmasterdemexico.com\/promociones\/promocion-exclusiva-rugosimetro-portatil-mitutoyo\/#primaryimage"},"thumbnailUrl":"http:\/\/techmasterdemexico.com\/wp-content\/uploads\/Promo-Mitutoyo_mailing-2.png","datePublished":"2024-04-05T23:36:33+00:00","dateModified":"2024-04-09T19:45:52+00:00","breadcrumb":{"@id":"https:\/\/techmasterdemexico.com\/promociones\/promocion-exclusiva-rugosimetro-portatil-mitutoyo\/#breadcrumb"},"inLanguage":"en-US","potentialAction":[{"@type":"ReadAction","target":["https:\/\/techmasterdemexico.com\/promociones\/promocion-exclusiva-rugosimetro-portatil-mitutoyo\/"]}]},{"@type":"ImageObject","inLanguage":"en-US","@id":"https:\/\/techmasterdemexico.com\/promociones\/promocion-exclusiva-rugosimetro-portatil-mitutoyo\/#primaryimage","url":"http:\/\/techmasterdemexico.com\/wp-content\/uploads\/Promo-Mitutoyo_mailing-2.png","contentUrl":"http:\/\/techmasterdemexico.com\/wp-content\/uploads\/Promo-Mitutoyo_mailing-2.png"},{"@type":"BreadcrumbList","@id":"https:\/\/techmasterdemexico.com\/promociones\/promocion-exclusiva-rugosimetro-portatil-mitutoyo\/#breadcrumb","itemListElement":[{"@type":"ListItem","position":1,"name":"Portada","item":"https:\/\/techmasterdemexico.com\/"},{"@type":"ListItem","position":2,"name":"Promociones","item":"https:\/\/techmasterdemexico.com\/promociones\/"},{"@type":"ListItem","position":3,"name":"Promoci\u00f3n exclusiva Rugos\u00edmetro port\u00e1til Mitutoyo"}]},{"@type":"WebSite","@id":"https:\/\/techmasterdemexico.com\/#website","url":"https:\/\/techmasterdemexico.com\/","name":"Techmaster de Mexico","description":"","potentialAction":[{"@type":"SearchAction","target":{"@type":"EntryPoint","urlTemplate":"https:\/\/techmasterdemexico.com\/?s={search_term_string}"},"query-input":{"@type":"PropertyValueSpecification","valueRequired":true,"valueName":"search_term_string"}}],"inLanguage":"en-US"}]}},"_links":{"self":[{"href":"https:\/\/techmasterdemexico.com\/en\/wp-json\/wp\/v2\/pages\/21066","targetHints":{"allow":["GET"]}}],"collection":[{"href":"https:\/\/techmasterdemexico.com\/en\/wp-json\/wp\/v2\/pages"}],"about":[{"href":"https:\/\/techmasterdemexico.com\/en\/wp-json\/wp\/v2\/types\/page"}],"author":[{"embeddable":true,"href":"https:\/\/techmasterdemexico.com\/en\/wp-json\/wp\/v2\/users\/1"}],"replies":[{"embeddable":true,"href":"https:\/\/techmasterdemexico.com\/en\/wp-json\/wp\/v2\/comments?post=21066"}],"version-history":[{"count":4,"href":"https:\/\/techmasterdemexico.com\/en\/wp-json\/wp\/v2\/pages\/21066\/revisions"}],"predecessor-version":[{"id":21074,"href":"https:\/\/techmasterdemexico.com\/en\/wp-json\/wp\/v2\/pages\/21066\/revisions\/21074"}],"up":[{"embeddable":true,"href":"https:\/\/techmasterdemexico.com\/en\/wp-json\/wp\/v2\/pages\/7972"}],"wp:attachment":[{"href":"https:\/\/techmasterdemexico.com\/en\/wp-json\/wp\/v2\/media?parent=21066"}],"curies":[{"name":"wp","href":"https:\/\/api.w.org\/{rel}","templated":true}]}}