{"id":20957,"date":"2024-03-01T19:04:47","date_gmt":"2024-03-02T02:04:47","guid":{"rendered":"https:\/\/techmasterdemexico.com\/?page_id=20957"},"modified":"2024-03-12T14:45:49","modified_gmt":"2024-03-12T21:45:49","slug":"curso-presencial-tolerancias-geometricas-y-dimensionales-tgd-gps-normas-iso","status":"publish","type":"page","link":"https:\/\/techmasterdemexico.com\/en\/curso-presencial-tolerancias-geometricas-y-dimensionales-tgd-gps-normas-iso\/","title":{"rendered":"Curso Presencial \u201cTolerancias Geom\u00e9tricas y Dimensionales (TGD\/GPS) Normas ISO\u201d."},"content":{"rendered":"<div style=\"max-width: 628px; margin: auto; font-size: 18px;\">\n<h2 class=\"mb-4\" align=\"center\"><b>Curso presencial &#8220;Tolerancias Geom\u00e9tricas y Dimensionales (TGD\/GPS) Normas ISO&#8221;. <\/b><\/h2>\n<p style=\"font-size: 20px; line-height: 1; color: #ff7600;\" align=\"center\">Techmaster de M\u00e9xico en colaboraci\u00f3n con nuestro socio comercial Mitutoyo, trae para ti el curso en l\u00ednea &#8220;Tolerancias Geom\u00e9tricas y Dimensionales (TGD\/GPS) Normas ISO&#8221;. <\/p>\n<p style=\"font-size: 20px; line-height: 1; color: #ff7600;\" align=\"center\">Adquiere conocimiento en las definiciones y s\u00edmbolos b\u00e1sicos de tolerancias geom\u00e9tricas y logra entender especificaciones en los dibujos de ingenier\u00eda. <\/p>\n<\/div>\n<p><img decoding=\"async\" class=\"aligncenter img-fluid\" style=\"margin-bottom: 50px; max-width: 700px; width: 100%;\" src=\"http:\/\/techmasterdemexico.com\/wp-content\/uploads\/Tolerancias-geometricas-PRESENCIAL_Programa-carta-1-1.jpg\" \/><\/p>\n<div style=\"max-width: 628px; margin: auto;\">\n<p style=\"text-align: center;\"><a class=\"btn\" style=\"text-decoration: none; font-size: 25px !important;\" href=\"http:\/\/techmasterdemexico.com\/wp-content\/uploads\/Tolerancias-geometricas_Programa.pdf\" target=\"_blank\" rel=\"noopener\">Programa completo<\/a><\/p>\n<div class=\"row mt-1 mb-3\"><\/div>\n<p style=\"text-align: center;\" class=\"strong\">En este curso presencial conocer\u00e1s:<\/p>\n<p style=\"text-align: center;\">&gt;&gt; <span style=\"color: #ff7600;\">Definiciones, principios y s\u00edmbolos de dimensionado.<\/span><br \/>\n&gt;&gt; <span style=\"color: #ff7600;\">Sistemas de ajustes y tolerancias.<\/span><br \/>\n&gt;&gt; <span style=\"color: #ff7600;\">Tolerancias generales.<\/span><br \/>\n&gt;&gt; <span style=\"color: #ff7600;\">S\u00edmbolos modificadores.<\/span><br \/>\n&gt;&gt; <span style=\"color: #ff7600;\">Requerimientos de material (MMR, LMR, RMR).<\/span><br \/>\n&gt;&gt; <span style=\"color: #ff7600;\">Condici\u00f3n virtual.<\/span><br \/>\n<span style=\"color: #ff7600;\">\u00a1Y m\u00e1s!<\/span><\/p>\n<p>&nbsp;<br \/>\n<center><\/p>\n<p class=\"strong\" style=\"margin-bottom: 0px;\">\u00bfD\u00f3nde y cu\u00e1ndo se impartir\u00e1 este curso?<\/p>\n<p style=\"margin-bottom: 0px; color: #ff7600;\"><span style=\"display: inline-flex;\"><img decoding=\"async\" style=\"height: 20px;\" src=\"http:\/\/techmasterdemexico.com\/wp-content\/uploads\/icono-calendario.png\" \/> 7, 8 y 9 de mayo de 2024.<\/span><\/p>\n<p style=\"margin-bottom: 0px; color: #ff7600;\"><span style=\"display: inline-flex;\"><img decoding=\"async\" style=\"height: 20px;\" src=\"http:\/\/techmasterdemexico.com\/wp-content\/uploads\/icono-reloj.png\" \/> 8:30 am \u2013 5:30 pm (Hora Tijuana).<\/span><\/p>\n<p style=\"margin-bottom: 0px; color: #ff7600;\"><span style=\"display: inline-flex;\"><img decoding=\"async\" style=\"height: 20px;\" src=\"http:\/\/techmasterdemexico.com\/wp-content\/uploads\/icono-duracion.png\" \/> Duraci\u00f3n 24 horas.<\/span><\/p>\n<p style=\"margin-bottom: 0px; color: #ff7600;\"><span style=\"display: inline-flex;\"><img decoding=\"async\" style=\"height: 20px;\" src=\"http:\/\/techmasterdemexico.com\/wp-content\/uploads\/icono-ponente.png\" \/> Imparte: Ing. Ignacio Carrasco Nieto.<\/span><\/p>\n<p style=\"margin-bottom: 0px; color: #ff7600;\"><span style=\"display: inline-flex;\"><img decoding=\"async\" style=\"height: 20px;\" src=\"http:\/\/techmasterdemexico.com\/wp-content\/uploads\/icono-ubicacion.png\" \/> Lugar: Sucursal Techmaster Tijuana.<\/span><\/p>\n<p><\/center><\/p>\n<p style=\"text-align: center;\"><span class=\"strong\">Incluye:<\/span><br \/>\n&gt;&gt; <span style=\"color: #ff7600;\">Kit de bienvenida.<\/span><br \/>\n&gt;&gt; <span style=\"color: #ff7600;\">Material did\u00e1ctico.<\/span><br \/>\n&gt;&gt; <span style=\"color: #ff7600;\">Diploma de participaci\u00f3n.<\/span><br \/>\n&gt;&gt; <span style=\"color: #ff7600;\">Valor curricular STPS.<\/span><\/p>\n<p class=\"mb-4 mt-4\" style=\"text-align: center;\"><span class=\"strong\">Registro y cuota de inscripci\u00f3n:<\/span><br \/>\n&gt;&gt; <span style=\"color: #ff7600;\">El costo de inscripci\u00f3n a este curso es de $6,750.00 MXN + IVA.<\/span><br \/>\n&gt;&gt; <span style=\"color: #ff7600;\">Aparta tu lugar con tu orden de compra, o paga el 50% del costo total y liquida 15 d\u00edas antes del evento.<\/span><br \/>\n&gt;&gt; <span style=\"color: #ff7600;\"><a class=\"strong\" style=\"color: #ff7600; text-decoration: none;\" href=\"https:\/\/api.whatsapp.com\/send\/?phone=526643875607&amp;app_absent=0\" target=\"_blank\" rel=\"noopener\">Reg\u00edstrate v\u00eda web, telef\u00f3nica o por correo electr\u00f3nico.<\/a><\/span><\/p>\n<p class=\"mt-4 mb-4\" style=\"text-align: center;\"><a class=\"btn\" style=\"text-decoration: none; font-size: 25px !important;\" href=\"https:\/\/lp.constantcontactpages.com\/sl\/sLqo3yq\">Quiero cotizar<\/a><\/p>\n<p class=\"strong mb-5\" style=\"text-align: center;\">Promoci\u00f3n por tiempo limitado:<br \/>\n<span style=\"color: #ff7600;\">En grupos de 2 a 4 personas, obt\u00e9n el 10% de descuento.<br \/>\nEn grupos de 5 personas o m\u00e1s, obt\u00e9n el 15% de descuento.<br \/>\n*Aplica en grupos pertenecientes a la misma empresa*<\/span><\/p>\n<h4 style=\"color: #0432A0; font-size: 20px;\" align=\"center\">\ud83d\udcde<a class=\"strong\" style=\"color: #0432A0;\" href=\"tel:+528007329874\" target=\"_blank\" rel=\"noopener\">800 732 9874<\/a><\/h4>\n<h4 style=\"color: #0432A0; font-size: 20px;\" align=\"center\">\u2709\ufe0f<a class=\"strong\" style=\"color: #0432A0;\" href=\"mailto:contacto@techmaster.us\" target=\"_blank\" rel=\"noopener\">contacto@techmaster.us<\/a><\/h4>\n<h4 style=\"color: #0432A0;  font-size: 20px; text-align: center;\" align=\"center\"><a class=\"strong\" style=\"display: inline-flex; color: #0432A0\" href=\"https:\/\/api.whatsapp.com\/send\/?phone=526643875607&amp;app_absent=0\" target=\"_blank\" rel=\"noopener\"><br \/>\n<img decoding=\"async\" style=\"height: 25px;\" src=\"https:\/\/techmasterdemexico.com\/wp-content\/themes\/techmastermexico\/assets\/images\/logos\/icn_whatsapp.png\" alt=\"Whatsapp\" \/> +52 664 387 5607<\/a><\/h4>\n<\/div>\n<style>\np{\nfont-size: 17px; line-height: 1.1;\ncolor:#0432A0;}\n<\/style>\n","protected":false},"excerpt":{"rendered":"<p>Curso presencial &#8220;Tolerancias Geom\u00e9tricas y Dimensionales (TGD\/GPS) Normas ISO&#8221;. Techmaster de M\u00e9xico en colaboraci\u00f3n con nuestro socio comercial Mitutoyo, trae para ti el curso en l\u00ednea &#8220;Tolerancias Geom\u00e9tricas y Dimensionales (TGD\/GPS) Normas ISO&#8221;. Adquiere conocimiento en las definiciones y s\u00edmbolos b\u00e1sicos de tolerancias geom\u00e9tricas y logra entender especificaciones en los dibujos de ingenier\u00eda. Programa completo [&hellip;]<\/p>\n","protected":false},"author":1,"featured_media":0,"parent":0,"menu_order":0,"comment_status":"closed","ping_status":"closed","template":"template-nosidebar.php","meta":{"_acf_changed":false,"footnotes":""},"class_list":["post-20957","page","type-page","status-publish","hentry"],"acf":[],"yoast_head":"<!-- This site is optimized with the Yoast SEO plugin v27.2 - https:\/\/yoast.com\/product\/yoast-seo-wordpress\/ -->\n<title>Curso Presencial \u201cTolerancias Geom\u00e9tricas y Dimensionales (TGD\/GPS) Normas ISO\u201d. - Techmaster de Mexico<\/title>\n<meta name=\"description\" content=\"Inscr\u00edbete al Curso presencial Tolerancias Geom\u00e9tricas y Dimensionales (TGD\/GPS) Normas ISO. Duraci\u00f3n 24 horas. Cupo Limitado.\" \/>\n<meta name=\"robots\" content=\"index, follow, max-snippet:-1, max-image-preview:large, max-video-preview:-1\" \/>\n<link rel=\"canonical\" href=\"https:\/\/techmasterdemexico.com\/curso-presencial-tolerancias-geometricas-y-dimensionales-tgd-gps-normas-iso\/\" \/>\n<meta property=\"og:locale\" content=\"en_US\" \/>\n<meta property=\"og:type\" content=\"article\" \/>\n<meta property=\"og:title\" content=\"Curso Presencial \u201cTolerancias Geom\u00e9tricas y Dimensionales (TGD\/GPS) Normas ISO\u201d. - Techmaster de Mexico\" \/>\n<meta property=\"og:description\" content=\"Inscr\u00edbete al Curso presencial Tolerancias Geom\u00e9tricas y Dimensionales (TGD\/GPS) Normas ISO. Duraci\u00f3n 24 horas. Cupo Limitado.\" \/>\n<meta property=\"og:url\" content=\"https:\/\/techmasterdemexico.com\/curso-presencial-tolerancias-geometricas-y-dimensionales-tgd-gps-normas-iso\/\" \/>\n<meta property=\"og:site_name\" content=\"Techmaster de Mexico\" \/>\n<meta property=\"article:modified_time\" content=\"2024-03-12T21:45:49+00:00\" \/>\n<meta property=\"og:image\" content=\"http:\/\/techmasterdemexico.com\/wp-content\/uploads\/Tolerancias-geometricas-PRESENCIAL_Programa-carta-1-1.jpg\" \/>\n<meta name=\"twitter:card\" content=\"summary_large_image\" \/>\n<meta name=\"twitter:label1\" content=\"Est. reading time\" \/>\n\t<meta name=\"twitter:data1\" content=\"3 minutes\" \/>\n<script type=\"application\/ld+json\" class=\"yoast-schema-graph\">{\"@context\":\"https:\/\/schema.org\",\"@graph\":[{\"@type\":\"WebPage\",\"@id\":\"https:\/\/techmasterdemexico.com\/curso-presencial-tolerancias-geometricas-y-dimensionales-tgd-gps-normas-iso\/\",\"url\":\"https:\/\/techmasterdemexico.com\/curso-presencial-tolerancias-geometricas-y-dimensionales-tgd-gps-normas-iso\/\",\"name\":\"Curso Presencial \u201cTolerancias Geom\u00e9tricas y Dimensionales (TGD\/GPS) Normas ISO\u201d. - Techmaster de Mexico\",\"isPartOf\":{\"@id\":\"https:\/\/techmasterdemexico.com\/#website\"},\"primaryImageOfPage\":{\"@id\":\"https:\/\/techmasterdemexico.com\/curso-presencial-tolerancias-geometricas-y-dimensionales-tgd-gps-normas-iso\/#primaryimage\"},\"image\":{\"@id\":\"https:\/\/techmasterdemexico.com\/curso-presencial-tolerancias-geometricas-y-dimensionales-tgd-gps-normas-iso\/#primaryimage\"},\"thumbnailUrl\":\"http:\/\/techmasterdemexico.com\/wp-content\/uploads\/Tolerancias-geometricas-PRESENCIAL_Programa-carta-1-1.jpg\",\"datePublished\":\"2024-03-02T02:04:47+00:00\",\"dateModified\":\"2024-03-12T21:45:49+00:00\",\"description\":\"Inscr\u00edbete al Curso presencial Tolerancias Geom\u00e9tricas y Dimensionales (TGD\/GPS) Normas ISO. Duraci\u00f3n 24 horas. Cupo Limitado.\",\"breadcrumb\":{\"@id\":\"https:\/\/techmasterdemexico.com\/curso-presencial-tolerancias-geometricas-y-dimensionales-tgd-gps-normas-iso\/#breadcrumb\"},\"inLanguage\":\"en-US\",\"potentialAction\":[{\"@type\":\"ReadAction\",\"target\":[\"https:\/\/techmasterdemexico.com\/curso-presencial-tolerancias-geometricas-y-dimensionales-tgd-gps-normas-iso\/\"]}]},{\"@type\":\"ImageObject\",\"inLanguage\":\"en-US\",\"@id\":\"https:\/\/techmasterdemexico.com\/curso-presencial-tolerancias-geometricas-y-dimensionales-tgd-gps-normas-iso\/#primaryimage\",\"url\":\"http:\/\/techmasterdemexico.com\/wp-content\/uploads\/Tolerancias-geometricas-PRESENCIAL_Programa-carta-1-1.jpg\",\"contentUrl\":\"http:\/\/techmasterdemexico.com\/wp-content\/uploads\/Tolerancias-geometricas-PRESENCIAL_Programa-carta-1-1.jpg\"},{\"@type\":\"BreadcrumbList\",\"@id\":\"https:\/\/techmasterdemexico.com\/curso-presencial-tolerancias-geometricas-y-dimensionales-tgd-gps-normas-iso\/#breadcrumb\",\"itemListElement\":[{\"@type\":\"ListItem\",\"position\":1,\"name\":\"Portada\",\"item\":\"https:\/\/techmasterdemexico.com\/\"},{\"@type\":\"ListItem\",\"position\":2,\"name\":\"Curso Presencial \u201cTolerancias Geom\u00e9tricas y Dimensionales (TGD\/GPS) Normas ISO\u201d.\"}]},{\"@type\":\"WebSite\",\"@id\":\"https:\/\/techmasterdemexico.com\/#website\",\"url\":\"https:\/\/techmasterdemexico.com\/\",\"name\":\"Techmaster de Mexico\",\"description\":\"\",\"potentialAction\":[{\"@type\":\"SearchAction\",\"target\":{\"@type\":\"EntryPoint\",\"urlTemplate\":\"https:\/\/techmasterdemexico.com\/?s={search_term_string}\"},\"query-input\":{\"@type\":\"PropertyValueSpecification\",\"valueRequired\":true,\"valueName\":\"search_term_string\"}}],\"inLanguage\":\"en-US\"}]}<\/script>\n<!-- \/ Yoast SEO plugin. -->","yoast_head_json":{"title":"Curso Presencial \u201cTolerancias Geom\u00e9tricas y Dimensionales (TGD\/GPS) Normas ISO\u201d. - Techmaster de Mexico","description":"Inscr\u00edbete al Curso presencial Tolerancias Geom\u00e9tricas y Dimensionales (TGD\/GPS) Normas ISO. Duraci\u00f3n 24 horas. Cupo Limitado.","robots":{"index":"index","follow":"follow","max-snippet":"max-snippet:-1","max-image-preview":"max-image-preview:large","max-video-preview":"max-video-preview:-1"},"canonical":"https:\/\/techmasterdemexico.com\/curso-presencial-tolerancias-geometricas-y-dimensionales-tgd-gps-normas-iso\/","og_locale":"en_US","og_type":"article","og_title":"Curso Presencial \u201cTolerancias Geom\u00e9tricas y Dimensionales (TGD\/GPS) Normas ISO\u201d. - Techmaster de Mexico","og_description":"Inscr\u00edbete al Curso presencial Tolerancias Geom\u00e9tricas y Dimensionales (TGD\/GPS) Normas ISO. Duraci\u00f3n 24 horas. Cupo Limitado.","og_url":"https:\/\/techmasterdemexico.com\/curso-presencial-tolerancias-geometricas-y-dimensionales-tgd-gps-normas-iso\/","og_site_name":"Techmaster de Mexico","article_modified_time":"2024-03-12T21:45:49+00:00","og_image":[{"url":"http:\/\/techmasterdemexico.com\/wp-content\/uploads\/Tolerancias-geometricas-PRESENCIAL_Programa-carta-1-1.jpg","type":"","width":"","height":""}],"twitter_card":"summary_large_image","twitter_misc":{"Est. reading time":"3 minutes"},"schema":{"@context":"https:\/\/schema.org","@graph":[{"@type":"WebPage","@id":"https:\/\/techmasterdemexico.com\/curso-presencial-tolerancias-geometricas-y-dimensionales-tgd-gps-normas-iso\/","url":"https:\/\/techmasterdemexico.com\/curso-presencial-tolerancias-geometricas-y-dimensionales-tgd-gps-normas-iso\/","name":"Curso Presencial \u201cTolerancias Geom\u00e9tricas y Dimensionales (TGD\/GPS) Normas ISO\u201d. - Techmaster de Mexico","isPartOf":{"@id":"https:\/\/techmasterdemexico.com\/#website"},"primaryImageOfPage":{"@id":"https:\/\/techmasterdemexico.com\/curso-presencial-tolerancias-geometricas-y-dimensionales-tgd-gps-normas-iso\/#primaryimage"},"image":{"@id":"https:\/\/techmasterdemexico.com\/curso-presencial-tolerancias-geometricas-y-dimensionales-tgd-gps-normas-iso\/#primaryimage"},"thumbnailUrl":"http:\/\/techmasterdemexico.com\/wp-content\/uploads\/Tolerancias-geometricas-PRESENCIAL_Programa-carta-1-1.jpg","datePublished":"2024-03-02T02:04:47+00:00","dateModified":"2024-03-12T21:45:49+00:00","description":"Inscr\u00edbete al Curso presencial Tolerancias Geom\u00e9tricas y Dimensionales (TGD\/GPS) Normas ISO. Duraci\u00f3n 24 horas. Cupo Limitado.","breadcrumb":{"@id":"https:\/\/techmasterdemexico.com\/curso-presencial-tolerancias-geometricas-y-dimensionales-tgd-gps-normas-iso\/#breadcrumb"},"inLanguage":"en-US","potentialAction":[{"@type":"ReadAction","target":["https:\/\/techmasterdemexico.com\/curso-presencial-tolerancias-geometricas-y-dimensionales-tgd-gps-normas-iso\/"]}]},{"@type":"ImageObject","inLanguage":"en-US","@id":"https:\/\/techmasterdemexico.com\/curso-presencial-tolerancias-geometricas-y-dimensionales-tgd-gps-normas-iso\/#primaryimage","url":"http:\/\/techmasterdemexico.com\/wp-content\/uploads\/Tolerancias-geometricas-PRESENCIAL_Programa-carta-1-1.jpg","contentUrl":"http:\/\/techmasterdemexico.com\/wp-content\/uploads\/Tolerancias-geometricas-PRESENCIAL_Programa-carta-1-1.jpg"},{"@type":"BreadcrumbList","@id":"https:\/\/techmasterdemexico.com\/curso-presencial-tolerancias-geometricas-y-dimensionales-tgd-gps-normas-iso\/#breadcrumb","itemListElement":[{"@type":"ListItem","position":1,"name":"Portada","item":"https:\/\/techmasterdemexico.com\/"},{"@type":"ListItem","position":2,"name":"Curso Presencial \u201cTolerancias Geom\u00e9tricas y Dimensionales (TGD\/GPS) Normas ISO\u201d."}]},{"@type":"WebSite","@id":"https:\/\/techmasterdemexico.com\/#website","url":"https:\/\/techmasterdemexico.com\/","name":"Techmaster de Mexico","description":"","potentialAction":[{"@type":"SearchAction","target":{"@type":"EntryPoint","urlTemplate":"https:\/\/techmasterdemexico.com\/?s={search_term_string}"},"query-input":{"@type":"PropertyValueSpecification","valueRequired":true,"valueName":"search_term_string"}}],"inLanguage":"en-US"}]}},"_links":{"self":[{"href":"https:\/\/techmasterdemexico.com\/en\/wp-json\/wp\/v2\/pages\/20957","targetHints":{"allow":["GET"]}}],"collection":[{"href":"https:\/\/techmasterdemexico.com\/en\/wp-json\/wp\/v2\/pages"}],"about":[{"href":"https:\/\/techmasterdemexico.com\/en\/wp-json\/wp\/v2\/types\/page"}],"author":[{"embeddable":true,"href":"https:\/\/techmasterdemexico.com\/en\/wp-json\/wp\/v2\/users\/1"}],"replies":[{"embeddable":true,"href":"https:\/\/techmasterdemexico.com\/en\/wp-json\/wp\/v2\/comments?post=20957"}],"version-history":[{"count":12,"href":"https:\/\/techmasterdemexico.com\/en\/wp-json\/wp\/v2\/pages\/20957\/revisions"}],"predecessor-version":[{"id":21002,"href":"https:\/\/techmasterdemexico.com\/en\/wp-json\/wp\/v2\/pages\/20957\/revisions\/21002"}],"wp:attachment":[{"href":"https:\/\/techmasterdemexico.com\/en\/wp-json\/wp\/v2\/media?parent=20957"}],"curies":[{"name":"wp","href":"https:\/\/api.w.org\/{rel}","templated":true}]}}