{"id":20843,"date":"2023-11-04T01:37:20","date_gmt":"2023-11-04T08:37:20","guid":{"rendered":"https:\/\/techmasterdemexico.com\/?page_id=20843"},"modified":"2023-11-08T12:17:19","modified_gmt":"2023-11-08T19:17:19","slug":"actualiza-tus-equipos-con-la-promo-de-fin-de-ano","status":"publish","type":"page","link":"https:\/\/techmasterdemexico.com\/en\/actualiza-tus-equipos-con-la-promo-de-fin-de-ano\/","title":{"rendered":"Actualiza tus equipos con la promo de fin de a\u00f1o"},"content":{"rendered":"<p><a href=\"mailto:cotizacion@techamaster.us\"><img decoding=\"async\" class=\"aligncenter img-fluid\" style=\"margin-bottom: 50px; max-width: 628px; width: 100%;\" src=\"http:\/\/techmasterdemexico.com\/wp-content\/uploads\/Mailing_promo-vision-15.png\" \/><\/a><\/p>\n<div style=\"max-width: 628px; margin: auto;\">\n<p><center><\/p>\n<p class=\"strong\" style=\"color: #255874; font-family: 'Helvetica', 'Arial', sans-serif; font-size: 18px; font-weight: bold; margin-bottom: 0px;\">Oferta de bonificaci\u00f3n:<\/p>\n<p><\/center><\/p>\n<p style=\"color: #255874; font-family: 'Helvetica', 'Arial', sans-serif; font-size: 18px;\">Al comprar $12,500 USD, ll\u00e9vate de regalo 8 l\u00e1mparas de trabajo port\u00e1tiles Flex2Light.<\/p>\n<p><\/p>\n<div align=\"center\" style=\"color: #255874; font-family: 'Helvetica', 'Arial', sans-serif; font-size: 18px;\"><center><span style=\"color: #255874; font-family: 'Helvetica', 'Arial', sans-serif; font-size: 18px;\">T\u00c9RMINOS Y CONDICIONES<\/span><\/center><\/div>\n<ul style=\"color: #255874; font-family: 'Helvetica', 'Arial', sans-serif; font-size: 18px;\">\n<li>\n<div align=\"justify\">Promoci\u00f3n vigente del 13 de noviembre de 2023 al 12 de enero de 2024. Los pedidos deben realizarse antes de las 11:59 p.m. EST del viernes 12 de enero de 2024.<\/div>\n<\/li>\n<li>\n<div align=\"justify\">V\u00e1lido \u00fanicamente en M\u00e9xico.<\/div>\n<\/li>\n<li>\n<div align=\"justify\">La promoci\u00f3n aplica a ventas de sistemas completos. Un sistema est\u00e1 definido por un cabezal, un soporte\/platina y una lente. Tambi\u00e9n es posible que se requiera fuente de alimentaci\u00f3n y controlador\/software para un sistema completo.<\/div>\n<\/li>\n<li>\n<div align=\"justify\">La promoci\u00f3n no se puede utilizar junto con ninguna otra promoci\u00f3n o precio especial.<\/div>\n<\/li>\n<li>\n<div align=\"justify\">Queda prohibida la participaci\u00f3n de los empleados y familiares de empleados (conyugues, padres, hijos y c\u00f3nyuges de estos) de Techmaster de M\u00e9xico.<\/div>\n<\/li>\n<li>\n<div align=\"justify\">Para obtener todos los detalles, contacta a nuestros representantes de ventas de Techmaster de M\u00e9xico.<\/div>\n<\/li>\n<li>\n<div align=\"justify\">Las ofertas est\u00e1n sujetas a disponibilidad.<\/div>\n<\/li>\n<li>\n<div align=\"justify\">Vision Engineering se reserva el derecho de alterar o modificar estos t\u00e9rminos y condiciones y cualquier otra condici\u00f3n aplicable a una oferta o promoci\u00f3n en cualquier momento.<\/div>\n<\/li>\n<li>\n<div align=\"justify\">El c\u00f3digo promocional de esta promoci\u00f3n es EOY2023<\/div>\n<\/li>\n<\/ul>\n<\/div>\n","protected":false},"excerpt":{"rendered":"<p>Oferta de bonificaci\u00f3n: Al comprar $12,500 USD, ll\u00e9vate de regalo 8 l\u00e1mparas de trabajo port\u00e1tiles Flex2Light. T\u00c9RMINOS Y CONDICIONES Promoci\u00f3n vigente del 13 de noviembre de 2023 al 12 de enero de 2024. Los pedidos deben realizarse antes de las 11:59 p.m. EST del viernes 12 de enero de 2024. V\u00e1lido \u00fanicamente en M\u00e9xico. La [&hellip;]<\/p>\n","protected":false},"author":1,"featured_media":0,"parent":0,"menu_order":0,"comment_status":"closed","ping_status":"closed","template":"template-nosidebar.php","meta":{"_acf_changed":false,"footnotes":""},"class_list":["post-20843","page","type-page","status-publish","hentry"],"acf":[],"yoast_head":"<!-- This site is optimized with the Yoast SEO plugin v27.4 - https:\/\/yoast.com\/product\/yoast-seo-wordpress\/ -->\n<title>Actualiza tus equipos con la promo de fin de a\u00f1o - Techmaster de Mexico<\/title>\n<meta name=\"robots\" content=\"index, follow, max-snippet:-1, max-image-preview:large, max-video-preview:-1\" \/>\n<link rel=\"canonical\" href=\"https:\/\/techmasterdemexico.com\/actualiza-tus-equipos-con-la-promo-de-fin-de-ano\/\" \/>\n<meta property=\"og:locale\" content=\"en_US\" \/>\n<meta property=\"og:type\" content=\"article\" \/>\n<meta property=\"og:title\" content=\"Actualiza tus equipos con la promo de fin de a\u00f1o - Techmaster de Mexico\" \/>\n<meta property=\"og:description\" content=\"Oferta de bonificaci\u00f3n: Al comprar $12,500 USD, ll\u00e9vate de regalo 8 l\u00e1mparas de trabajo port\u00e1tiles Flex2Light. T\u00c9RMINOS Y CONDICIONES Promoci\u00f3n vigente del 13 de noviembre de 2023 al 12 de enero de 2024. Los pedidos deben realizarse antes de las 11:59 p.m. EST del viernes 12 de enero de 2024. V\u00e1lido \u00fanicamente en M\u00e9xico. La [&hellip;]\" \/>\n<meta property=\"og:url\" content=\"https:\/\/techmasterdemexico.com\/actualiza-tus-equipos-con-la-promo-de-fin-de-ano\/\" \/>\n<meta property=\"og:site_name\" content=\"Techmaster de Mexico\" \/>\n<meta property=\"article:modified_time\" content=\"2023-11-08T19:17:19+00:00\" \/>\n<meta property=\"og:image\" content=\"http:\/\/techmasterdemexico.com\/wp-content\/uploads\/Mailing_promo-vision-15.png\" \/>\n<meta name=\"twitter:card\" content=\"summary_large_image\" \/>\n<meta name=\"twitter:label1\" content=\"Est. reading time\" \/>\n\t<meta name=\"twitter:data1\" content=\"2 minutes\" \/>\n<script type=\"application\/ld+json\" class=\"yoast-schema-graph\">{\"@context\":\"https:\\\/\\\/schema.org\",\"@graph\":[{\"@type\":\"WebPage\",\"@id\":\"https:\\\/\\\/techmasterdemexico.com\\\/actualiza-tus-equipos-con-la-promo-de-fin-de-ano\\\/\",\"url\":\"https:\\\/\\\/techmasterdemexico.com\\\/actualiza-tus-equipos-con-la-promo-de-fin-de-ano\\\/\",\"name\":\"Actualiza tus equipos con la promo de fin de a\u00f1o - Techmaster de Mexico\",\"isPartOf\":{\"@id\":\"https:\\\/\\\/techmasterdemexico.com\\\/#website\"},\"primaryImageOfPage\":{\"@id\":\"https:\\\/\\\/techmasterdemexico.com\\\/actualiza-tus-equipos-con-la-promo-de-fin-de-ano\\\/#primaryimage\"},\"image\":{\"@id\":\"https:\\\/\\\/techmasterdemexico.com\\\/actualiza-tus-equipos-con-la-promo-de-fin-de-ano\\\/#primaryimage\"},\"thumbnailUrl\":\"http:\\\/\\\/techmasterdemexico.com\\\/wp-content\\\/uploads\\\/Mailing_promo-vision-15.png\",\"datePublished\":\"2023-11-04T08:37:20+00:00\",\"dateModified\":\"2023-11-08T19:17:19+00:00\",\"breadcrumb\":{\"@id\":\"https:\\\/\\\/techmasterdemexico.com\\\/actualiza-tus-equipos-con-la-promo-de-fin-de-ano\\\/#breadcrumb\"},\"inLanguage\":\"en-US\",\"potentialAction\":[{\"@type\":\"ReadAction\",\"target\":[\"https:\\\/\\\/techmasterdemexico.com\\\/actualiza-tus-equipos-con-la-promo-de-fin-de-ano\\\/\"]}]},{\"@type\":\"ImageObject\",\"inLanguage\":\"en-US\",\"@id\":\"https:\\\/\\\/techmasterdemexico.com\\\/actualiza-tus-equipos-con-la-promo-de-fin-de-ano\\\/#primaryimage\",\"url\":\"http:\\\/\\\/techmasterdemexico.com\\\/wp-content\\\/uploads\\\/Mailing_promo-vision-15.png\",\"contentUrl\":\"http:\\\/\\\/techmasterdemexico.com\\\/wp-content\\\/uploads\\\/Mailing_promo-vision-15.png\"},{\"@type\":\"BreadcrumbList\",\"@id\":\"https:\\\/\\\/techmasterdemexico.com\\\/actualiza-tus-equipos-con-la-promo-de-fin-de-ano\\\/#breadcrumb\",\"itemListElement\":[{\"@type\":\"ListItem\",\"position\":1,\"name\":\"Portada\",\"item\":\"https:\\\/\\\/techmasterdemexico.com\\\/\"},{\"@type\":\"ListItem\",\"position\":2,\"name\":\"Actualiza tus equipos con la promo de fin de a\u00f1o\"}]},{\"@type\":\"WebSite\",\"@id\":\"https:\\\/\\\/techmasterdemexico.com\\\/#website\",\"url\":\"https:\\\/\\\/techmasterdemexico.com\\\/\",\"name\":\"Techmaster de Mexico\",\"description\":\"\",\"potentialAction\":[{\"@type\":\"SearchAction\",\"target\":{\"@type\":\"EntryPoint\",\"urlTemplate\":\"https:\\\/\\\/techmasterdemexico.com\\\/?s={search_term_string}\"},\"query-input\":{\"@type\":\"PropertyValueSpecification\",\"valueRequired\":true,\"valueName\":\"search_term_string\"}}],\"inLanguage\":\"en-US\"}]}<\/script>\n<!-- \/ Yoast SEO plugin. -->","yoast_head_json":{"title":"Actualiza tus equipos con la promo de fin de a\u00f1o - Techmaster de Mexico","robots":{"index":"index","follow":"follow","max-snippet":"max-snippet:-1","max-image-preview":"max-image-preview:large","max-video-preview":"max-video-preview:-1"},"canonical":"https:\/\/techmasterdemexico.com\/actualiza-tus-equipos-con-la-promo-de-fin-de-ano\/","og_locale":"en_US","og_type":"article","og_title":"Actualiza tus equipos con la promo de fin de a\u00f1o - Techmaster de Mexico","og_description":"Oferta de bonificaci\u00f3n: Al comprar $12,500 USD, ll\u00e9vate de regalo 8 l\u00e1mparas de trabajo port\u00e1tiles Flex2Light. T\u00c9RMINOS Y CONDICIONES Promoci\u00f3n vigente del 13 de noviembre de 2023 al 12 de enero de 2024. Los pedidos deben realizarse antes de las 11:59 p.m. EST del viernes 12 de enero de 2024. V\u00e1lido \u00fanicamente en M\u00e9xico. La [&hellip;]","og_url":"https:\/\/techmasterdemexico.com\/actualiza-tus-equipos-con-la-promo-de-fin-de-ano\/","og_site_name":"Techmaster de Mexico","article_modified_time":"2023-11-08T19:17:19+00:00","og_image":[{"url":"http:\/\/techmasterdemexico.com\/wp-content\/uploads\/Mailing_promo-vision-15.png","type":"","width":"","height":""}],"twitter_card":"summary_large_image","twitter_misc":{"Est. reading time":"2 minutes"},"schema":{"@context":"https:\/\/schema.org","@graph":[{"@type":"WebPage","@id":"https:\/\/techmasterdemexico.com\/actualiza-tus-equipos-con-la-promo-de-fin-de-ano\/","url":"https:\/\/techmasterdemexico.com\/actualiza-tus-equipos-con-la-promo-de-fin-de-ano\/","name":"Actualiza tus equipos con la promo de fin de a\u00f1o - Techmaster de Mexico","isPartOf":{"@id":"https:\/\/techmasterdemexico.com\/#website"},"primaryImageOfPage":{"@id":"https:\/\/techmasterdemexico.com\/actualiza-tus-equipos-con-la-promo-de-fin-de-ano\/#primaryimage"},"image":{"@id":"https:\/\/techmasterdemexico.com\/actualiza-tus-equipos-con-la-promo-de-fin-de-ano\/#primaryimage"},"thumbnailUrl":"http:\/\/techmasterdemexico.com\/wp-content\/uploads\/Mailing_promo-vision-15.png","datePublished":"2023-11-04T08:37:20+00:00","dateModified":"2023-11-08T19:17:19+00:00","breadcrumb":{"@id":"https:\/\/techmasterdemexico.com\/actualiza-tus-equipos-con-la-promo-de-fin-de-ano\/#breadcrumb"},"inLanguage":"en-US","potentialAction":[{"@type":"ReadAction","target":["https:\/\/techmasterdemexico.com\/actualiza-tus-equipos-con-la-promo-de-fin-de-ano\/"]}]},{"@type":"ImageObject","inLanguage":"en-US","@id":"https:\/\/techmasterdemexico.com\/actualiza-tus-equipos-con-la-promo-de-fin-de-ano\/#primaryimage","url":"http:\/\/techmasterdemexico.com\/wp-content\/uploads\/Mailing_promo-vision-15.png","contentUrl":"http:\/\/techmasterdemexico.com\/wp-content\/uploads\/Mailing_promo-vision-15.png"},{"@type":"BreadcrumbList","@id":"https:\/\/techmasterdemexico.com\/actualiza-tus-equipos-con-la-promo-de-fin-de-ano\/#breadcrumb","itemListElement":[{"@type":"ListItem","position":1,"name":"Portada","item":"https:\/\/techmasterdemexico.com\/"},{"@type":"ListItem","position":2,"name":"Actualiza tus equipos con la promo de fin de a\u00f1o"}]},{"@type":"WebSite","@id":"https:\/\/techmasterdemexico.com\/#website","url":"https:\/\/techmasterdemexico.com\/","name":"Techmaster de Mexico","description":"","potentialAction":[{"@type":"SearchAction","target":{"@type":"EntryPoint","urlTemplate":"https:\/\/techmasterdemexico.com\/?s={search_term_string}"},"query-input":{"@type":"PropertyValueSpecification","valueRequired":true,"valueName":"search_term_string"}}],"inLanguage":"en-US"}]}},"_links":{"self":[{"href":"https:\/\/techmasterdemexico.com\/en\/wp-json\/wp\/v2\/pages\/20843","targetHints":{"allow":["GET"]}}],"collection":[{"href":"https:\/\/techmasterdemexico.com\/en\/wp-json\/wp\/v2\/pages"}],"about":[{"href":"https:\/\/techmasterdemexico.com\/en\/wp-json\/wp\/v2\/types\/page"}],"author":[{"embeddable":true,"href":"https:\/\/techmasterdemexico.com\/en\/wp-json\/wp\/v2\/users\/1"}],"replies":[{"embeddable":true,"href":"https:\/\/techmasterdemexico.com\/en\/wp-json\/wp\/v2\/comments?post=20843"}],"version-history":[{"count":7,"href":"https:\/\/techmasterdemexico.com\/en\/wp-json\/wp\/v2\/pages\/20843\/revisions"}],"predecessor-version":[{"id":20853,"href":"https:\/\/techmasterdemexico.com\/en\/wp-json\/wp\/v2\/pages\/20843\/revisions\/20853"}],"wp:attachment":[{"href":"https:\/\/techmasterdemexico.com\/en\/wp-json\/wp\/v2\/media?parent=20843"}],"curies":[{"name":"wp","href":"https:\/\/api.w.org\/{rel}","templated":true}]}}