{"id":20671,"date":"2023-09-08T15:36:09","date_gmt":"2023-09-08T22:36:09","guid":{"rendered":"https:\/\/techmasterdemexico.com\/?page_id=20671"},"modified":"2023-09-08T15:36:09","modified_gmt":"2023-09-08T22:36:09","slug":"fluke-innovation-show","status":"publish","type":"page","link":"https:\/\/techmasterdemexico.com\/en\/fluke-innovation-show\/","title":{"rendered":"Fluke Innovation Show"},"content":{"rendered":"<div class=\"row\" style=\"margin: auto; max-width: 600px;\">\n<div class=\"col-md-12 mb-5\"><img decoding=\"async\" style=\"width: 100%;\" src=\"http:\/\/techmasterdemexico.com\/wp-content\/uploads\/Banne-Fluke-in-practice.png\" \/><\/div>\n<div class=\"col-md-12\">\n<center><\/p>\n<h3 style=\"color: rgb(255, 193, 14); font-style: italic;\">\u00a1Fluke se va de gira!<\/h3>\n<p><span class=\"strong\" style=\"color: rgb(255, 193, 14);\">Fluke Innovation Show <\/span> es una serie de eventos en distintas ciudades de M\u00e9xico para presentar la tecnolog\u00eda m\u00e1s innovadora de Fluke y los m\u00e9todos de trabajo m\u00e1s vanguardistas en la industria.<\/p>\n<p>\ufeff<\/p>\n<p>En 5 horas podr\u00e1s conocer datos interesantes sobre calidad de energ\u00eda, termograf\u00eda, ultrasonido, monitoreo de condiciones mec\u00e1nicas y la emergente energ\u00eda solar por expertos de la marca.<br \/>\n<\/center>\n<\/div>\n<div class=\"col-md-12\">\n<img decoding=\"async\" style=\"width: 100%;\" src=\"http:\/\/techmasterdemexico.com\/wp-content\/uploads\/Agenda-Fluke-in-Practice.png\" \/>\n<\/div>\n<div class=\"col-md-12\">\n<center><br \/>\n<span class=\"strong\" style=\"color: #fff;\">Fechas:<\/span><br \/>\nCiudad de M\u00e9xico 13 de septiembre.<br \/>\nGuadalajara 22 de septiembre.<br \/>\nMonterrey 6 de octubre.<br \/>\nQuer\u00e9taro 20 de octubre.<br \/>\nVeracruz 9 de noviembre.<\/p>\n<p>\n<span class=\"strong\">Puntos a considerar para tu registro:<\/span><br \/>\n<\/center><\/p>\n<ul>\n<li>Post\u00falate solo en 1 ciudad (la m\u00e1s cercana a tu domicilio o punto de trabajo).<\/li>\n<li>En caso de ser seleccionado, recibir\u00e1s un correo con la confirmaci\u00f3n y la sede exacta.<\/li>\n<li>Si fuiste seleccionado pero NO podr\u00e1s asistir, av\u00edsanos para reasignar el lugar.<\/li>\n<li>Si no fuiste seleccionado, no te desanimes \u00a1tenemos m\u00e1s eventos como este!<\/li>\n<\/ul>\n<p style=\"text-align: center;\"><a class=\"btn\" style=\"background: #ffc10e !important; color: #000 !important; text-decoration: none;\" href=\"https:\/\/techmasterdemexico.typeform.com\/to\/iudD4Fvo\">\u00a1Reg\u00edstrate aqu\u00ed!<\/a><\/p>\n<\/div>\n<div class=\"col-md-12\">\n<img decoding=\"async\" style=\"width: 100%;\" src=\"http:\/\/techmasterdemexico.com\/wp-content\/uploads\/fluke-in-practice.png\" \/>\n<\/div>\n<\/div>\n<style>\n.site-content{\nbackground: #111111;\ncolor: #fff;\n}\n.site-content p,\n.site-content ul{\ncolor:#fff;\n}\n<\/style>\n","protected":false},"excerpt":{"rendered":"<p>\u00a1Fluke se va de gira! Fluke Innovation Show es una serie de eventos en distintas ciudades de M\u00e9xico para presentar la tecnolog\u00eda m\u00e1s innovadora de Fluke y los m\u00e9todos de trabajo m\u00e1s vanguardistas en la industria. \ufeff En 5 horas podr\u00e1s conocer datos interesantes sobre calidad de energ\u00eda, termograf\u00eda, ultrasonido, monitoreo de condiciones mec\u00e1nicas y [&hellip;]<\/p>\n","protected":false},"author":1,"featured_media":0,"parent":0,"menu_order":0,"comment_status":"closed","ping_status":"closed","template":"template-nosidebar.php","meta":{"_acf_changed":false,"footnotes":""},"class_list":["post-20671","page","type-page","status-publish","hentry"],"acf":[],"yoast_head":"<!-- This site is optimized with the Yoast SEO plugin v27.2 - https:\/\/yoast.com\/product\/yoast-seo-wordpress\/ -->\n<title>Fluke Innovation Show - Techmaster de Mexico<\/title>\n<meta name=\"robots\" content=\"index, follow, max-snippet:-1, max-image-preview:large, max-video-preview:-1\" \/>\n<link rel=\"canonical\" href=\"https:\/\/techmasterdemexico.com\/fluke-innovation-show\/\" \/>\n<meta property=\"og:locale\" content=\"en_US\" \/>\n<meta property=\"og:type\" content=\"article\" \/>\n<meta property=\"og:title\" content=\"Fluke Innovation Show - Techmaster de Mexico\" \/>\n<meta property=\"og:description\" content=\"\u00a1Fluke se va de gira! Fluke Innovation Show es una serie de eventos en distintas ciudades de M\u00e9xico para presentar la tecnolog\u00eda m\u00e1s innovadora de Fluke y los m\u00e9todos de trabajo m\u00e1s vanguardistas en la industria. \ufeff En 5 horas podr\u00e1s conocer datos interesantes sobre calidad de energ\u00eda, termograf\u00eda, ultrasonido, monitoreo de condiciones mec\u00e1nicas y [&hellip;]\" \/>\n<meta property=\"og:url\" content=\"https:\/\/techmasterdemexico.com\/fluke-innovation-show\/\" \/>\n<meta property=\"og:site_name\" content=\"Techmaster de Mexico\" \/>\n<meta property=\"og:image\" content=\"http:\/\/techmasterdemexico.com\/wp-content\/uploads\/Banne-Fluke-in-practice.png\" \/>\n<meta name=\"twitter:card\" content=\"summary_large_image\" \/>\n<meta name=\"twitter:label1\" content=\"Est. reading time\" \/>\n\t<meta name=\"twitter:data1\" content=\"1 minute\" \/>\n<script type=\"application\/ld+json\" class=\"yoast-schema-graph\">{\"@context\":\"https:\/\/schema.org\",\"@graph\":[{\"@type\":\"WebPage\",\"@id\":\"https:\/\/techmasterdemexico.com\/fluke-innovation-show\/\",\"url\":\"https:\/\/techmasterdemexico.com\/fluke-innovation-show\/\",\"name\":\"Fluke Innovation Show - Techmaster de Mexico\",\"isPartOf\":{\"@id\":\"https:\/\/techmasterdemexico.com\/#website\"},\"primaryImageOfPage\":{\"@id\":\"https:\/\/techmasterdemexico.com\/fluke-innovation-show\/#primaryimage\"},\"image\":{\"@id\":\"https:\/\/techmasterdemexico.com\/fluke-innovation-show\/#primaryimage\"},\"thumbnailUrl\":\"http:\/\/techmasterdemexico.com\/wp-content\/uploads\/Banne-Fluke-in-practice.png\",\"datePublished\":\"2023-09-08T22:36:09+00:00\",\"breadcrumb\":{\"@id\":\"https:\/\/techmasterdemexico.com\/fluke-innovation-show\/#breadcrumb\"},\"inLanguage\":\"en-US\",\"potentialAction\":[{\"@type\":\"ReadAction\",\"target\":[\"https:\/\/techmasterdemexico.com\/fluke-innovation-show\/\"]}]},{\"@type\":\"ImageObject\",\"inLanguage\":\"en-US\",\"@id\":\"https:\/\/techmasterdemexico.com\/fluke-innovation-show\/#primaryimage\",\"url\":\"http:\/\/techmasterdemexico.com\/wp-content\/uploads\/Banne-Fluke-in-practice.png\",\"contentUrl\":\"http:\/\/techmasterdemexico.com\/wp-content\/uploads\/Banne-Fluke-in-practice.png\"},{\"@type\":\"BreadcrumbList\",\"@id\":\"https:\/\/techmasterdemexico.com\/fluke-innovation-show\/#breadcrumb\",\"itemListElement\":[{\"@type\":\"ListItem\",\"position\":1,\"name\":\"Portada\",\"item\":\"https:\/\/techmasterdemexico.com\/\"},{\"@type\":\"ListItem\",\"position\":2,\"name\":\"Fluke Innovation Show\"}]},{\"@type\":\"WebSite\",\"@id\":\"https:\/\/techmasterdemexico.com\/#website\",\"url\":\"https:\/\/techmasterdemexico.com\/\",\"name\":\"Techmaster de Mexico\",\"description\":\"\",\"potentialAction\":[{\"@type\":\"SearchAction\",\"target\":{\"@type\":\"EntryPoint\",\"urlTemplate\":\"https:\/\/techmasterdemexico.com\/?s={search_term_string}\"},\"query-input\":{\"@type\":\"PropertyValueSpecification\",\"valueRequired\":true,\"valueName\":\"search_term_string\"}}],\"inLanguage\":\"en-US\"}]}<\/script>\n<!-- \/ Yoast SEO plugin. -->","yoast_head_json":{"title":"Fluke Innovation Show - Techmaster de Mexico","robots":{"index":"index","follow":"follow","max-snippet":"max-snippet:-1","max-image-preview":"max-image-preview:large","max-video-preview":"max-video-preview:-1"},"canonical":"https:\/\/techmasterdemexico.com\/fluke-innovation-show\/","og_locale":"en_US","og_type":"article","og_title":"Fluke Innovation Show - Techmaster de Mexico","og_description":"\u00a1Fluke se va de gira! Fluke Innovation Show es una serie de eventos en distintas ciudades de M\u00e9xico para presentar la tecnolog\u00eda m\u00e1s innovadora de Fluke y los m\u00e9todos de trabajo m\u00e1s vanguardistas en la industria. \ufeff En 5 horas podr\u00e1s conocer datos interesantes sobre calidad de energ\u00eda, termograf\u00eda, ultrasonido, monitoreo de condiciones mec\u00e1nicas y [&hellip;]","og_url":"https:\/\/techmasterdemexico.com\/fluke-innovation-show\/","og_site_name":"Techmaster de Mexico","og_image":[{"url":"http:\/\/techmasterdemexico.com\/wp-content\/uploads\/Banne-Fluke-in-practice.png","type":"","width":"","height":""}],"twitter_card":"summary_large_image","twitter_misc":{"Est. reading time":"1 minute"},"schema":{"@context":"https:\/\/schema.org","@graph":[{"@type":"WebPage","@id":"https:\/\/techmasterdemexico.com\/fluke-innovation-show\/","url":"https:\/\/techmasterdemexico.com\/fluke-innovation-show\/","name":"Fluke Innovation Show - Techmaster de Mexico","isPartOf":{"@id":"https:\/\/techmasterdemexico.com\/#website"},"primaryImageOfPage":{"@id":"https:\/\/techmasterdemexico.com\/fluke-innovation-show\/#primaryimage"},"image":{"@id":"https:\/\/techmasterdemexico.com\/fluke-innovation-show\/#primaryimage"},"thumbnailUrl":"http:\/\/techmasterdemexico.com\/wp-content\/uploads\/Banne-Fluke-in-practice.png","datePublished":"2023-09-08T22:36:09+00:00","breadcrumb":{"@id":"https:\/\/techmasterdemexico.com\/fluke-innovation-show\/#breadcrumb"},"inLanguage":"en-US","potentialAction":[{"@type":"ReadAction","target":["https:\/\/techmasterdemexico.com\/fluke-innovation-show\/"]}]},{"@type":"ImageObject","inLanguage":"en-US","@id":"https:\/\/techmasterdemexico.com\/fluke-innovation-show\/#primaryimage","url":"http:\/\/techmasterdemexico.com\/wp-content\/uploads\/Banne-Fluke-in-practice.png","contentUrl":"http:\/\/techmasterdemexico.com\/wp-content\/uploads\/Banne-Fluke-in-practice.png"},{"@type":"BreadcrumbList","@id":"https:\/\/techmasterdemexico.com\/fluke-innovation-show\/#breadcrumb","itemListElement":[{"@type":"ListItem","position":1,"name":"Portada","item":"https:\/\/techmasterdemexico.com\/"},{"@type":"ListItem","position":2,"name":"Fluke Innovation Show"}]},{"@type":"WebSite","@id":"https:\/\/techmasterdemexico.com\/#website","url":"https:\/\/techmasterdemexico.com\/","name":"Techmaster de Mexico","description":"","potentialAction":[{"@type":"SearchAction","target":{"@type":"EntryPoint","urlTemplate":"https:\/\/techmasterdemexico.com\/?s={search_term_string}"},"query-input":{"@type":"PropertyValueSpecification","valueRequired":true,"valueName":"search_term_string"}}],"inLanguage":"en-US"}]}},"_links":{"self":[{"href":"https:\/\/techmasterdemexico.com\/en\/wp-json\/wp\/v2\/pages\/20671","targetHints":{"allow":["GET"]}}],"collection":[{"href":"https:\/\/techmasterdemexico.com\/en\/wp-json\/wp\/v2\/pages"}],"about":[{"href":"https:\/\/techmasterdemexico.com\/en\/wp-json\/wp\/v2\/types\/page"}],"author":[{"embeddable":true,"href":"https:\/\/techmasterdemexico.com\/en\/wp-json\/wp\/v2\/users\/1"}],"replies":[{"embeddable":true,"href":"https:\/\/techmasterdemexico.com\/en\/wp-json\/wp\/v2\/comments?post=20671"}],"version-history":[{"count":1,"href":"https:\/\/techmasterdemexico.com\/en\/wp-json\/wp\/v2\/pages\/20671\/revisions"}],"predecessor-version":[{"id":20676,"href":"https:\/\/techmasterdemexico.com\/en\/wp-json\/wp\/v2\/pages\/20671\/revisions\/20676"}],"wp:attachment":[{"href":"https:\/\/techmasterdemexico.com\/en\/wp-json\/wp\/v2\/media?parent=20671"}],"curies":[{"name":"wp","href":"https:\/\/api.w.org\/{rel}","templated":true}]}}