{"id":20229,"date":"2023-05-10T17:12:30","date_gmt":"2023-05-11T00:12:30","guid":{"rendered":"https:\/\/techmasterdemexico.com\/?page_id=20229"},"modified":"2023-05-11T16:14:29","modified_gmt":"2023-05-11T23:14:29","slug":"museo-del-trompo","status":"publish","type":"page","link":"https:\/\/techmasterdemexico.com\/en\/techmastercares\/museo-del-trompo\/","title":{"rendered":"Visita a Museo Interactivo \u201dEl Trompo\u201d, 2022"},"content":{"rendered":"<div class=\"row\" style=\"margin: auto; max-width: 800px;\">\n<div class=\"col-md-12 mb-5\"><img decoding=\"async\" style=\"width: 100%;\" src=\"http:\/\/techmasterdemexico.com\/wp-content\/uploads\/Portada_-Museo-del-trompo-1240x720-1.jpg\" \/><\/div>\n<div class=\"col-md-7\">\n<p>&nbsp;<\/p>\n<p class=\"p1\">En pro de nuestra comunidad y a trav\u00e9s del Museo Interactivo Tijuana &#8221;El Trompo&#8221;, tuvimos la oportunidad de patrocinar la visita al Museo de la Escuela Primaria Ana Mar\u00eda Gabriela Herrera V\u00e1zquez, de la Colonia Altiplano en esa ciudad.<\/p>\n<p class=\"p1\">El pasado 26 de octubre de 2022, 410 ni\u00f1os fueron beneficiados y tuvieron la oportunidad de acercarse a la ciencia de una manera interactiva y divertida como la muestra el Museo. <span class=\"s1\">\ud83d\ude4c\ud83e\udd29<\/span><\/p>\n<p class=\"p1\">En esta visita, los ni\u00f1os pudieron hacer uso de las diversas salas de interacci\u00f3n con las que cuenta el museo como la Sala Integra que se compone de 27 exhibiciones que permiten la familiarizaci\u00f3n con la tecnolog\u00eda. En dicha sala se encuentra una c\u00e1mara infrarroja que explica como la temperatura como un conjunto de teor\u00edas y t\u00e9cnicas que permiten el aprovechamiento pr\u00e1ctico del conocimiento cient\u00edfico con el prop\u00f3sito de mejorar la condici\u00f3n humana.<\/p>\n<p class=\"p1\">Poder contribuir a nuestra sociedad es muy importante para nosotros como empresa, adem\u00e1s de colaborar con instituciones privadas que generan estas iniciativas para la ciudad. <span class=\"s1\">\ud83e\udd1d<\/span><\/p>\n<p>&nbsp;<\/p>\n<\/div>\n<div class=\"col-md-5\"><img decoding=\"async\" style=\"width: 100%;\" src=\"http:\/\/techmasterdemexico.com\/wp-content\/uploads\/foto-1.jpg\" \/><br \/>\n<img decoding=\"async\" style=\"width: 100%;\" src=\"http:\/\/techmasterdemexico.com\/wp-content\/uploads\/foto-2.jpg\" \/><br \/>\n<img decoding=\"async\" style=\"width: 100%;\" src=\"http:\/\/techmasterdemexico.com\/wp-content\/uploads\/foto-3.jpg\" \/><\/div>\n<\/div>\n","protected":false},"excerpt":{"rendered":"<p>&nbsp; En pro de nuestra comunidad y a trav\u00e9s del Museo Interactivo Tijuana &#8221;El Trompo&#8221;, tuvimos la oportunidad de patrocinar la visita al Museo de la Escuela Primaria Ana Mar\u00eda Gabriela Herrera V\u00e1zquez, de la Colonia Altiplano en esa ciudad. El pasado 26 de octubre de 2022, 410 ni\u00f1os fueron beneficiados y tuvieron la oportunidad [&hellip;]<\/p>\n","protected":false},"author":1,"featured_media":0,"parent":20146,"menu_order":0,"comment_status":"closed","ping_status":"closed","template":"template-nosidebar.php","meta":{"_acf_changed":false,"footnotes":""},"class_list":["post-20229","page","type-page","status-publish","hentry"],"acf":[],"yoast_head":"<!-- This site is optimized with the Yoast SEO plugin v27.3 - https:\/\/yoast.com\/product\/yoast-seo-wordpress\/ -->\n<title>Visita a Museo Interactivo \u201dEl Trompo\u201d, 2022 - Techmaster de Mexico<\/title>\n<meta name=\"robots\" content=\"index, follow, max-snippet:-1, max-image-preview:large, max-video-preview:-1\" \/>\n<link rel=\"canonical\" href=\"https:\/\/techmasterdemexico.com\/techmastercares\/museo-del-trompo\/\" \/>\n<meta property=\"og:locale\" content=\"en_US\" \/>\n<meta property=\"og:type\" content=\"article\" \/>\n<meta property=\"og:title\" content=\"Visita a Museo Interactivo \u201dEl Trompo\u201d, 2022 - Techmaster de Mexico\" \/>\n<meta property=\"og:description\" content=\"&nbsp; En pro de nuestra comunidad y a trav\u00e9s del Museo Interactivo Tijuana &#8221;El Trompo&#8221;, tuvimos la oportunidad de patrocinar la visita al Museo de la Escuela Primaria Ana Mar\u00eda Gabriela Herrera V\u00e1zquez, de la Colonia Altiplano en esa ciudad. El pasado 26 de octubre de 2022, 410 ni\u00f1os fueron beneficiados y tuvieron la oportunidad [&hellip;]\" \/>\n<meta property=\"og:url\" content=\"https:\/\/techmasterdemexico.com\/techmastercares\/museo-del-trompo\/\" \/>\n<meta property=\"og:site_name\" content=\"Techmaster de Mexico\" \/>\n<meta property=\"article:modified_time\" content=\"2023-05-11T23:14:29+00:00\" \/>\n<meta property=\"og:image\" content=\"http:\/\/techmasterdemexico.com\/wp-content\/uploads\/Portada_-Museo-del-trompo-1240x720-1.jpg\" \/>\n<meta name=\"twitter:card\" content=\"summary_large_image\" \/>\n<meta name=\"twitter:label1\" content=\"Est. reading time\" \/>\n\t<meta name=\"twitter:data1\" content=\"1 minute\" \/>\n<script type=\"application\/ld+json\" class=\"yoast-schema-graph\">{\"@context\":\"https:\\\/\\\/schema.org\",\"@graph\":[{\"@type\":\"WebPage\",\"@id\":\"https:\\\/\\\/techmasterdemexico.com\\\/techmastercares\\\/museo-del-trompo\\\/\",\"url\":\"https:\\\/\\\/techmasterdemexico.com\\\/techmastercares\\\/museo-del-trompo\\\/\",\"name\":\"Visita a Museo Interactivo \u201dEl Trompo\u201d, 2022 - Techmaster de Mexico\",\"isPartOf\":{\"@id\":\"https:\\\/\\\/techmasterdemexico.com\\\/#website\"},\"primaryImageOfPage\":{\"@id\":\"https:\\\/\\\/techmasterdemexico.com\\\/techmastercares\\\/museo-del-trompo\\\/#primaryimage\"},\"image\":{\"@id\":\"https:\\\/\\\/techmasterdemexico.com\\\/techmastercares\\\/museo-del-trompo\\\/#primaryimage\"},\"thumbnailUrl\":\"http:\\\/\\\/techmasterdemexico.com\\\/wp-content\\\/uploads\\\/Portada_-Museo-del-trompo-1240x720-1.jpg\",\"datePublished\":\"2023-05-11T00:12:30+00:00\",\"dateModified\":\"2023-05-11T23:14:29+00:00\",\"breadcrumb\":{\"@id\":\"https:\\\/\\\/techmasterdemexico.com\\\/techmastercares\\\/museo-del-trompo\\\/#breadcrumb\"},\"inLanguage\":\"en-US\",\"potentialAction\":[{\"@type\":\"ReadAction\",\"target\":[\"https:\\\/\\\/techmasterdemexico.com\\\/techmastercares\\\/museo-del-trompo\\\/\"]}]},{\"@type\":\"ImageObject\",\"inLanguage\":\"en-US\",\"@id\":\"https:\\\/\\\/techmasterdemexico.com\\\/techmastercares\\\/museo-del-trompo\\\/#primaryimage\",\"url\":\"http:\\\/\\\/techmasterdemexico.com\\\/wp-content\\\/uploads\\\/Portada_-Museo-del-trompo-1240x720-1.jpg\",\"contentUrl\":\"http:\\\/\\\/techmasterdemexico.com\\\/wp-content\\\/uploads\\\/Portada_-Museo-del-trompo-1240x720-1.jpg\"},{\"@type\":\"BreadcrumbList\",\"@id\":\"https:\\\/\\\/techmasterdemexico.com\\\/techmastercares\\\/museo-del-trompo\\\/#breadcrumb\",\"itemListElement\":[{\"@type\":\"ListItem\",\"position\":1,\"name\":\"Portada\",\"item\":\"https:\\\/\\\/techmasterdemexico.com\\\/\"},{\"@type\":\"ListItem\",\"position\":2,\"name\":\"TechmasterCares\",\"item\":\"https:\\\/\\\/techmasterdemexico.com\\\/techmastercares\\\/\"},{\"@type\":\"ListItem\",\"position\":3,\"name\":\"Visita a Museo Interactivo \u201dEl Trompo\u201d, 2022\"}]},{\"@type\":\"WebSite\",\"@id\":\"https:\\\/\\\/techmasterdemexico.com\\\/#website\",\"url\":\"https:\\\/\\\/techmasterdemexico.com\\\/\",\"name\":\"Techmaster de Mexico\",\"description\":\"\",\"potentialAction\":[{\"@type\":\"SearchAction\",\"target\":{\"@type\":\"EntryPoint\",\"urlTemplate\":\"https:\\\/\\\/techmasterdemexico.com\\\/?s={search_term_string}\"},\"query-input\":{\"@type\":\"PropertyValueSpecification\",\"valueRequired\":true,\"valueName\":\"search_term_string\"}}],\"inLanguage\":\"en-US\"}]}<\/script>\n<!-- \/ Yoast SEO plugin. -->","yoast_head_json":{"title":"Visita a Museo Interactivo \u201dEl Trompo\u201d, 2022 - Techmaster de Mexico","robots":{"index":"index","follow":"follow","max-snippet":"max-snippet:-1","max-image-preview":"max-image-preview:large","max-video-preview":"max-video-preview:-1"},"canonical":"https:\/\/techmasterdemexico.com\/techmastercares\/museo-del-trompo\/","og_locale":"en_US","og_type":"article","og_title":"Visita a Museo Interactivo \u201dEl Trompo\u201d, 2022 - Techmaster de Mexico","og_description":"&nbsp; En pro de nuestra comunidad y a trav\u00e9s del Museo Interactivo Tijuana &#8221;El Trompo&#8221;, tuvimos la oportunidad de patrocinar la visita al Museo de la Escuela Primaria Ana Mar\u00eda Gabriela Herrera V\u00e1zquez, de la Colonia Altiplano en esa ciudad. El pasado 26 de octubre de 2022, 410 ni\u00f1os fueron beneficiados y tuvieron la oportunidad [&hellip;]","og_url":"https:\/\/techmasterdemexico.com\/techmastercares\/museo-del-trompo\/","og_site_name":"Techmaster de Mexico","article_modified_time":"2023-05-11T23:14:29+00:00","og_image":[{"url":"http:\/\/techmasterdemexico.com\/wp-content\/uploads\/Portada_-Museo-del-trompo-1240x720-1.jpg","type":"","width":"","height":""}],"twitter_card":"summary_large_image","twitter_misc":{"Est. reading time":"1 minute"},"schema":{"@context":"https:\/\/schema.org","@graph":[{"@type":"WebPage","@id":"https:\/\/techmasterdemexico.com\/techmastercares\/museo-del-trompo\/","url":"https:\/\/techmasterdemexico.com\/techmastercares\/museo-del-trompo\/","name":"Visita a Museo Interactivo \u201dEl Trompo\u201d, 2022 - Techmaster de Mexico","isPartOf":{"@id":"https:\/\/techmasterdemexico.com\/#website"},"primaryImageOfPage":{"@id":"https:\/\/techmasterdemexico.com\/techmastercares\/museo-del-trompo\/#primaryimage"},"image":{"@id":"https:\/\/techmasterdemexico.com\/techmastercares\/museo-del-trompo\/#primaryimage"},"thumbnailUrl":"http:\/\/techmasterdemexico.com\/wp-content\/uploads\/Portada_-Museo-del-trompo-1240x720-1.jpg","datePublished":"2023-05-11T00:12:30+00:00","dateModified":"2023-05-11T23:14:29+00:00","breadcrumb":{"@id":"https:\/\/techmasterdemexico.com\/techmastercares\/museo-del-trompo\/#breadcrumb"},"inLanguage":"en-US","potentialAction":[{"@type":"ReadAction","target":["https:\/\/techmasterdemexico.com\/techmastercares\/museo-del-trompo\/"]}]},{"@type":"ImageObject","inLanguage":"en-US","@id":"https:\/\/techmasterdemexico.com\/techmastercares\/museo-del-trompo\/#primaryimage","url":"http:\/\/techmasterdemexico.com\/wp-content\/uploads\/Portada_-Museo-del-trompo-1240x720-1.jpg","contentUrl":"http:\/\/techmasterdemexico.com\/wp-content\/uploads\/Portada_-Museo-del-trompo-1240x720-1.jpg"},{"@type":"BreadcrumbList","@id":"https:\/\/techmasterdemexico.com\/techmastercares\/museo-del-trompo\/#breadcrumb","itemListElement":[{"@type":"ListItem","position":1,"name":"Portada","item":"https:\/\/techmasterdemexico.com\/"},{"@type":"ListItem","position":2,"name":"TechmasterCares","item":"https:\/\/techmasterdemexico.com\/techmastercares\/"},{"@type":"ListItem","position":3,"name":"Visita a Museo Interactivo \u201dEl Trompo\u201d, 2022"}]},{"@type":"WebSite","@id":"https:\/\/techmasterdemexico.com\/#website","url":"https:\/\/techmasterdemexico.com\/","name":"Techmaster de Mexico","description":"","potentialAction":[{"@type":"SearchAction","target":{"@type":"EntryPoint","urlTemplate":"https:\/\/techmasterdemexico.com\/?s={search_term_string}"},"query-input":{"@type":"PropertyValueSpecification","valueRequired":true,"valueName":"search_term_string"}}],"inLanguage":"en-US"}]}},"_links":{"self":[{"href":"https:\/\/techmasterdemexico.com\/en\/wp-json\/wp\/v2\/pages\/20229","targetHints":{"allow":["GET"]}}],"collection":[{"href":"https:\/\/techmasterdemexico.com\/en\/wp-json\/wp\/v2\/pages"}],"about":[{"href":"https:\/\/techmasterdemexico.com\/en\/wp-json\/wp\/v2\/types\/page"}],"author":[{"embeddable":true,"href":"https:\/\/techmasterdemexico.com\/en\/wp-json\/wp\/v2\/users\/1"}],"replies":[{"embeddable":true,"href":"https:\/\/techmasterdemexico.com\/en\/wp-json\/wp\/v2\/comments?post=20229"}],"version-history":[{"count":4,"href":"https:\/\/techmasterdemexico.com\/en\/wp-json\/wp\/v2\/pages\/20229\/revisions"}],"predecessor-version":[{"id":20255,"href":"https:\/\/techmasterdemexico.com\/en\/wp-json\/wp\/v2\/pages\/20229\/revisions\/20255"}],"up":[{"embeddable":true,"href":"https:\/\/techmasterdemexico.com\/en\/wp-json\/wp\/v2\/pages\/20146"}],"wp:attachment":[{"href":"https:\/\/techmasterdemexico.com\/en\/wp-json\/wp\/v2\/media?parent=20229"}],"curies":[{"name":"wp","href":"https:\/\/api.w.org\/{rel}","templated":true}]}}