{"id":20219,"date":"2023-05-10T17:06:03","date_gmt":"2023-05-11T00:06:03","guid":{"rendered":"https:\/\/techmasterdemexico.com\/?page_id=20219"},"modified":"2023-05-11T16:19:07","modified_gmt":"2023-05-11T23:19:07","slug":"colectadejuguetes","status":"publish","type":"page","link":"https:\/\/techmasterdemexico.com\/en\/techmastercares\/colectadejuguetes\/","title":{"rendered":"1era Colecta de Juguetes Techmaster"},"content":{"rendered":"<p><\/p>\n<div class=\"row\" style=\"margin: auto; max-width: 800px;\">\n<div class=\"col-md-12 mb-5\"><img decoding=\"async\" style=\"width: 100%;\" src=\"http:\/\/techmasterdemexico.com\/wp-content\/uploads\/Portada_-Colecta-de-juguetes-1240x720-1.jpg\" \/><\/div>\n<div class=\"col-md-7\">\n<p>En Techmaster de M\u00e9xico continuamos esforz\u00e1ndonos por llevar a cabo acciones que contribuyan a nuestra comunidad.<\/p>\n<p>El pasado 2 de mayo, se llev\u00f3 a cabo la &#8220;1era Colecta de Juguetes Techmaster&#8221;, campa\u00f1a interna que es implementada por primera vez con el objetivo de realizarse a\u00f1o con a\u00f1o.En esta campa\u00f1a, colaboradores realizaron donaciones que fueron entregadas a la casa hogar Casa de la Esperanza ubicada en la colonia Leandro Valle, en la ciudad de Tijuana, Baja California en donde alrededor de 35 ni\u00f1os fueron beneficiados.<\/p>\n<p>En nuestra visita podemos conocer las instalaciones, adem\u00e1s de pasar un tiempo agradable con los ni\u00f1os.Gracias a quienes se sumaron a la 1era Colecta de Juguetes Techmaster.\u00a1Estamos convencidos que peque\u00f1as acciones generan grandes cambios!<\/p>\n<p>Si gustas formar parte de nuestra pr\u00f3xima edici\u00f3n, participar en alguna campa\u00f1a o tienes un proyecto, reg\u00edstrate en el formulario.<\/p>\n<p><video style=\"object-fit: fill; height: auto !important;\" controls><source src=\"https:\/\/techmasterdemexico.com\/wp-content\/themes\/techmastermexico\/assets\/PrimerjuguetonTDM.mp4\" type=\"video\/mp4\">Your browser does not support the video tag.<\/video><\/p>\n<\/div>\n<div class=\"col-md-5\"><img decoding=\"async\" style=\"width: 100%;\" src=\"http:\/\/techmasterdemexico.com\/wp-content\/uploads\/foto-1.png\" \/><br \/>\n<img decoding=\"async\" style=\"width: 100%;\" src=\"http:\/\/techmasterdemexico.com\/wp-content\/uploads\/foto-2.png\" \/><\/div>\n<\/div>\n<p><\/p>","protected":false},"excerpt":{"rendered":"<p>En Techmaster de M\u00e9xico continuamos esforz\u00e1ndonos por llevar a cabo acciones que contribuyan a nuestra comunidad. El pasado 2 de mayo, se llev\u00f3 a cabo la &#8220;1era Colecta de Juguetes Techmaster&#8221;, campa\u00f1a interna que es implementada por primera vez con el objetivo de realizarse a\u00f1o con a\u00f1o.En esta campa\u00f1a, colaboradores realizaron donaciones que fueron entregadas [&hellip;]<\/p>\n","protected":false},"author":1,"featured_media":0,"parent":20146,"menu_order":0,"comment_status":"closed","ping_status":"closed","template":"template-nosidebar.php","meta":{"_acf_changed":false,"footnotes":""},"class_list":["post-20219","page","type-page","status-publish","hentry"],"acf":[],"yoast_head":"<!-- This site is optimized with the Yoast SEO plugin v27.3 - https:\/\/yoast.com\/product\/yoast-seo-wordpress\/ -->\n<title>1era Colecta de Juguetes Techmaster - Techmaster de Mexico<\/title>\n<meta name=\"robots\" content=\"index, follow, max-snippet:-1, max-image-preview:large, max-video-preview:-1\" \/>\n<link rel=\"canonical\" href=\"https:\/\/techmasterdemexico.com\/techmastercares\/colectadejuguetes\/\" \/>\n<meta property=\"og:locale\" content=\"en_US\" \/>\n<meta property=\"og:type\" content=\"article\" \/>\n<meta property=\"og:title\" content=\"1era Colecta de Juguetes Techmaster - Techmaster de Mexico\" \/>\n<meta property=\"og:description\" content=\"En Techmaster de M\u00e9xico continuamos esforz\u00e1ndonos por llevar a cabo acciones que contribuyan a nuestra comunidad. El pasado 2 de mayo, se llev\u00f3 a cabo la &#8220;1era Colecta de Juguetes Techmaster&#8221;, campa\u00f1a interna que es implementada por primera vez con el objetivo de realizarse a\u00f1o con a\u00f1o.En esta campa\u00f1a, colaboradores realizaron donaciones que fueron entregadas [&hellip;]\" \/>\n<meta property=\"og:url\" content=\"https:\/\/techmasterdemexico.com\/techmastercares\/colectadejuguetes\/\" \/>\n<meta property=\"og:site_name\" content=\"Techmaster de Mexico\" \/>\n<meta property=\"article:modified_time\" content=\"2023-05-11T23:19:07+00:00\" \/>\n<meta property=\"og:image\" content=\"http:\/\/techmasterdemexico.com\/wp-content\/uploads\/Portada_-Colecta-de-juguetes-1240x720-1.jpg\" \/>\n<meta name=\"twitter:card\" content=\"summary_large_image\" \/>\n<meta name=\"twitter:label1\" content=\"Est. reading time\" \/>\n\t<meta name=\"twitter:data1\" content=\"2 minutes\" \/>\n<script type=\"application\/ld+json\" class=\"yoast-schema-graph\">{\"@context\":\"https:\\\/\\\/schema.org\",\"@graph\":[{\"@type\":\"WebPage\",\"@id\":\"https:\\\/\\\/techmasterdemexico.com\\\/techmastercares\\\/colectadejuguetes\\\/\",\"url\":\"https:\\\/\\\/techmasterdemexico.com\\\/techmastercares\\\/colectadejuguetes\\\/\",\"name\":\"1era Colecta de Juguetes Techmaster - Techmaster de Mexico\",\"isPartOf\":{\"@id\":\"https:\\\/\\\/techmasterdemexico.com\\\/#website\"},\"primaryImageOfPage\":{\"@id\":\"https:\\\/\\\/techmasterdemexico.com\\\/techmastercares\\\/colectadejuguetes\\\/#primaryimage\"},\"image\":{\"@id\":\"https:\\\/\\\/techmasterdemexico.com\\\/techmastercares\\\/colectadejuguetes\\\/#primaryimage\"},\"thumbnailUrl\":\"http:\\\/\\\/techmasterdemexico.com\\\/wp-content\\\/uploads\\\/Portada_-Colecta-de-juguetes-1240x720-1.jpg\",\"datePublished\":\"2023-05-11T00:06:03+00:00\",\"dateModified\":\"2023-05-11T23:19:07+00:00\",\"breadcrumb\":{\"@id\":\"https:\\\/\\\/techmasterdemexico.com\\\/techmastercares\\\/colectadejuguetes\\\/#breadcrumb\"},\"inLanguage\":\"en-US\",\"potentialAction\":[{\"@type\":\"ReadAction\",\"target\":[\"https:\\\/\\\/techmasterdemexico.com\\\/techmastercares\\\/colectadejuguetes\\\/\"]}]},{\"@type\":\"ImageObject\",\"inLanguage\":\"en-US\",\"@id\":\"https:\\\/\\\/techmasterdemexico.com\\\/techmastercares\\\/colectadejuguetes\\\/#primaryimage\",\"url\":\"http:\\\/\\\/techmasterdemexico.com\\\/wp-content\\\/uploads\\\/Portada_-Colecta-de-juguetes-1240x720-1.jpg\",\"contentUrl\":\"http:\\\/\\\/techmasterdemexico.com\\\/wp-content\\\/uploads\\\/Portada_-Colecta-de-juguetes-1240x720-1.jpg\"},{\"@type\":\"BreadcrumbList\",\"@id\":\"https:\\\/\\\/techmasterdemexico.com\\\/techmastercares\\\/colectadejuguetes\\\/#breadcrumb\",\"itemListElement\":[{\"@type\":\"ListItem\",\"position\":1,\"name\":\"Portada\",\"item\":\"https:\\\/\\\/techmasterdemexico.com\\\/\"},{\"@type\":\"ListItem\",\"position\":2,\"name\":\"TechmasterCares\",\"item\":\"https:\\\/\\\/techmasterdemexico.com\\\/techmastercares\\\/\"},{\"@type\":\"ListItem\",\"position\":3,\"name\":\"1era Colecta de Juguetes Techmaster\"}]},{\"@type\":\"WebSite\",\"@id\":\"https:\\\/\\\/techmasterdemexico.com\\\/#website\",\"url\":\"https:\\\/\\\/techmasterdemexico.com\\\/\",\"name\":\"Techmaster de Mexico\",\"description\":\"\",\"potentialAction\":[{\"@type\":\"SearchAction\",\"target\":{\"@type\":\"EntryPoint\",\"urlTemplate\":\"https:\\\/\\\/techmasterdemexico.com\\\/?s={search_term_string}\"},\"query-input\":{\"@type\":\"PropertyValueSpecification\",\"valueRequired\":true,\"valueName\":\"search_term_string\"}}],\"inLanguage\":\"en-US\"}]}<\/script>\n<!-- \/ Yoast SEO plugin. -->","yoast_head_json":{"title":"1era Colecta de Juguetes Techmaster - Techmaster de Mexico","robots":{"index":"index","follow":"follow","max-snippet":"max-snippet:-1","max-image-preview":"max-image-preview:large","max-video-preview":"max-video-preview:-1"},"canonical":"https:\/\/techmasterdemexico.com\/techmastercares\/colectadejuguetes\/","og_locale":"en_US","og_type":"article","og_title":"1era Colecta de Juguetes Techmaster - Techmaster de Mexico","og_description":"En Techmaster de M\u00e9xico continuamos esforz\u00e1ndonos por llevar a cabo acciones que contribuyan a nuestra comunidad. El pasado 2 de mayo, se llev\u00f3 a cabo la &#8220;1era Colecta de Juguetes Techmaster&#8221;, campa\u00f1a interna que es implementada por primera vez con el objetivo de realizarse a\u00f1o con a\u00f1o.En esta campa\u00f1a, colaboradores realizaron donaciones que fueron entregadas [&hellip;]","og_url":"https:\/\/techmasterdemexico.com\/techmastercares\/colectadejuguetes\/","og_site_name":"Techmaster de Mexico","article_modified_time":"2023-05-11T23:19:07+00:00","og_image":[{"url":"http:\/\/techmasterdemexico.com\/wp-content\/uploads\/Portada_-Colecta-de-juguetes-1240x720-1.jpg","type":"","width":"","height":""}],"twitter_card":"summary_large_image","twitter_misc":{"Est. reading time":"2 minutes"},"schema":{"@context":"https:\/\/schema.org","@graph":[{"@type":"WebPage","@id":"https:\/\/techmasterdemexico.com\/techmastercares\/colectadejuguetes\/","url":"https:\/\/techmasterdemexico.com\/techmastercares\/colectadejuguetes\/","name":"1era Colecta de Juguetes Techmaster - Techmaster de Mexico","isPartOf":{"@id":"https:\/\/techmasterdemexico.com\/#website"},"primaryImageOfPage":{"@id":"https:\/\/techmasterdemexico.com\/techmastercares\/colectadejuguetes\/#primaryimage"},"image":{"@id":"https:\/\/techmasterdemexico.com\/techmastercares\/colectadejuguetes\/#primaryimage"},"thumbnailUrl":"http:\/\/techmasterdemexico.com\/wp-content\/uploads\/Portada_-Colecta-de-juguetes-1240x720-1.jpg","datePublished":"2023-05-11T00:06:03+00:00","dateModified":"2023-05-11T23:19:07+00:00","breadcrumb":{"@id":"https:\/\/techmasterdemexico.com\/techmastercares\/colectadejuguetes\/#breadcrumb"},"inLanguage":"en-US","potentialAction":[{"@type":"ReadAction","target":["https:\/\/techmasterdemexico.com\/techmastercares\/colectadejuguetes\/"]}]},{"@type":"ImageObject","inLanguage":"en-US","@id":"https:\/\/techmasterdemexico.com\/techmastercares\/colectadejuguetes\/#primaryimage","url":"http:\/\/techmasterdemexico.com\/wp-content\/uploads\/Portada_-Colecta-de-juguetes-1240x720-1.jpg","contentUrl":"http:\/\/techmasterdemexico.com\/wp-content\/uploads\/Portada_-Colecta-de-juguetes-1240x720-1.jpg"},{"@type":"BreadcrumbList","@id":"https:\/\/techmasterdemexico.com\/techmastercares\/colectadejuguetes\/#breadcrumb","itemListElement":[{"@type":"ListItem","position":1,"name":"Portada","item":"https:\/\/techmasterdemexico.com\/"},{"@type":"ListItem","position":2,"name":"TechmasterCares","item":"https:\/\/techmasterdemexico.com\/techmastercares\/"},{"@type":"ListItem","position":3,"name":"1era Colecta de Juguetes Techmaster"}]},{"@type":"WebSite","@id":"https:\/\/techmasterdemexico.com\/#website","url":"https:\/\/techmasterdemexico.com\/","name":"Techmaster de Mexico","description":"","potentialAction":[{"@type":"SearchAction","target":{"@type":"EntryPoint","urlTemplate":"https:\/\/techmasterdemexico.com\/?s={search_term_string}"},"query-input":{"@type":"PropertyValueSpecification","valueRequired":true,"valueName":"search_term_string"}}],"inLanguage":"en-US"}]}},"_links":{"self":[{"href":"https:\/\/techmasterdemexico.com\/en\/wp-json\/wp\/v2\/pages\/20219","targetHints":{"allow":["GET"]}}],"collection":[{"href":"https:\/\/techmasterdemexico.com\/en\/wp-json\/wp\/v2\/pages"}],"about":[{"href":"https:\/\/techmasterdemexico.com\/en\/wp-json\/wp\/v2\/types\/page"}],"author":[{"embeddable":true,"href":"https:\/\/techmasterdemexico.com\/en\/wp-json\/wp\/v2\/users\/1"}],"replies":[{"embeddable":true,"href":"https:\/\/techmasterdemexico.com\/en\/wp-json\/wp\/v2\/comments?post=20219"}],"version-history":[{"count":4,"href":"https:\/\/techmasterdemexico.com\/en\/wp-json\/wp\/v2\/pages\/20219\/revisions"}],"predecessor-version":[{"id":20256,"href":"https:\/\/techmasterdemexico.com\/en\/wp-json\/wp\/v2\/pages\/20219\/revisions\/20256"}],"up":[{"embeddable":true,"href":"https:\/\/techmasterdemexico.com\/en\/wp-json\/wp\/v2\/pages\/20146"}],"wp:attachment":[{"href":"https:\/\/techmasterdemexico.com\/en\/wp-json\/wp\/v2\/media?parent=20219"}],"curies":[{"name":"wp","href":"https:\/\/api.w.org\/{rel}","templated":true}]}}