{"id":19925,"date":"2022-11-30T16:30:03","date_gmt":"2022-11-30T23:30:03","guid":{"rendered":"https:\/\/techmasterdemexico.com\/?page_id=19925"},"modified":"2022-11-30T20:49:30","modified_gmt":"2022-12-01T03:49:30","slug":"renueva-tu-equipo-de-alineacion-laser","status":"publish","type":"page","link":"https:\/\/techmasterdemexico.com\/en\/promociones\/renueva-tu-equipo-de-alineacion-laser\/","title":{"rendered":"Renueva tu equipo de alineaci\u00f3n laser"},"content":{"rendered":"<div style=\"max-width: 628px; margin: auto;\">\n<h2 style=\"text-align: center;\">Renu\u00e9vate con Pr\u00fcftechnik<\/h2>\n<p style=\"text-align: center;\">\u00a1Cambia tu equipo obsoleto por un atractivo descuento en la compra de un equipo de alineaci\u00f3n nuevo!<\/p>\n<\/div>\n<p><img decoding=\"async\" class=\"aligncenter img-fluid\" style=\"margin-bottom: 50px; max-width: 628px; width: 100%;\" src=\"https:\/\/files.constantcontact.com\/470e198b401\/627744de-14ff-47bb-9f27-cd4997210e3c.png?rdr=true\" \/><\/p>\n<div align=\"center\"><\/div>\n<div style=\"max-width: 628px; margin: auto;\">\n<div align=\"center\"><\/div>\n<div class=\"row mt-5 mb-5\">\n<div class=\"text-center col-md-12\">\n<h5 class=\"mb-4 mt-4 strong\">Conoce el salto que podr\u00edas obtener&#8230;<\/h5>\n<\/div>\n<div class=\"col-md-6 align-self-center\"><img decoding=\"async\" class=\"img-fluid\" src=\"https:\/\/files.constantcontact.com\/470e198b401\/bc8bc3e8-0946-4da4-ae68-cd415fd9ea62.png?rdr=true\" \/><\/div>\n<div class=\"col-md-6 align-self-center\">\n<p><strong class=\"strong\">Rotalign Touch<\/strong><\/p>\n<ul>\n<li>Tecnolog\u00eda de 1 l\u00e1ser de 7 ejes, sensALIGN 7<\/li>\n<li>Alta precisi\u00f3n repetible y adaptable a cualquier situaci\u00f3n.<\/li>\n<li>5 m\u00e9todos inteligentes de alineaci\u00f3n<\/li>\n<li>Capacidad de alinear y corregir hasta 6 acoplamientos al mismo tiempo<\/li>\n<li>\u00a1Y m\u00e1s!<\/li>\n<\/ul>\n<\/div>\n<div class=\"col-md-6 align-self-center\"><img decoding=\"async\" class=\"img-fluid\" src=\"https:\/\/files.constantcontact.com\/470e198b401\/6b7d8fb5-150b-4a53-aa57-cc9360fc0062.png?rdr=true\" \/><\/div>\n<div class=\"col-md-6 align-self-center\">\n<p><strong class=\"strong\">Optalign Touch<\/strong><\/p>\n<ul>\n<li>Tecnolog\u00eda de 5 ejes de l\u00e1ser y sensor, 1 l\u00e1ser de 7 ejes, sensALIGN 5<\/li>\n<li>Dise\u00f1o robusto IP65<\/li>\n<li>4 m\u00e9todos de medici\u00f3n con inteligencia situacional para casi cualquier m\u00e1quina.<\/li>\n<li>Correcci\u00f3n de la m\u00e1quina en tiempo real<\/li>\n<li>\u00a1Y m\u00e1s!<\/li>\n<\/ul>\n<\/div>\n<div class=\"col-md-6 align-self-center\"><img decoding=\"async\" class=\"img-fluid\" src=\"https:\/\/files.constantcontact.com\/470e198b401\/c3259e16-65ce-412b-995a-22ed7437e425.png?rdr=true\" \/><\/div>\n<div class=\"col-md-6 align-self-center\">\n<p><strong class=\"strong\">VIBXPERT II<\/strong><\/p>\n<ul>\n<li>Sistema modular: Desde an\u00e1lisis b\u00e1sicos mediante adquisici\u00f3n basada en ruta hasta an\u00e1lisis avanzados como:resonancias, curvas de arranque y paro o pruebas de impacto.<\/li>\n<li>Balanceo din\u00e1mico en campo en 1 o 2 planos.<\/li>\n<li>Robusto, preciso<\/li>\n<li>\u00a1Y m\u00e1s!<\/li>\n<\/ul>\n<\/div>\n<div class=\"col-md-4 align-self-center\"><img decoding=\"async\" class=\"img-fluid\" src=\"https:\/\/files.constantcontact.com\/470e198b401\/71404bb9-34e9-47b8-8a38-d70f15db2056.png?rdr=true\" \/><br \/>\n<strong class=\"strong\">Shaftalign Touch<\/strong>\n<\/div>\n<div class=\"col-md-4 align-self-center\"><img decoding=\"async\" class=\"img-fluid\" src=\"https:\/\/files.constantcontact.com\/470e198b401\/7a288cc8-42d6-47ef-9a18-df328da51102.png?rdr=true\" \/><br \/>\n<strong class=\"strong\">VIBSCANNER 2<\/strong>\n<\/div>\n<div class=\"col-md-4 align-self-center\"><img decoding=\"async\" class=\"img-fluid\" src=\"https:\/\/files.constantcontact.com\/470e198b401\/69230f53-1c3f-4a2e-b2a4-5cf96f88e54e.png?rdr=true\" \/><br \/>\n<strong class=\"strong\">VIBGUARD<\/strong>\n<\/div>\n<\/div>\n<div class=\"MainTextFullWidth mt-4 mb-4\" style=\"text-align: center;\"><a class=\"btn mt-4 mb-4\" style=\"text-decoration: none;\" href=\"mailto:cotizacion@techmaster.us\">\u00a1Cotiza ahora!<\/a><\/div>\n<h3 style=\"text-align: center;\" class=\"mb-5\">\u00a1Vigencia hasta el 15 de diciembre del 2022!<\/h3>\n<div><\/div>\n<div><\/div>\n<div align=\"justify\"><\/div>\n<div align=\"justify\">T\u00c9RMINOS Y CONDICIONES<\/div>\n<div align=\"justify\"><\/div>\n<div style=\"font-size: 12px;\">\n<div align=\"justify\">\u2022 Oferta v\u00e1lida hasta el viernes 15 de diciembre del 2022.<\/div>\n<div align=\"justify\">\n<div align=\"justify\">\u2022 Los equipos elegibles y sus descuentos son: Con 5% de descuento:\u00a0ShaftAlign Touch y Vibscanner 2. Con 10% de descuento: OptAlign Touch y VibXpert 2. Con 15% de descuento: RotAlign Touch y Vibguard. (Ser\u00e1 necesario confirmaci\u00f3n del Distribuidor para aplicar la promoci\u00f3n).<\/div>\n<div align=\"justify\">\u2022 Los equipos participantes que aplican para renovaci\u00f3n son: ShaftAlign\/Aligneo, OptAlign Plus, OptAlign Plus EX, SmartAlign, OptAlign Smart (OS), OptAlign Smart RS5 o RS5-BT, RotAlign, RotAlign Pro, RotAlign Ultra I, RotAlign Ultra II, RotAlign Ultra iS, VibScanner o VibScanner EX.<\/div>\n<div align=\"justify\">\u2022 Para solicitar su descuento usted deber\u00e1 enviarnos:<\/div>\n<ul>\n<li>Foto de su equipo a renovar (La fotograf\u00eda deber\u00e1 ser n\u00edtida y deber\u00e1 mostrar el equipo completo con sus accesorios)<\/li>\n<li>Tabla con todos los datos requeridos (datos de contacto, datos de su equipo a renovar, y equipo que le interesa adquirir)<\/li>\n<\/ul>\n<div align=\"justify\">\u2022 Techmaster confirmar\u00e1 el descuento aplicable seg\u00fan el equipo que desee adquirir y la informaci\u00f3n recibida previamente.<\/div>\n<div align=\"justify\">\u2022 Para procesar la orden de compra de su equipo nuevo con el descuento asignado, se deber\u00e1 haber recibido su equipo a renovar, para su eliminaci\u00f3n y reciclaje.<\/div>\n<div align=\"justify\">\u2022 Se validar\u00e1 que el equipo a renovar tenga todos los componentes de acuerdo con la foto enviada previamente, as\u00ed como que coincida el n\u00famero de serie que se report\u00f3. En caso de no coincidir se rechazar\u00e1 la promoci\u00f3n.<\/div>\n<div align=\"justify\">\u2022 El equipo a devolver ser\u00e1 destruido por Dominion Global M\u00e9xico y en caso de requerir la evidencia ser\u00e1 necesario solicitarlo al momento de enviar su orden de compra.<\/div>\n<div align=\"justify\">\u2022 La informaci\u00f3n recabada se compartir\u00e1 con Fluke Reliability para fines de transparencia de la promoci\u00f3n.<\/div>\n<div align=\"justify\">\u2022 Queda prohibida la participaci\u00f3n de los empleados y familiares de empleados (Conyugues, padres, hijos y c\u00f3nyuges de estos) de Techmaster de M\u00e9xico.<\/div>\n<div align=\"justify\">\u2022 Esta promoci\u00f3n no aplica con otra promoci\u00f3n y\/o descuentos especiales, ni licitaciones.<\/div>\n<div align=\"justify\">\u2022 Oferta v\u00e1lida s\u00f3lo en M\u00e9xico.<\/div>\n<div align=\"justify\">\u2022 Dominion Global M\u00e9xico y Fluke Reliability se reservan el derecho de modificar la promoci\u00f3n sin previo aviso durante su vigencia.<\/div>\n<div align=\"justify\">\u2022 Para obtener todos los detalles, contacte a nuestros representantes de ventas de Techmaster de M\u00e9xico.<\/div>\n<\/div>\n<\/div>\n<\/div>\n","protected":false},"excerpt":{"rendered":"<p>Renu\u00e9vate con Pr\u00fcftechnik \u00a1Cambia tu equipo obsoleto por un atractivo descuento en la compra de un equipo de alineaci\u00f3n nuevo! Conoce el salto que podr\u00edas obtener&#8230; Rotalign Touch Tecnolog\u00eda de 1 l\u00e1ser de 7 ejes, sensALIGN 7 Alta precisi\u00f3n repetible y adaptable a cualquier situaci\u00f3n. 5 m\u00e9todos inteligentes de alineaci\u00f3n Capacidad de alinear y corregir [&hellip;]<\/p>\n","protected":false},"author":17,"featured_media":0,"parent":7972,"menu_order":0,"comment_status":"closed","ping_status":"closed","template":"template-nosidebar.php","meta":{"_acf_changed":false,"footnotes":""},"class_list":["post-19925","page","type-page","status-publish","hentry"],"acf":[],"yoast_head":"<!-- This site is optimized with the Yoast SEO plugin v27.4 - https:\/\/yoast.com\/product\/yoast-seo-wordpress\/ -->\n<title>Renueva tu equipo de alineaci\u00f3n laser - Techmaster de Mexico<\/title>\n<meta name=\"robots\" content=\"index, follow, max-snippet:-1, max-image-preview:large, max-video-preview:-1\" \/>\n<link rel=\"canonical\" href=\"https:\/\/techmasterdemexico.com\/promociones\/renueva-tu-equipo-de-alineacion-laser\/\" \/>\n<meta property=\"og:locale\" content=\"en_US\" \/>\n<meta property=\"og:type\" content=\"article\" \/>\n<meta property=\"og:title\" content=\"Renueva tu equipo de alineaci\u00f3n laser - Techmaster de Mexico\" \/>\n<meta property=\"og:description\" content=\"Renu\u00e9vate con Pr\u00fcftechnik \u00a1Cambia tu equipo obsoleto por un atractivo descuento en la compra de un equipo de alineaci\u00f3n nuevo! Conoce el salto que podr\u00edas obtener&#8230; Rotalign Touch Tecnolog\u00eda de 1 l\u00e1ser de 7 ejes, sensALIGN 7 Alta precisi\u00f3n repetible y adaptable a cualquier situaci\u00f3n. 5 m\u00e9todos inteligentes de alineaci\u00f3n Capacidad de alinear y corregir [&hellip;]\" \/>\n<meta property=\"og:url\" content=\"https:\/\/techmasterdemexico.com\/promociones\/renueva-tu-equipo-de-alineacion-laser\/\" \/>\n<meta property=\"og:site_name\" content=\"Techmaster de Mexico\" \/>\n<meta property=\"article:modified_time\" content=\"2022-12-01T03:49:30+00:00\" \/>\n<meta property=\"og:image\" content=\"https:\/\/files.constantcontact.com\/470e198b401\/627744de-14ff-47bb-9f27-cd4997210e3c.png?rdr=true\" \/>\n<meta name=\"twitter:card\" content=\"summary_large_image\" \/>\n<meta name=\"twitter:label1\" content=\"Est. reading time\" \/>\n\t<meta name=\"twitter:data1\" content=\"3 minutes\" \/>\n<script type=\"application\/ld+json\" class=\"yoast-schema-graph\">{\"@context\":\"https:\\\/\\\/schema.org\",\"@graph\":[{\"@type\":\"WebPage\",\"@id\":\"https:\\\/\\\/techmasterdemexico.com\\\/promociones\\\/renueva-tu-equipo-de-alineacion-laser\\\/\",\"url\":\"https:\\\/\\\/techmasterdemexico.com\\\/promociones\\\/renueva-tu-equipo-de-alineacion-laser\\\/\",\"name\":\"Renueva tu equipo de alineaci\u00f3n laser - Techmaster de Mexico\",\"isPartOf\":{\"@id\":\"https:\\\/\\\/techmasterdemexico.com\\\/#website\"},\"primaryImageOfPage\":{\"@id\":\"https:\\\/\\\/techmasterdemexico.com\\\/promociones\\\/renueva-tu-equipo-de-alineacion-laser\\\/#primaryimage\"},\"image\":{\"@id\":\"https:\\\/\\\/techmasterdemexico.com\\\/promociones\\\/renueva-tu-equipo-de-alineacion-laser\\\/#primaryimage\"},\"thumbnailUrl\":\"https:\\\/\\\/files.constantcontact.com\\\/470e198b401\\\/627744de-14ff-47bb-9f27-cd4997210e3c.png?rdr=true\",\"datePublished\":\"2022-11-30T23:30:03+00:00\",\"dateModified\":\"2022-12-01T03:49:30+00:00\",\"breadcrumb\":{\"@id\":\"https:\\\/\\\/techmasterdemexico.com\\\/promociones\\\/renueva-tu-equipo-de-alineacion-laser\\\/#breadcrumb\"},\"inLanguage\":\"en-US\",\"potentialAction\":[{\"@type\":\"ReadAction\",\"target\":[\"https:\\\/\\\/techmasterdemexico.com\\\/promociones\\\/renueva-tu-equipo-de-alineacion-laser\\\/\"]}]},{\"@type\":\"ImageObject\",\"inLanguage\":\"en-US\",\"@id\":\"https:\\\/\\\/techmasterdemexico.com\\\/promociones\\\/renueva-tu-equipo-de-alineacion-laser\\\/#primaryimage\",\"url\":\"https:\\\/\\\/files.constantcontact.com\\\/470e198b401\\\/627744de-14ff-47bb-9f27-cd4997210e3c.png?rdr=true\",\"contentUrl\":\"https:\\\/\\\/files.constantcontact.com\\\/470e198b401\\\/627744de-14ff-47bb-9f27-cd4997210e3c.png?rdr=true\"},{\"@type\":\"BreadcrumbList\",\"@id\":\"https:\\\/\\\/techmasterdemexico.com\\\/promociones\\\/renueva-tu-equipo-de-alineacion-laser\\\/#breadcrumb\",\"itemListElement\":[{\"@type\":\"ListItem\",\"position\":1,\"name\":\"Portada\",\"item\":\"https:\\\/\\\/techmasterdemexico.com\\\/\"},{\"@type\":\"ListItem\",\"position\":2,\"name\":\"Promociones\",\"item\":\"https:\\\/\\\/techmasterdemexico.com\\\/promociones\\\/\"},{\"@type\":\"ListItem\",\"position\":3,\"name\":\"Renueva tu equipo de alineaci\u00f3n laser\"}]},{\"@type\":\"WebSite\",\"@id\":\"https:\\\/\\\/techmasterdemexico.com\\\/#website\",\"url\":\"https:\\\/\\\/techmasterdemexico.com\\\/\",\"name\":\"Techmaster de Mexico\",\"description\":\"\",\"potentialAction\":[{\"@type\":\"SearchAction\",\"target\":{\"@type\":\"EntryPoint\",\"urlTemplate\":\"https:\\\/\\\/techmasterdemexico.com\\\/?s={search_term_string}\"},\"query-input\":{\"@type\":\"PropertyValueSpecification\",\"valueRequired\":true,\"valueName\":\"search_term_string\"}}],\"inLanguage\":\"en-US\"}]}<\/script>\n<!-- \/ Yoast SEO plugin. -->","yoast_head_json":{"title":"Renueva tu equipo de alineaci\u00f3n laser - Techmaster de Mexico","robots":{"index":"index","follow":"follow","max-snippet":"max-snippet:-1","max-image-preview":"max-image-preview:large","max-video-preview":"max-video-preview:-1"},"canonical":"https:\/\/techmasterdemexico.com\/promociones\/renueva-tu-equipo-de-alineacion-laser\/","og_locale":"en_US","og_type":"article","og_title":"Renueva tu equipo de alineaci\u00f3n laser - Techmaster de Mexico","og_description":"Renu\u00e9vate con Pr\u00fcftechnik \u00a1Cambia tu equipo obsoleto por un atractivo descuento en la compra de un equipo de alineaci\u00f3n nuevo! Conoce el salto que podr\u00edas obtener&#8230; Rotalign Touch Tecnolog\u00eda de 1 l\u00e1ser de 7 ejes, sensALIGN 7 Alta precisi\u00f3n repetible y adaptable a cualquier situaci\u00f3n. 5 m\u00e9todos inteligentes de alineaci\u00f3n Capacidad de alinear y corregir [&hellip;]","og_url":"https:\/\/techmasterdemexico.com\/promociones\/renueva-tu-equipo-de-alineacion-laser\/","og_site_name":"Techmaster de Mexico","article_modified_time":"2022-12-01T03:49:30+00:00","og_image":[{"url":"https:\/\/files.constantcontact.com\/470e198b401\/627744de-14ff-47bb-9f27-cd4997210e3c.png?rdr=true","type":"","width":"","height":""}],"twitter_card":"summary_large_image","twitter_misc":{"Est. reading time":"3 minutes"},"schema":{"@context":"https:\/\/schema.org","@graph":[{"@type":"WebPage","@id":"https:\/\/techmasterdemexico.com\/promociones\/renueva-tu-equipo-de-alineacion-laser\/","url":"https:\/\/techmasterdemexico.com\/promociones\/renueva-tu-equipo-de-alineacion-laser\/","name":"Renueva tu equipo de alineaci\u00f3n laser - Techmaster de Mexico","isPartOf":{"@id":"https:\/\/techmasterdemexico.com\/#website"},"primaryImageOfPage":{"@id":"https:\/\/techmasterdemexico.com\/promociones\/renueva-tu-equipo-de-alineacion-laser\/#primaryimage"},"image":{"@id":"https:\/\/techmasterdemexico.com\/promociones\/renueva-tu-equipo-de-alineacion-laser\/#primaryimage"},"thumbnailUrl":"https:\/\/files.constantcontact.com\/470e198b401\/627744de-14ff-47bb-9f27-cd4997210e3c.png?rdr=true","datePublished":"2022-11-30T23:30:03+00:00","dateModified":"2022-12-01T03:49:30+00:00","breadcrumb":{"@id":"https:\/\/techmasterdemexico.com\/promociones\/renueva-tu-equipo-de-alineacion-laser\/#breadcrumb"},"inLanguage":"en-US","potentialAction":[{"@type":"ReadAction","target":["https:\/\/techmasterdemexico.com\/promociones\/renueva-tu-equipo-de-alineacion-laser\/"]}]},{"@type":"ImageObject","inLanguage":"en-US","@id":"https:\/\/techmasterdemexico.com\/promociones\/renueva-tu-equipo-de-alineacion-laser\/#primaryimage","url":"https:\/\/files.constantcontact.com\/470e198b401\/627744de-14ff-47bb-9f27-cd4997210e3c.png?rdr=true","contentUrl":"https:\/\/files.constantcontact.com\/470e198b401\/627744de-14ff-47bb-9f27-cd4997210e3c.png?rdr=true"},{"@type":"BreadcrumbList","@id":"https:\/\/techmasterdemexico.com\/promociones\/renueva-tu-equipo-de-alineacion-laser\/#breadcrumb","itemListElement":[{"@type":"ListItem","position":1,"name":"Portada","item":"https:\/\/techmasterdemexico.com\/"},{"@type":"ListItem","position":2,"name":"Promociones","item":"https:\/\/techmasterdemexico.com\/promociones\/"},{"@type":"ListItem","position":3,"name":"Renueva tu equipo de alineaci\u00f3n laser"}]},{"@type":"WebSite","@id":"https:\/\/techmasterdemexico.com\/#website","url":"https:\/\/techmasterdemexico.com\/","name":"Techmaster de Mexico","description":"","potentialAction":[{"@type":"SearchAction","target":{"@type":"EntryPoint","urlTemplate":"https:\/\/techmasterdemexico.com\/?s={search_term_string}"},"query-input":{"@type":"PropertyValueSpecification","valueRequired":true,"valueName":"search_term_string"}}],"inLanguage":"en-US"}]}},"_links":{"self":[{"href":"https:\/\/techmasterdemexico.com\/en\/wp-json\/wp\/v2\/pages\/19925","targetHints":{"allow":["GET"]}}],"collection":[{"href":"https:\/\/techmasterdemexico.com\/en\/wp-json\/wp\/v2\/pages"}],"about":[{"href":"https:\/\/techmasterdemexico.com\/en\/wp-json\/wp\/v2\/types\/page"}],"author":[{"embeddable":true,"href":"https:\/\/techmasterdemexico.com\/en\/wp-json\/wp\/v2\/users\/17"}],"replies":[{"embeddable":true,"href":"https:\/\/techmasterdemexico.com\/en\/wp-json\/wp\/v2\/comments?post=19925"}],"version-history":[{"count":2,"href":"https:\/\/techmasterdemexico.com\/en\/wp-json\/wp\/v2\/pages\/19925\/revisions"}],"predecessor-version":[{"id":19931,"href":"https:\/\/techmasterdemexico.com\/en\/wp-json\/wp\/v2\/pages\/19925\/revisions\/19931"}],"up":[{"embeddable":true,"href":"https:\/\/techmasterdemexico.com\/en\/wp-json\/wp\/v2\/pages\/7972"}],"wp:attachment":[{"href":"https:\/\/techmasterdemexico.com\/en\/wp-json\/wp\/v2\/media?parent=19925"}],"curies":[{"name":"wp","href":"https:\/\/api.w.org\/{rel}","templated":true}]}}