{"id":19429,"date":"2022-05-14T01:09:15","date_gmt":"2022-05-14T01:09:15","guid":{"rendered":"https:\/\/techmasterdemexico.com\/?page_id=19429"},"modified":"2022-05-14T01:11:50","modified_gmt":"2022-05-14T01:11:50","slug":"politicas-de-cookies","status":"publish","type":"page","link":"https:\/\/techmasterdemexico.com\/en\/politicas-de-cookies\/","title":{"rendered":"Pol\u00edticas de Cookies"},"content":{"rendered":"<h2 class=\"p1\">Techmaster de M\u00e9xico tiene una pol\u00edtica de cookies en el sitio oficial de Techmaster de M\u00e9xico www.techmasterdemexico.com<\/h2>\n<p>&nbsp;<\/p>\n<h5 class=\"p3\"><b><i>\u00bfQu\u00e9 son las Cookies?<\/i><\/b><\/h5>\n<p class=\"p4\"><i>Una cookie es un fichero que se descarga en su ordenador al acceder a determinadas p\u00e1ginas web. Las cookies permiten a una p\u00e1gina web, entre otras cosas, almacenar y recuperar informaci\u00f3n sobre las experiencias de navegaci\u00f3n de un usuario o de su equipo y, dependiendo de la informaci\u00f3n que contengan y de la forma en que utilice su equipo, pueden utilizarse para reconocer al usuario. Las cookies se asocian \u00fanicamente a un usuario an\u00f3nimo y su ordenador o dispositivo. Y no proporcionan referencias que permitan conocer sus datos personales.<\/i><\/p>\n<p>&nbsp;<\/p>\n<p class=\"p4\"><i>En algunas secciones de nuestro sitio requerimos que el cliente tenga habilitados los cookies ya que algunas de las funcionalidades requieren de \u00e9stas para trabajar. La utilizaci\u00f3n de cookies no ser\u00e1 utilizada para identificar a los usuarios, con excepci\u00f3n de los casos en que se investiguen posibles actividades fraudulentas.<\/i><\/p>\n<p>&nbsp;<\/p>\n<h5 class=\"p4\"><strong>Tipos de Cookies<\/strong><\/h5>\n<p class=\"p4\"><i>Seg\u00fan la entidad que las gestione, hay Cookies propias (aqu\u00e9llas que se env\u00edan al equipo terminal del usuario desde un equipo o dominio gestionado por el propio editor y desde el que se presta el servicio Solicitado por el usuario) y de terceros (las que se env\u00edan al equipo terminal del usuario desde un equipo o dominio que no es gestionado por el editor, sino por otra entidad que trata los datos obtenidos trav\u00e9s de las cookies).<\/i><\/p>\n<p>&nbsp;<\/p>\n<p class=\"p4\"><i>Seg\u00fan el tiempo que permanecen activas, existen las de sesi\u00f3n (dise\u00f1adas para recabar y almacenar datos mientras el usuario accede a una p\u00e1gina web) y las persistentes (en las que los datos se almacenan en el terminal y pueden ser accedidos y tratados durante un periodo definido por el responsable de la cookie -puede ir de unos minutos a varios a\u00f1os).<\/i><\/p>\n<p>&nbsp;<\/p>\n<p class=\"p4\"><i>Seg\u00fan la finalidad para la que traten la informaci\u00f3n que recopilan, pueden ser:<\/i><\/p>\n<ul class=\"ul1\">\n<li class=\"li4\"><i>Cookies t\u00e9cnicas: necesarias para el uso de la web y la prestaci\u00f3n del servicio contratado.<\/i><\/li>\n<li class=\"li4\"><i>Cookies de personalizaci\u00f3n: que permiten al usuario acceder al servicio con caracter\u00edsticas predefinidas, como por ejemplo el idioma, tipo de navegador, configuraci\u00f3n regional, etc.<\/i><\/li>\n<li class=\"li4\"><i>Cookies de an\u00e1lisis: recogen informaci\u00f3n el uso que se realiza de la web.<\/i><\/li>\n<li class=\"li4\"><i>Cookies publicitarias: recogen informaci\u00f3n sobre las preferencias y elecciones personales de los usuarios.<\/i><\/li>\n<li class=\"li4\"><i>Cookies de afiliados: permiten realizar un seguimiento de las visitas procedentes de otras webs, con las que el sitio web establece un contrato de afiliaci\u00f3n.<\/i><\/li>\n<\/ul>\n<p>&nbsp;<\/p>\n<h5 class=\"p4\"><strong>Tipos de Cookies Utilizadas por este Sitio Web<\/strong><\/h5>\n<p class=\"p4\"><i>Las cookies utilizadas en nuestro sitio web son de sesi\u00f3n y de terceros, y nos permiten almacenar y acceder a informaci\u00f3n relativa al idioma, el tipo de navegador utilizado, y otras caracter\u00edsticas generales predefinidas por el usuario, as\u00ed como seguir y analizar la actividad que lleva a cabo para mejorar y prestar nuestros servicios de una manera m\u00e1s eficiente y personalizada. Las cookies usadas tienen, en todo caso, car\u00e1cter temporal, con la \u00fanica finalidad de hacer m\u00e1s eficaz la navegaci\u00f3n. En ning\u00fan caso estas cookies proporcionan por s\u00ed mismas datos de car\u00e1cter personal y no se usan para la recogida de los mismos.<\/i><\/p>\n<p>&nbsp;<\/p>\n<p class=\"p4\">La utilizaci\u00f3n de las cookies ofrece ventajas, como por ejemplo:<\/p>\n<ul class=\"ul1\">\n<li class=\"li6\"><i>Facilita al usuario la navegaci\u00f3n y el acceso a los diferentes servicios que ofrece este sitio web<\/i><\/li>\n<li class=\"li6\"><i>Evita al usuario tener que configurar las caracter\u00edsticas generales predefinidas cada vez que accede al sitio web<\/i><\/li>\n<li class=\"li6\"><i>Favorece la mejora del funcionamiento y de los servicios prestados a trav\u00e9s de este sitio web, tras el correspondiente an\u00e1lisis de la informaci\u00f3n obtenida a trav\u00e9s de las cookies instaladas<\/i><\/li>\n<\/ul>\n<p>&nbsp;<\/p>\n<p class=\"p4\"><i>Al acceder a nuestra web se le informa que si sigue navegando se le instalar\u00e1n diversas cookies de terceros consintiendo as\u00ed la instalaci\u00f3n de determinadas cookies que tendr\u00e1n como \u00fanica finalidad la de registrar el acceso a nuestro sitio web para la realizaci\u00f3n de estad\u00edsticas an\u00f3nimas sobre las visitas, recopilando informaci\u00f3n siempre de forma an\u00f3nima. No es necesario que acepte la instalaci\u00f3n de estas cookies, podr\u00e1 navegar igualmente por toda nuestra web.<\/i><\/p>\n<p>&nbsp;<\/p>\n<p class=\"p4\"><i>En diversas secciones de nuestra web se podr\u00e1n instalar las siguiente cookies:<\/i><\/p>\n<p>&nbsp;<\/p>\n<p class=\"p6\"><i>Cookie de Google Analytics: Almacena cookies para poder elaborar estad\u00edsticas sobre el tr\u00e1fico y volumen de visitas de esta web. Al utilizar este sitio web est\u00e1 consintiendo el tratamiento de informaci\u00f3n acerca de usted por Google. Por tanto, el ejercicio de cualquier derecho en este sentido deber\u00e1 hacerlo comunicando directamente con Google.<\/i><\/p>\n<p>&nbsp;<\/p>\n<p class=\"p6\"><i>Cookie de Redes Sociales: Cada red social utiliza sus propias cookies para que usted pueda dar clic en botones del tipo Me gusta o Compartir.<\/i><\/p>\n<p>&nbsp;<\/p>\n<h5 class=\"p6\"><i>Desactivaci\u00f3n o Eliminaci\u00f3n de Cookies<\/i><\/h5>\n<p class=\"p6\"><i>En cualquier momento podr\u00e1 ejercer su derecho de desactivaci\u00f3n o eliminaci\u00f3n de cookies de este sitio web. Estas acciones se realizan de forma diferente en funci\u00f3n del navegador que est\u00e9 usando. Aqu\u00ed le dejamos una gu\u00eda r\u00e1pida para los navegadores m\u00e1s populares.<\/i><\/p>\n<p>&nbsp;<\/p>\n<h5 class=\"p4\"><i>\u00bfQu\u00e9 Ocurre si Desactivo las Cookies?<\/i><\/h5>\n<p class=\"p4\"><i>Para que entienda el alcance que puede tener desactivar las cookies le mostramos unos ejemplos:<\/i><\/p>\n<ul class=\"ul1\">\n<li class=\"li6\"><i>No podr\u00e1 compartir contenidos de esa web en Facebook, Instagram o cualquier otra red social.<\/i><\/li>\n<li class=\"li6\"><i>El sitio web no podr\u00e1 adaptar los contenidos a sus preferencias personales, como suele ocurrir en las tiendas Online.<\/i><\/li>\n<li class=\"li6\"><i>No podr\u00e1 acceder al \u00e1rea personal de esa web, como por ejemplo Mi cuenta, o Mi perfil o Mis pedidos.<\/i><\/li>\n<li class=\"li6\"><i>Tiendas online: Le ser\u00e1 imposible realizar compras online, tendr\u00e1n que ser telef\u00f3nicas o visitando la tienda f\u00edsica si es que dispone de ella.<\/i><\/li>\n<li class=\"li6\"><i>No ser\u00e1 posible personalizar sus preferencias geogr\u00e1ficas como franja horaria, divisa o idioma.<\/i><\/li>\n<li class=\"li6\"><i>El sitio web no podr\u00e1 realizar anal\u00edticas web sobre visitantes y tr\u00e1fico en la web, lo que dificultar\u00e1 que la web sea competitiva.<\/i><\/li>\n<li class=\"li6\"><i>No podr\u00e1 escribir en el blog, no podr\u00e1 subir fotos, publicar comentarios, valorar o puntuar contenidos. La web tampoco podr\u00e1 saber si usted es un humano o una aplicaci\u00f3n automatizada que publica spam.<\/i><\/li>\n<li class=\"li6\"><i>No se podr\u00e1 mostrar publicidad segmentada, lo que reducir\u00e1 los ingresos publicitarios de la web.<\/i><\/li>\n<li class=\"li6\"><i>Todas las redes sociales usan cookies, si las desactiva no podr\u00e1 utilizar ninguna red social.<\/i><\/li>\n<\/ul>\n<p>&nbsp;<\/p>\n<h5 class=\"p6\"><i>Importante considerar<\/i><\/h5>\n<p class=\"p6\"><i>Ni esta web ni sus representantes legales se hacen responsables ni del contenido ni de la veracidad de las pol\u00edticas de privacidad que puedan tener los terceros mencionados en esta pol\u00edtica de cookies.<\/i><\/p>\n<p>&nbsp;<\/p>\n<p class=\"p6\"><i>Los navegadores web son las herramientas encargadas de almacenar las cookies y desde este lugar debe efectuar su derecho a eliminaci\u00f3n o desactivaci\u00f3n de las mismas. Ni esta web ni sus representantes legales pueden garantizar la correcta o incorrecta manipulaci\u00f3n de las cookies por parte de los mencionados navegadores.<\/i><\/p>\n<p>&nbsp;<\/p>\n<p class=\"p6\"><i>En algunos casos es necesario instalar cookies para que el navegador no olvide su decisi\u00f3n de no aceptaci\u00f3n de las mismas.<\/i><\/p>\n<p>&nbsp;<\/p>\n<p class=\"p6\"><i>En el caso de las cookies de Google Analytics, esta empresa almacena las cookies en servidores ubicados en Estados Unidos y se compromete a no compartirla con terceros, excepto en los casos en los que sea necesario para el funcionamiento del sistema o cuando la ley obligue a tal efecto. Seg\u00fan Google no guarda su direcci\u00f3n IP. Google Inc. es una compa\u00f1\u00eda adherida al Acuerdo de Puerto Seguro que garantiza que todos los datos transferidos ser\u00e1n tratados con un nivel de protecci\u00f3n acorde a la normativa europea. Si desea informaci\u00f3n sobre el uso que Google da a las cookies le adjuntamos este <\/i><b><i>enlace.<\/i><\/b><\/p>\n<p>&nbsp;<\/p>\n<p class=\"p6\"><i>Para cualquier duda o consulta acerca de esta pol\u00edtica de cookies no dude en comunicarse con nosotros a trav\u00e9s de la secci\u00f3n de contacto.<\/i><\/p>\n<p class=\"p8\"><span class=\"s1\"><i>Enlace: <\/i><\/span><a href=\"https:\/\/developers.google.com\/analytics\/devguides\/collection\/analyticsjs\/cookie-usage?hl=es&amp;csw=1\">https:\/\/developers.google.com\/analytics\/devguides\/collection\/analyticsjs\/cookie-usage?hl=es&amp;csw=1<\/a><i> <\/i><\/p>\n","protected":false},"excerpt":{"rendered":"<p>Techmaster de M\u00e9xico tiene una pol\u00edtica de cookies en el sitio oficial de Techmaster de M\u00e9xico www.techmasterdemexico.com &nbsp; \u00bfQu\u00e9 son las Cookies? Una cookie es un fichero que se descarga en su ordenador al acceder a determinadas p\u00e1ginas web. Las cookies permiten a una p\u00e1gina web, entre otras cosas, almacenar y recuperar informaci\u00f3n sobre las [&hellip;]<\/p>\n","protected":false},"author":1,"featured_media":0,"parent":0,"menu_order":0,"comment_status":"closed","ping_status":"closed","template":"template-nosidebar.php","meta":{"_acf_changed":false,"footnotes":""},"class_list":["post-19429","page","type-page","status-publish","hentry"],"acf":[],"yoast_head":"<!-- This site is optimized with the Yoast SEO plugin v27.4 - https:\/\/yoast.com\/product\/yoast-seo-wordpress\/ -->\n<title>Pol\u00edticas de Cookies - Techmaster de Mexico<\/title>\n<meta name=\"robots\" content=\"index, follow, max-snippet:-1, max-image-preview:large, max-video-preview:-1\" \/>\n<link rel=\"canonical\" href=\"https:\/\/techmasterdemexico.com\/politicas-de-cookies\/\" \/>\n<meta property=\"og:locale\" content=\"en_US\" \/>\n<meta property=\"og:type\" content=\"article\" \/>\n<meta property=\"og:title\" content=\"Pol\u00edticas de Cookies - Techmaster de Mexico\" \/>\n<meta property=\"og:description\" content=\"Techmaster de M\u00e9xico tiene una pol\u00edtica de cookies en el sitio oficial de Techmaster de M\u00e9xico www.techmasterdemexico.com &nbsp; \u00bfQu\u00e9 son las Cookies? Una cookie es un fichero que se descarga en su ordenador al acceder a determinadas p\u00e1ginas web. Las cookies permiten a una p\u00e1gina web, entre otras cosas, almacenar y recuperar informaci\u00f3n sobre las [&hellip;]\" \/>\n<meta property=\"og:url\" content=\"https:\/\/techmasterdemexico.com\/politicas-de-cookies\/\" \/>\n<meta property=\"og:site_name\" content=\"Techmaster de Mexico\" \/>\n<meta property=\"article:modified_time\" content=\"2022-05-14T01:11:50+00:00\" \/>\n<meta name=\"twitter:card\" content=\"summary_large_image\" \/>\n<meta name=\"twitter:label1\" content=\"Est. reading time\" \/>\n\t<meta name=\"twitter:data1\" content=\"7 minutes\" \/>\n<script type=\"application\/ld+json\" class=\"yoast-schema-graph\">{\"@context\":\"https:\\\/\\\/schema.org\",\"@graph\":[{\"@type\":\"WebPage\",\"@id\":\"https:\\\/\\\/techmasterdemexico.com\\\/politicas-de-cookies\\\/\",\"url\":\"https:\\\/\\\/techmasterdemexico.com\\\/politicas-de-cookies\\\/\",\"name\":\"Pol\u00edticas de Cookies - Techmaster de Mexico\",\"isPartOf\":{\"@id\":\"https:\\\/\\\/techmasterdemexico.com\\\/#website\"},\"datePublished\":\"2022-05-14T01:09:15+00:00\",\"dateModified\":\"2022-05-14T01:11:50+00:00\",\"breadcrumb\":{\"@id\":\"https:\\\/\\\/techmasterdemexico.com\\\/politicas-de-cookies\\\/#breadcrumb\"},\"inLanguage\":\"en-US\",\"potentialAction\":[{\"@type\":\"ReadAction\",\"target\":[\"https:\\\/\\\/techmasterdemexico.com\\\/politicas-de-cookies\\\/\"]}]},{\"@type\":\"BreadcrumbList\",\"@id\":\"https:\\\/\\\/techmasterdemexico.com\\\/politicas-de-cookies\\\/#breadcrumb\",\"itemListElement\":[{\"@type\":\"ListItem\",\"position\":1,\"name\":\"Portada\",\"item\":\"https:\\\/\\\/techmasterdemexico.com\\\/\"},{\"@type\":\"ListItem\",\"position\":2,\"name\":\"Pol\u00edticas de Cookies\"}]},{\"@type\":\"WebSite\",\"@id\":\"https:\\\/\\\/techmasterdemexico.com\\\/#website\",\"url\":\"https:\\\/\\\/techmasterdemexico.com\\\/\",\"name\":\"Techmaster de Mexico\",\"description\":\"\",\"potentialAction\":[{\"@type\":\"SearchAction\",\"target\":{\"@type\":\"EntryPoint\",\"urlTemplate\":\"https:\\\/\\\/techmasterdemexico.com\\\/?s={search_term_string}\"},\"query-input\":{\"@type\":\"PropertyValueSpecification\",\"valueRequired\":true,\"valueName\":\"search_term_string\"}}],\"inLanguage\":\"en-US\"}]}<\/script>\n<!-- \/ Yoast SEO plugin. -->","yoast_head_json":{"title":"Pol\u00edticas de Cookies - Techmaster de Mexico","robots":{"index":"index","follow":"follow","max-snippet":"max-snippet:-1","max-image-preview":"max-image-preview:large","max-video-preview":"max-video-preview:-1"},"canonical":"https:\/\/techmasterdemexico.com\/politicas-de-cookies\/","og_locale":"en_US","og_type":"article","og_title":"Pol\u00edticas de Cookies - Techmaster de Mexico","og_description":"Techmaster de M\u00e9xico tiene una pol\u00edtica de cookies en el sitio oficial de Techmaster de M\u00e9xico www.techmasterdemexico.com &nbsp; \u00bfQu\u00e9 son las Cookies? Una cookie es un fichero que se descarga en su ordenador al acceder a determinadas p\u00e1ginas web. Las cookies permiten a una p\u00e1gina web, entre otras cosas, almacenar y recuperar informaci\u00f3n sobre las [&hellip;]","og_url":"https:\/\/techmasterdemexico.com\/politicas-de-cookies\/","og_site_name":"Techmaster de Mexico","article_modified_time":"2022-05-14T01:11:50+00:00","twitter_card":"summary_large_image","twitter_misc":{"Est. reading time":"7 minutes"},"schema":{"@context":"https:\/\/schema.org","@graph":[{"@type":"WebPage","@id":"https:\/\/techmasterdemexico.com\/politicas-de-cookies\/","url":"https:\/\/techmasterdemexico.com\/politicas-de-cookies\/","name":"Pol\u00edticas de Cookies - Techmaster de Mexico","isPartOf":{"@id":"https:\/\/techmasterdemexico.com\/#website"},"datePublished":"2022-05-14T01:09:15+00:00","dateModified":"2022-05-14T01:11:50+00:00","breadcrumb":{"@id":"https:\/\/techmasterdemexico.com\/politicas-de-cookies\/#breadcrumb"},"inLanguage":"en-US","potentialAction":[{"@type":"ReadAction","target":["https:\/\/techmasterdemexico.com\/politicas-de-cookies\/"]}]},{"@type":"BreadcrumbList","@id":"https:\/\/techmasterdemexico.com\/politicas-de-cookies\/#breadcrumb","itemListElement":[{"@type":"ListItem","position":1,"name":"Portada","item":"https:\/\/techmasterdemexico.com\/"},{"@type":"ListItem","position":2,"name":"Pol\u00edticas de Cookies"}]},{"@type":"WebSite","@id":"https:\/\/techmasterdemexico.com\/#website","url":"https:\/\/techmasterdemexico.com\/","name":"Techmaster de Mexico","description":"","potentialAction":[{"@type":"SearchAction","target":{"@type":"EntryPoint","urlTemplate":"https:\/\/techmasterdemexico.com\/?s={search_term_string}"},"query-input":{"@type":"PropertyValueSpecification","valueRequired":true,"valueName":"search_term_string"}}],"inLanguage":"en-US"}]}},"_links":{"self":[{"href":"https:\/\/techmasterdemexico.com\/en\/wp-json\/wp\/v2\/pages\/19429","targetHints":{"allow":["GET"]}}],"collection":[{"href":"https:\/\/techmasterdemexico.com\/en\/wp-json\/wp\/v2\/pages"}],"about":[{"href":"https:\/\/techmasterdemexico.com\/en\/wp-json\/wp\/v2\/types\/page"}],"author":[{"embeddable":true,"href":"https:\/\/techmasterdemexico.com\/en\/wp-json\/wp\/v2\/users\/1"}],"replies":[{"embeddable":true,"href":"https:\/\/techmasterdemexico.com\/en\/wp-json\/wp\/v2\/comments?post=19429"}],"version-history":[{"count":3,"href":"https:\/\/techmasterdemexico.com\/en\/wp-json\/wp\/v2\/pages\/19429\/revisions"}],"predecessor-version":[{"id":19432,"href":"https:\/\/techmasterdemexico.com\/en\/wp-json\/wp\/v2\/pages\/19429\/revisions\/19432"}],"wp:attachment":[{"href":"https:\/\/techmasterdemexico.com\/en\/wp-json\/wp\/v2\/media?parent=19429"}],"curies":[{"name":"wp","href":"https:\/\/api.w.org\/{rel}","templated":true}]}}