{"id":1243,"date":"2019-12-27T19:59:21","date_gmt":"2019-12-27T19:59:21","guid":{"rendered":"http:\/\/localhost\/techmaster-mexico\/?page_id=170"},"modified":"2024-03-12T14:28:44","modified_gmt":"2024-03-12T21:28:44","slug":"servicio-de-calibracion","status":"publish","type":"page","link":"https:\/\/techmasterdemexico.com\/en\/servicios\/servicio-de-calibracion\/","title":{"rendered":"Servicio de calibracion"},"content":{"rendered":"","protected":false},"excerpt":{"rendered":"","protected":false},"author":1,"featured_media":0,"parent":100,"menu_order":0,"comment_status":"closed","ping_status":"closed","template":"template-services-calibracion.php","meta":{"_acf_changed":false,"footnotes":""},"class_list":["post-1243","page","type-page","status-publish","hentry"],"acf":[],"yoast_head":"<!-- This site is optimized with the Yoast SEO plugin v27.2 - https:\/\/yoast.com\/product\/yoast-seo-wordpress\/ -->\n<title>Servicio de calibracion - Techmaster de Mexico<\/title>\n<meta name=\"description\" content=\"Nuestro laboratorio de Metrolog\u00eda cuenta con la m\u00e1s alta capacidad t\u00e9cnica. Calibraci\u00f3n acreditada bajo la Norma ISO 17025:2017.\" \/>\n<meta name=\"robots\" content=\"index, follow, max-snippet:-1, max-image-preview:large, max-video-preview:-1\" \/>\n<link rel=\"canonical\" href=\"https:\/\/techmasterdemexico.com\/servicios\/servicio-de-calibracion\/\" \/>\n<meta property=\"og:locale\" content=\"en_US\" \/>\n<meta property=\"og:type\" content=\"article\" \/>\n<meta property=\"og:title\" content=\"Servicio de calibracion - Techmaster de Mexico\" \/>\n<meta property=\"og:description\" content=\"Nuestro laboratorio de Metrolog\u00eda cuenta con la m\u00e1s alta capacidad t\u00e9cnica. Calibraci\u00f3n acreditada bajo la Norma ISO 17025:2017.\" \/>\n<meta property=\"og:url\" content=\"https:\/\/techmasterdemexico.com\/servicios\/servicio-de-calibracion\/\" \/>\n<meta property=\"og:site_name\" content=\"Techmaster de Mexico\" \/>\n<meta property=\"article:modified_time\" content=\"2024-03-12T21:28:44+00:00\" \/>\n<meta name=\"twitter:card\" content=\"summary_large_image\" \/>\n<script type=\"application\/ld+json\" class=\"yoast-schema-graph\">{\"@context\":\"https:\/\/schema.org\",\"@graph\":[{\"@type\":\"WebPage\",\"@id\":\"https:\/\/techmasterdemexico.com\/servicios\/servicio-de-calibracion\/\",\"url\":\"https:\/\/techmasterdemexico.com\/servicios\/servicio-de-calibracion\/\",\"name\":\"Servicio de calibracion - Techmaster de Mexico\",\"isPartOf\":{\"@id\":\"https:\/\/techmasterdemexico.com\/#website\"},\"datePublished\":\"2019-12-27T19:59:21+00:00\",\"dateModified\":\"2024-03-12T21:28:44+00:00\",\"description\":\"Nuestro laboratorio de Metrolog\u00eda cuenta con la m\u00e1s alta capacidad t\u00e9cnica. Calibraci\u00f3n acreditada bajo la Norma ISO 17025:2017.\",\"breadcrumb\":{\"@id\":\"https:\/\/techmasterdemexico.com\/servicios\/servicio-de-calibracion\/#breadcrumb\"},\"inLanguage\":\"en-US\",\"potentialAction\":[{\"@type\":\"ReadAction\",\"target\":[\"https:\/\/techmasterdemexico.com\/servicios\/servicio-de-calibracion\/\"]}]},{\"@type\":\"BreadcrumbList\",\"@id\":\"https:\/\/techmasterdemexico.com\/servicios\/servicio-de-calibracion\/#breadcrumb\",\"itemListElement\":[{\"@type\":\"ListItem\",\"position\":1,\"name\":\"Portada\",\"item\":\"https:\/\/techmasterdemexico.com\/\"},{\"@type\":\"ListItem\",\"position\":2,\"name\":\"Servicios\",\"item\":\"https:\/\/techmasterdemexico.com\/servicios\/\"},{\"@type\":\"ListItem\",\"position\":3,\"name\":\"Servicio de calibracion\"}]},{\"@type\":\"WebSite\",\"@id\":\"https:\/\/techmasterdemexico.com\/#website\",\"url\":\"https:\/\/techmasterdemexico.com\/\",\"name\":\"Techmaster de Mexico\",\"description\":\"\",\"potentialAction\":[{\"@type\":\"SearchAction\",\"target\":{\"@type\":\"EntryPoint\",\"urlTemplate\":\"https:\/\/techmasterdemexico.com\/?s={search_term_string}\"},\"query-input\":{\"@type\":\"PropertyValueSpecification\",\"valueRequired\":true,\"valueName\":\"search_term_string\"}}],\"inLanguage\":\"en-US\"}]}<\/script>\n<!-- \/ Yoast SEO plugin. -->","yoast_head_json":{"title":"Servicio de calibracion - Techmaster de Mexico","description":"Nuestro laboratorio de Metrolog\u00eda cuenta con la m\u00e1s alta capacidad t\u00e9cnica. Calibraci\u00f3n acreditada bajo la Norma ISO 17025:2017.","robots":{"index":"index","follow":"follow","max-snippet":"max-snippet:-1","max-image-preview":"max-image-preview:large","max-video-preview":"max-video-preview:-1"},"canonical":"https:\/\/techmasterdemexico.com\/servicios\/servicio-de-calibracion\/","og_locale":"en_US","og_type":"article","og_title":"Servicio de calibracion - Techmaster de Mexico","og_description":"Nuestro laboratorio de Metrolog\u00eda cuenta con la m\u00e1s alta capacidad t\u00e9cnica. Calibraci\u00f3n acreditada bajo la Norma ISO 17025:2017.","og_url":"https:\/\/techmasterdemexico.com\/servicios\/servicio-de-calibracion\/","og_site_name":"Techmaster de Mexico","article_modified_time":"2024-03-12T21:28:44+00:00","twitter_card":"summary_large_image","schema":{"@context":"https:\/\/schema.org","@graph":[{"@type":"WebPage","@id":"https:\/\/techmasterdemexico.com\/servicios\/servicio-de-calibracion\/","url":"https:\/\/techmasterdemexico.com\/servicios\/servicio-de-calibracion\/","name":"Servicio de calibracion - Techmaster de Mexico","isPartOf":{"@id":"https:\/\/techmasterdemexico.com\/#website"},"datePublished":"2019-12-27T19:59:21+00:00","dateModified":"2024-03-12T21:28:44+00:00","description":"Nuestro laboratorio de Metrolog\u00eda cuenta con la m\u00e1s alta capacidad t\u00e9cnica. Calibraci\u00f3n acreditada bajo la Norma ISO 17025:2017.","breadcrumb":{"@id":"https:\/\/techmasterdemexico.com\/servicios\/servicio-de-calibracion\/#breadcrumb"},"inLanguage":"en-US","potentialAction":[{"@type":"ReadAction","target":["https:\/\/techmasterdemexico.com\/servicios\/servicio-de-calibracion\/"]}]},{"@type":"BreadcrumbList","@id":"https:\/\/techmasterdemexico.com\/servicios\/servicio-de-calibracion\/#breadcrumb","itemListElement":[{"@type":"ListItem","position":1,"name":"Portada","item":"https:\/\/techmasterdemexico.com\/"},{"@type":"ListItem","position":2,"name":"Servicios","item":"https:\/\/techmasterdemexico.com\/servicios\/"},{"@type":"ListItem","position":3,"name":"Servicio de calibracion"}]},{"@type":"WebSite","@id":"https:\/\/techmasterdemexico.com\/#website","url":"https:\/\/techmasterdemexico.com\/","name":"Techmaster de Mexico","description":"","potentialAction":[{"@type":"SearchAction","target":{"@type":"EntryPoint","urlTemplate":"https:\/\/techmasterdemexico.com\/?s={search_term_string}"},"query-input":{"@type":"PropertyValueSpecification","valueRequired":true,"valueName":"search_term_string"}}],"inLanguage":"en-US"}]}},"_links":{"self":[{"href":"https:\/\/techmasterdemexico.com\/en\/wp-json\/wp\/v2\/pages\/1243","targetHints":{"allow":["GET"]}}],"collection":[{"href":"https:\/\/techmasterdemexico.com\/en\/wp-json\/wp\/v2\/pages"}],"about":[{"href":"https:\/\/techmasterdemexico.com\/en\/wp-json\/wp\/v2\/types\/page"}],"author":[{"embeddable":true,"href":"https:\/\/techmasterdemexico.com\/en\/wp-json\/wp\/v2\/users\/1"}],"replies":[{"embeddable":true,"href":"https:\/\/techmasterdemexico.com\/en\/wp-json\/wp\/v2\/comments?post=1243"}],"version-history":[{"count":1,"href":"https:\/\/techmasterdemexico.com\/en\/wp-json\/wp\/v2\/pages\/1243\/revisions"}],"predecessor-version":[{"id":20559,"href":"https:\/\/techmasterdemexico.com\/en\/wp-json\/wp\/v2\/pages\/1243\/revisions\/20559"}],"up":[{"embeddable":true,"href":"https:\/\/techmasterdemexico.com\/en\/wp-json\/wp\/v2\/pages\/100"}],"wp:attachment":[{"href":"https:\/\/techmasterdemexico.com\/en\/wp-json\/wp\/v2\/media?parent=1243"}],"curies":[{"name":"wp","href":"https:\/\/api.w.org\/{rel}","templated":true}]}}